{"id":14464,"date":"2020-03-25T08:14:28","date_gmt":"2020-03-25T07:14:28","guid":{"rendered":"http:\/\/unfallforensik.com\/kfz\/?page_id=14464"},"modified":"2020-03-25T12:46:38","modified_gmt":"2020-03-25T11:46:38","slug":"nebenklaeger-strafprozess-gutachter","status":"publish","type":"page","link":"https:\/\/unfallforensik.com\/kfz\/nebenklaeger-strafprozess-gutachter\/","title":{"rendered":"Nebenkl\u00e4ger Strafprozess Gutachter"},"content":{"rendered":"<p>[vc_row][vc_column][vc_column_text]<strong>Als Nebenkl\u00e4ger in einem Strafprozess nach einem Verkehrsunfall sollten sie einen Sachverst\u00e4ndigen zur Wahrnehmung ihrer Interessen beauftragen.<\/strong><\/p>\n<p><em>Als\u00a0<b>Nebenklage<\/b>\u00a0wird im\u00a0<a class=\"mw-redirect\" title=\"Strafverfahrensrecht (Deutschland)\" href=\"httpss:\/\/de.wikipedia.org\/wiki\/Strafverfahrensrecht_(Deutschland)\">Strafverfahrensrecht Deutschlands<\/a>\u00a0die Teilnahme (Anschluss) des Gesch\u00e4digten oder seines Rechtsnachfolgers an der Anklage der Staatsanwaltschaft im Strafverfahren bezeichnet. Sie stellt neben der\u00a0<a title=\"Privatklage\" href=\"httpss:\/\/de.wikipedia.org\/wiki\/Privatklage\">Privatklage<\/a>\u00a0eine Ausnahme von dem im Strafverfahren geltenden\u00a0Strafverfolgungsmonopol\u00a0des Staates (<a title=\"Offizialmaxime\" href=\"httpss:\/\/de.wikipedia.org\/wiki\/Offizialmaxime\">Offizialmaxime<\/a>) dar, weshalb sie nur bei der Verfolgung bestimmter Straftaten zul\u00e4ssig ist. Anders als bei der strafprozessualen Privatklage, bei der keine\u00a0\u00f6ffentliche\u00a0Anklage vorliegt, schlie\u00dft sich der Nebenkl\u00e4ger der Anklage der Staatsanwaltschaft an. Hierdurch erh\u00e4lt der Gesch\u00e4digte die Rolle eines Nebenkl\u00e4gers. Dabei werden dem Nebenkl\u00e4ger bestimmte Rechte einger\u00e4umt, wie etwa die st\u00e4ndige Anwesenheit in der Hauptverhandlung sowie das Recht, Zeugen und den Angeklagten zu befragen.<\/em><\/p>\n<p><em>Von der Nebenklage unterschieden werden muss das\u00a0<a title=\"Adh\u00e4sionsverfahren\" href=\"httpss:\/\/de.wikipedia.org\/wiki\/Adh%C3%A4sionsverfahren\" target=\"_blank\" rel=\"noopener noreferrer\">Adh\u00e4sionsverfahren<\/a>, bei dem es um die Geltendmachung zivilrechtlicher Schadensersatzanspr\u00fcche aus der Straftat im Rahmen des Strafverfahrens geht, das aber, eben weil es um zivilrechtliche Anspr\u00fcche geht, von der Nebenklage, bei der das Ziel die strafrechtliche Verurteilung des Angeklagten ist, g\u00e4nzlich anderen Grunds\u00e4tzen unterliegt.<\/em><\/p>\n<p><strong>Es liegt in der Natur der Nebenklage ein Maximum des rechtlichen Rahmens einer Verurteilung zu f\u00f6rdern, um dieses in einem sp\u00e4terem Verfahren als Schadensersatz geltend zu machen.<\/strong>[\/vc_column_text][\/vc_column][\/vc_row][vc_row][vc_column width=&#8220;2\/3&#8243;][vc_column_text]<\/p>\n<h4>Hinterbliebenengeld nach einem Verkehrsunfall<\/h4>\n<p>Das Hinterbliebenengeld wurde am 22.07.2017 in den <a href=\"httpss:\/\/www.gesetze-im-internet.de\/bgb\/__844.html\" target=\"_blank\" rel=\"noopener noreferrer\">\u00a7 844 Absatz 3 BGB<\/a>\u00a0 eingef\u00fchrt. Der Mindestbetrag liegt nach aktuellen Einzelurteilen zwischen 10.000-73.000 Euro. Die Bewertung des Einzelfalls ist abh\u00e4ngig von der strafrechtlichen W\u00fcrdigung des Vorverfahrens.<\/p>\n<p><strong>weiterf\u00fchrende Links:<\/strong><\/p>\n<p>httpss:\/\/www.ra-samimi.de\/hinterbliebenengeld\/<\/p>\n<p><a href=\"httpss:\/\/www.advocado.de\/ratgeber\/schmerzensgeldrecht\/unfall\/schmerzensgeld-unfalltod.html\" target=\"_blank\" rel=\"noopener noreferrer\">httpss:\/\/www.advocado.de\/ratgeber\/schmerzensgeldrecht\/unfall\/schmerzensgeld-unfalltod.html<\/a><\/p>\n<p>[\/vc_column_text][\/vc_column][vc_column width=&#8220;1\/3&#8243;][vc_single_image image=&#8220;14472&#8243; img_size=&#8220;full&#8220;][\/vc_column][\/vc_row][vc_row][vc_column][vc_message color=&#8220;info&#8220;]Die Kostentragungspflicht f\u00fcr die\u00a0<b>Kosten der Nebenklage<\/b> regelt \u00a7 472 StPO. Wird der Angeklagte frei gesprochen, tr\u00e4gt nach \u00a7 467 StPO die Staatskasse die <b>Kosten<\/b> des Verfahrens und die notwendigen Auslagen des Angeklagten. Die Verteidigung des Angeklagten kann Gegenbeweise und Beweisantr\u00e4ge erst in der m\u00fcndlichen Verhandlung stellen. In diesem Fall k\u00f6nnen Zweifel entstehen und es kommt zu einer Einstellung des Verfahrens.<\/p>\n<p><strong>In diesem Fall muss der Nebenkl\u00e4ger seine notwendigen Auslagen selbst tragen.<\/strong><\/p>\n<p>Ziel der Nebenklage nach einem Unfall sollte es sein, die Kosten der Nebenklage auf den Angeklagten abzuw\u00e4lzen. Hierzu z\u00e4hlen auch die Kosten eines Sachverst\u00e4ndigen, denn der Jurist der Nebenklage ist in der Unfallrekonstruktion ein Laie.[\/vc_message][vc_single_image image=&#8220;14475&#8243; img_size=&#8220;full&#8220;][vc_column_text]Es gibt zahlreiche Beispiele aus der Praxis, warum man als Nebenkl\u00e4ger bei Verkehrsunf\u00e4llen keineswegs auf einen eigenen Sachverst\u00e4ndigen f\u00fcr Unfallrekonstruktion verzichten sollte. Auch den Hinterbliebenen steht das Recht zu, das <a href=\"https:\/\/unfallforensik.com\/kfz\/gegengutachten-strafverfahren\/\">Gutachten der Staatsanwaltschaft<\/a> pr\u00fcfen zu lassen und bedarfsgerecht juristische Konsequenzen intensiver darzustellen.<\/p>\n<p><strong>Die nachfolgenden F\u00e4lle sind ein Beispiel, wo Opfer zum T\u00e4ter gemacht wurden. In allen F\u00e4llen waren die <\/strong><em>&#8222;Messen bereits gesungen&#8220;<\/em>[\/vc_column_text][\/vc_column][\/vc_row][vc_row][vc_column][vc_column_text]<\/p>\n<h4>Beispiel 1<\/h4>\n<p>Im Beispiel 1 kam es zu einem t\u00f6dlichen Verkehrsunfall, bei dem die Beifahrerin get\u00f6tet wurde. Das Fahrzeug bog nach links ab. Das entgegenkommende Fahrzeug wurde vom Sachverst\u00e4ndigen der Staatsanwaltschaft auf 80 km\/h bei erlaubten 50 km\/h innerorts gesch\u00e4tzt.<\/p>\n<p>In der m\u00fcndlichen Verhandlung revidierte der Sachverst\u00e4ndige seine Aussage auf Nachfrage der Verteidigung und sagte: &#8222;er h\u00e4tte es nur angenommen, aber beweisen kann er die Aussage nicht.&#8220;<\/p>\n<p><span style=\"color: #ff0000;\">Einstellung nach 153a, da die \u00fcberh\u00f6hte Geschwindigkeit nicht nachgewiesen wurde.<\/span><\/p>\n<p><span style=\"color: #0000ff;\">Die Pr\u00fcfung des Gutachtens ergab sogar eine nachweisbare Geschwindigkeit von 101 km\/h. Das Verfahren war abgeschlossen. Die Pr\u00fcfung des Gutachtens erfolgte, da der Nebenkl\u00e4ger als Ehemann den PKW fuhr.<\/span>[\/vc_column_text][\/vc_column][\/vc_row][vc_row][vc_column][vc_column_text]<\/p>\n<h4>Beispiel 2<\/h4>\n<p>Im Beispiel 2 handelt es sich, um einen get\u00f6teten Motorrradfahrer. Dieser befand sich innerorts auf der Hauptstra\u00dfe als ein Fahrzeug von links aus der Querstra\u00dfe einbog.<\/p>\n<p>Die Unfallrekonstruktion war eindeutig und klar. Der einbiegende PKW fuhr 23 km\/h und der Motorradfahrer fuhr 73 km\/h.<\/p>\n<p><span style=\"color: #ff0000;\">Einstellung nach 153a, da dem PKW Fahrer keine Fahrl\u00e4ssigkeit unterstellt werden konnte. Das Motorrad war eindeutig zu schnell.<\/span><\/p>\n<p><span style=\"color: #0000ff;\">Die Pr\u00fcfung des Gutachtens best\u00e4tigte die Erkenntnis des Sachverst\u00e4ndigen der Staatsanwaltschaft. <strong>Folgende Problematik wurde aber nicht bedacht.<\/strong> Die Unfallspuren wiesen auf ein Verz\u00f6gern des PKW`s hin, hingegen das Motorrad kurz vorher erst beschleunigt wurde. Das Motorrad fuhr vor der Kollision in der zul\u00e4ssigen Geschwindigkeit, reagierte auf den schnell einfahrenden PKW mit Beschleunigung, da der Unfall sonst auch nicht vermieden worden w\u00e4re. Der PKW reagierte ebenfalls auf das Motorrad und konnte den Unfall auch nicht vermeiden und lenkte scharf links ein, um die Kollision zu vermeiden. Das Motorrad kollidierte gegen das ausstehenden rechte Rad.<\/span><\/p>\n<p><strong><span style=\"color: #0000ff;\">Die R\u00fcckrechnung f\u00fcr den PKW ergab eine Ausgangsgeschwindigkeit von 48 km\/h, aus einer verkehrsberuhigten Stra\u00dfe mit h\u00f6chstzul\u00e4ssigen 30 km\/h. Das Stoppschild und die Haltelinie wurden missachtet.<\/span><\/strong>[\/vc_column_text][\/vc_column][\/vc_row][vc_row][vc_column][vc_column_text]In den n\u00e4chsten Tagen folgende weitere Beispiele aus der realen Praxis, wo Nebenkl\u00e4gern ihre Erwartungen nicht erf\u00fcllt wurden.<\/p>\n<h2>Ich pr\u00fcfe vorab -kostenlos und unverbindlich-<\/h2>\n<p>[\/vc_column_text][\/vc_column][\/vc_row]<\/p>\n","protected":false},"excerpt":{"rendered":"<p>[vc_row][vc_column][vc_column_text]Als Nebenkl\u00e4ger in einem Strafprozess nach einem Verkehrsunfall sollten sie einen Sachverst\u00e4ndigen zur Wahrnehmung ihrer Interessen beauftragen. Als\u00a0Nebenklage\u00a0wird im\u00a0Strafverfahrensrecht Deutschlands\u00a0die Teilnahme (Anschluss) des Gesch\u00e4digten oder seines Rechtsnachfolgers an der Anklage der Staatsanwaltschaft im Strafverfahren bezeichnet. Sie stellt neben der\u00a0Privatklage\u00a0eine Ausnahme von dem im Strafverfahren geltenden\u00a0Strafverfolgungsmonopol\u00a0des Staates (Offizialmaxime) dar, weshalb sie nur bei der Verfolgung bestimmter&hellip;<\/p>\n","protected":false},"author":1,"featured_media":0,"parent":0,"menu_order":0,"comment_status":"closed","ping_status":"closed","template":"","meta":{"footnotes":""},"class_list":["post-14464","page","type-page","status-publish","hentry","description-off"],"yoast_head":"<!-- This site is optimized with the Yoast SEO Premium plugin v24.9 (Yoast SEO v24.9) - https:\/\/yoast.com\/wordpress\/plugins\/seo\/ -->\n<title>Nebenkl\u00e4ger Strafprozess Gutachter - Sachverst\u00e4ndiger Nebenklage Gutachter nach Unfall<\/title>\n<meta name=\"description\" content=\"Als Nebenkl\u00e4ger in einem Strafprozess nach einem Verkehrsunfall sollten Sie einen eigenen Sachverst\u00e4ndigen als Gutachter beauftragen. Mehr Hinweise....\" \/>\n<meta name=\"robots\" content=\"index, follow, max-snippet:-1, max-image-preview:large, max-video-preview:-1\" \/>\n<link rel=\"canonical\" href=\"https:\/\/unfallforensik.com\/kfz\/nebenklaeger-strafprozess-gutachter\/\" \/>\n<meta property=\"og:locale\" content=\"de_DE\" \/>\n<meta property=\"og:type\" content=\"article\" \/>\n<meta property=\"og:title\" content=\"Nebenkl\u00e4ger Strafprozess Gutachter\" \/>\n<meta property=\"og:description\" content=\"Als Nebenkl\u00e4ger in einem Strafprozess nach einem Verkehrsunfall sollten Sie einen eigenen Sachverst\u00e4ndigen als Gutachter beauftragen. Mehr Hinweise....\" \/>\n<meta property=\"og:url\" content=\"https:\/\/unfallforensik.com\/kfz\/nebenklaeger-strafprozess-gutachter\/\" \/>\n<meta property=\"og:site_name\" content=\"KFZ Gutachter Unfallforensik, unfallanalytisches Gutachten, Unfallanalyse, Sachverst\u00e4ndiger, Unfallrekonstruktion\" \/>\n<meta property=\"article:modified_time\" content=\"2020-03-25T11:46:38+00:00\" \/>\n<meta property=\"og:image\" content=\"https:\/\/unfallforensik.com\/kfz\/wp-content\/uploads\/2020\/03\/sachverstaendiger_nebenklage.jpg\" \/>\n\t<meta property=\"og:image:width\" content=\"1200\" \/>\n\t<meta property=\"og:image:height\" content=\"800\" \/>\n\t<meta property=\"og:image:type\" content=\"image\/jpeg\" \/>\n<meta name=\"twitter:card\" content=\"summary_large_image\" \/>\n<meta name=\"twitter:label1\" content=\"Gesch\u00e4tzte Lesezeit\" \/>\n\t<meta name=\"twitter:data1\" content=\"5\u00a0Minuten\" \/>\n<script type=\"application\/ld+json\" class=\"yoast-schema-graph\">{\"@context\":\"https:\/\/schema.org\",\"@graph\":[{\"@type\":\"WebPage\",\"@id\":\"https:\/\/unfallforensik.com\/kfz\/nebenklaeger-strafprozess-gutachter\/\",\"url\":\"https:\/\/unfallforensik.com\/kfz\/nebenklaeger-strafprozess-gutachter\/\",\"name\":\"Nebenkl\u00e4ger Strafprozess Gutachter - Sachverst\u00e4ndiger Nebenklage Gutachter nach Unfall\",\"isPartOf\":{\"@id\":\"https:\/\/unfallforensik.com\/kfz\/#website\"},\"datePublished\":\"2020-03-25T07:14:28+00:00\",\"dateModified\":\"2020-03-25T11:46:38+00:00\",\"description\":\"Als Nebenkl\u00e4ger in einem Strafprozess nach einem Verkehrsunfall sollten Sie einen eigenen Sachverst\u00e4ndigen als Gutachter beauftragen. Mehr Hinweise....\",\"breadcrumb\":{\"@id\":\"https:\/\/unfallforensik.com\/kfz\/nebenklaeger-strafprozess-gutachter\/#breadcrumb\"},\"inLanguage\":\"de\",\"potentialAction\":[{\"@type\":\"ReadAction\",\"target\":[\"https:\/\/unfallforensik.com\/kfz\/nebenklaeger-strafprozess-gutachter\/\"]}]},{\"@type\":\"BreadcrumbList\",\"@id\":\"https:\/\/unfallforensik.com\/kfz\/nebenklaeger-strafprozess-gutachter\/#breadcrumb\",\"itemListElement\":[{\"@type\":\"ListItem\",\"position\":1,\"name\":\"Home\",\"item\":\"https:\/\/unfallforensik.com\/kfz\/\"},{\"@type\":\"ListItem\",\"position\":2,\"name\":\"Nebenkl\u00e4ger Strafprozess Gutachter\"}]},{\"@type\":\"WebSite\",\"@id\":\"https:\/\/unfallforensik.com\/kfz\/#website\",\"url\":\"https:\/\/unfallforensik.com\/kfz\/\",\"name\":\"KFZ Gutachter Unfallforensik, unfallanalytisches Gutachten, Unfallanalyse, Sachverst\u00e4ndiger, Unfallrekonstruktion\",\"description\":\"KFZ Gutachter,Unfallschaden,Unfallrekonstruktion,unfallanalytisches Verfahren\",\"publisher\":{\"@id\":\"https:\/\/unfallforensik.com\/kfz\/#organization\"},\"potentialAction\":[{\"@type\":\"SearchAction\",\"target\":{\"@type\":\"EntryPoint\",\"urlTemplate\":\"https:\/\/unfallforensik.com\/kfz\/?s={search_term_string}\"},\"query-input\":{\"@type\":\"PropertyValueSpecification\",\"valueRequired\":true,\"valueName\":\"search_term_string\"}}],\"inLanguage\":\"de\"},{\"@type\":\"Organization\",\"@id\":\"https:\/\/unfallforensik.com\/kfz\/#organization\",\"name\":\"KFZ Gutachter Unfallforensik, unfallanalytisches Gutachten, Unfallanalyse, Sachverst\u00e4ndiger, Unfallrekonstruktion\",\"url\":\"https:\/\/unfallforensik.com\/kfz\/\",\"logo\":{\"@type\":\"ImageObject\",\"inLanguage\":\"de\",\"@id\":\"https:\/\/unfallforensik.com\/kfz\/#\/schema\/logo\/image\/\",\"url\":\"https:\/\/unfallforensik.com\/kfz\/wp-content\/uploads\/2022\/05\/logo57.png\",\"contentUrl\":\"https:\/\/unfallforensik.com\/kfz\/wp-content\/uploads\/2022\/05\/logo57.png\",\"width\":57,\"height\":57,\"caption\":\"KFZ Gutachter Unfallforensik, unfallanalytisches Gutachten, Unfallanalyse, Sachverst\u00e4ndiger, Unfallrekonstruktion\"},\"image\":{\"@id\":\"https:\/\/unfallforensik.com\/kfz\/#\/schema\/logo\/image\/\"}}]}<\/script>\n<!-- \/ Yoast SEO Premium plugin. -->","yoast_head_json":{"title":"Nebenkl\u00e4ger Strafprozess Gutachter - Sachverst\u00e4ndiger Nebenklage Gutachter nach Unfall","description":"Als Nebenkl\u00e4ger in einem Strafprozess nach einem Verkehrsunfall sollten Sie einen eigenen Sachverst\u00e4ndigen als Gutachter beauftragen. Mehr Hinweise....","robots":{"index":"index","follow":"follow","max-snippet":"max-snippet:-1","max-image-preview":"max-image-preview:large","max-video-preview":"max-video-preview:-1"},"canonical":"https:\/\/unfallforensik.com\/kfz\/nebenklaeger-strafprozess-gutachter\/","og_locale":"de_DE","og_type":"article","og_title":"Nebenkl\u00e4ger Strafprozess Gutachter","og_description":"Als Nebenkl\u00e4ger in einem Strafprozess nach einem Verkehrsunfall sollten Sie einen eigenen Sachverst\u00e4ndigen als Gutachter beauftragen. Mehr Hinweise....","og_url":"https:\/\/unfallforensik.com\/kfz\/nebenklaeger-strafprozess-gutachter\/","og_site_name":"KFZ Gutachter Unfallforensik, unfallanalytisches Gutachten, Unfallanalyse, Sachverst\u00e4ndiger, Unfallrekonstruktion","article_modified_time":"2020-03-25T11:46:38+00:00","og_image":[{"width":1200,"height":800,"url":"https:\/\/unfallforensik.com\/kfz\/wp-content\/uploads\/2020\/03\/sachverstaendiger_nebenklage.jpg","type":"image\/jpeg"}],"twitter_card":"summary_large_image","twitter_misc":{"Gesch\u00e4tzte Lesezeit":"5\u00a0Minuten"},"schema":{"@context":"https:\/\/schema.org","@graph":[{"@type":"WebPage","@id":"https:\/\/unfallforensik.com\/kfz\/nebenklaeger-strafprozess-gutachter\/","url":"https:\/\/unfallforensik.com\/kfz\/nebenklaeger-strafprozess-gutachter\/","name":"Nebenkl\u00e4ger Strafprozess Gutachter - Sachverst\u00e4ndiger Nebenklage Gutachter nach Unfall","isPartOf":{"@id":"https:\/\/unfallforensik.com\/kfz\/#website"},"datePublished":"2020-03-25T07:14:28+00:00","dateModified":"2020-03-25T11:46:38+00:00","description":"Als Nebenkl\u00e4ger in einem Strafprozess nach einem Verkehrsunfall sollten Sie einen eigenen Sachverst\u00e4ndigen als Gutachter beauftragen. Mehr Hinweise....","breadcrumb":{"@id":"https:\/\/unfallforensik.com\/kfz\/nebenklaeger-strafprozess-gutachter\/#breadcrumb"},"inLanguage":"de","potentialAction":[{"@type":"ReadAction","target":["https:\/\/unfallforensik.com\/kfz\/nebenklaeger-strafprozess-gutachter\/"]}]},{"@type":"BreadcrumbList","@id":"https:\/\/unfallforensik.com\/kfz\/nebenklaeger-strafprozess-gutachter\/#breadcrumb","itemListElement":[{"@type":"ListItem","position":1,"name":"Home","item":"https:\/\/unfallforensik.com\/kfz\/"},{"@type":"ListItem","position":2,"name":"Nebenkl\u00e4ger Strafprozess Gutachter"}]},{"@type":"WebSite","@id":"https:\/\/unfallforensik.com\/kfz\/#website","url":"https:\/\/unfallforensik.com\/kfz\/","name":"KFZ Gutachter Unfallforensik, unfallanalytisches Gutachten, Unfallanalyse, Sachverst\u00e4ndiger, Unfallrekonstruktion","description":"KFZ Gutachter,Unfallschaden,Unfallrekonstruktion,unfallanalytisches Verfahren","publisher":{"@id":"https:\/\/unfallforensik.com\/kfz\/#organization"},"potentialAction":[{"@type":"SearchAction","target":{"@type":"EntryPoint","urlTemplate":"https:\/\/unfallforensik.com\/kfz\/?s={search_term_string}"},"query-input":{"@type":"PropertyValueSpecification","valueRequired":true,"valueName":"search_term_string"}}],"inLanguage":"de"},{"@type":"Organization","@id":"https:\/\/unfallforensik.com\/kfz\/#organization","name":"KFZ Gutachter Unfallforensik, unfallanalytisches Gutachten, Unfallanalyse, Sachverst\u00e4ndiger, Unfallrekonstruktion","url":"https:\/\/unfallforensik.com\/kfz\/","logo":{"@type":"ImageObject","inLanguage":"de","@id":"https:\/\/unfallforensik.com\/kfz\/#\/schema\/logo\/image\/","url":"https:\/\/unfallforensik.com\/kfz\/wp-content\/uploads\/2022\/05\/logo57.png","contentUrl":"https:\/\/unfallforensik.com\/kfz\/wp-content\/uploads\/2022\/05\/logo57.png","width":57,"height":57,"caption":"KFZ Gutachter Unfallforensik, unfallanalytisches Gutachten, Unfallanalyse, Sachverst\u00e4ndiger, Unfallrekonstruktion"},"image":{"@id":"https:\/\/unfallforensik.com\/kfz\/#\/schema\/logo\/image\/"}}]}},"_links":{"self":[{"href":"https:\/\/unfallforensik.com\/kfz\/wp-json\/wp\/v2\/pages\/14464","targetHints":{"allow":["GET"]}}],"collection":[{"href":"https:\/\/unfallforensik.com\/kfz\/wp-json\/wp\/v2\/pages"}],"about":[{"href":"https:\/\/unfallforensik.com\/kfz\/wp-json\/wp\/v2\/types\/page"}],"author":[{"embeddable":true,"href":"https:\/\/unfallforensik.com\/kfz\/wp-json\/wp\/v2\/users\/1"}],"replies":[{"embeddable":true,"href":"https:\/\/unfallforensik.com\/kfz\/wp-json\/wp\/v2\/comments?post=14464"}],"version-history":[{"count":0,"href":"https:\/\/unfallforensik.com\/kfz\/wp-json\/wp\/v2\/pages\/14464\/revisions"}],"wp:attachment":[{"href":"https:\/\/unfallforensik.com\/kfz\/wp-json\/wp\/v2\/media?parent=14464"}],"curies":[{"name":"wp","href":"https:\/\/api.w.org\/{rel}","templated":true}]}}