{"id":14040,"date":"2019-05-09T15:28:53","date_gmt":"2019-05-09T13:28:53","guid":{"rendered":"http:\/\/unfallforensik.com\/kfz\/?page_id=14040"},"modified":"2020-03-29T12:38:10","modified_gmt":"2020-03-29T10:38:10","slug":"vermeidbarkeitsbetrachtung-unfall","status":"publish","type":"page","link":"https:\/\/unfallforensik.com\/kfz\/vermeidbarkeitsbetrachtung-unfall\/","title":{"rendered":"Vermeidbarkeitsbetrachtung Unfall"},"content":{"rendered":"<p>[vc_row][vc_column][vc_column_text]<\/p>\n<h2>Vermeidbarkeitsbetrachtung Unfall<\/h2>\n<h3>Vermeidbarkeitsgutachten<\/h3>\n<p>&nbsp;<\/p>\n<p>[\/vc_column_text][vc_column_text]Wenn sich ein Unfall ereignet hat und der Sachverst\u00e4ndige eine Rekonstruktion durchgef\u00fchrt hat, dann tauchen die Fragen danach auf, wie denn der Unfall h\u00e4tte vermieden werden k\u00f6nnen. Diese Fragen sind f\u00fcr die juristische Bewertung der Verantwortlichkeiten der Beteiligten oder f\u00fcr die Haftungsverteilung von gro\u00dfer Bedeutung.[\/vc_column_text][vc_single_image image=&#8220;14043&#8243; img_size=&#8220;full&#8220; alignment=&#8220;center&#8220;][vc_column_text]Bei Unf\u00e4llen sind die r\u00e4umliche und die zeitliche Vermeidbarkeit zu ber\u00fccksichtigen. Die r\u00e4umliche Vermeidbarkeit beinhaltet vereinfacht ausgedr\u00fcckt die Berechnungen, ob ein Fahrzeugf\u00fchrer bei pflichtgem\u00e4\u00dfem Verhalten, insbesondere der Einhaltung der maximal zul\u00e4ssigen H\u00f6chstgeschwindigkeit und einer umgehenden Reaktion auf die Gefahrerkennung, den Unfall h\u00e4tte vermeiden k\u00f6nnen, indem das betrachtete Fahrzeug vor dem Kollisionsort zum Stehen gekommen w\u00e4re. Demgegen\u00fcber wird bei einer zeitlichen Vermeidbarkeitsbetrachtung untersucht, unter welchen Voraussetzungen das betrachtete Fahrzeug um eine Zeitspanne sp\u00e4ter am Kollisionsort eingetroffen w\u00e4re, die es dem Kollisionspartner erm\u00f6glicht h\u00e4tte, den kollisionsgef\u00e4hrdeten Fahrbahnbereich zu verlassen.<\/p>\n<p>[\/vc_column_text][vc_column_text]<\/p>\n<h3>Ein Beispiel zu Vermeidbarkeitsbetrachtung Unfall (Bremswegtabelle)<\/h3>\n<p>Der Sachverst\u00e4ndige nimmt eine Berechnung des Anhalteweges vor, um zu kl\u00e4ren, ob die F\u00fchrerin eines Personenwagens zu schnell auf einen<br \/>\nFussg\u00e4ngerstreifen zugefahren sei.<\/p>\n<p>Dabei legte ereine Reaktions- und eine Bremsschwellzeit zugrunde und legte f\u00fcr den eigentlichen Bremsweg auf der nassen Fahrbahn eine durchschnittliche<br \/>\nBremsverz\u00f6gerung von 4.5 m\/s2 fest. Diesen Wert sch\u00f6pfte der Sachverst\u00e4ndige aus einer Bremswegtabelle.<\/p>\n<p>Damit legt der Sachverst\u00e4ndige ein Ergebnis fest und die Frage der Brauchbarkeit ist daher zu stellen. Selbst in Reifentestergebnissen werden unterschiedliche Bremswege ermittelt.<\/p>\n<p>Wozu dienen Vermeidbarkeitsbetrachtungen nach einem Unfall ?<\/p>\n<p>In einem Vermeidbarkeitsgutachten werden z.B. verschiedene Werte einerBremswegtabelle bez\u00fcglich einer Vermeidbarkeit eines Verkehrsunfalles simuliert. Diese dienen dazu abzukl\u00e4ren, ob bei verkehrsgerechtem Verhalten des Fahrzeugf\u00fchrers derselbe Erfolg eingetreten w\u00e4re. Dabei wird zwischen r\u00e4umlicher und zeitlicher Vermeidbarkeit unterschieden.<\/p>\n<p>Eine r\u00e4umliche Vermeidbarkeit ist im Falle einer Kollision gegeben, wenn der Fahrzeugf\u00fchrer bei verkehrsgerechtem Verhalten noch vor Erreichen des Kollisionspunktes h\u00e4tte anhalten k\u00f6nnen. Dabei wird von gewissen Parametern ausgegangen, die mehr oder weniger zuverl\u00e4ssig feststehen. So wird etwa angenommen, mit welcher Geschwindigkeit der Fahrzeugf\u00fchrer fuhr, als er den den Fussg\u00e4ngerstreifen betretenden Fussg\u00e4nger erkennen konnte und auch, auf welche Distanz er diesen erkennen konnte. Der Richter, der dem Fahrzeuglenker einen Vorwurf macht, muss ja Feststellungen dazu machen, dass der Lenker bei verkehrsgerechtem Verhalten die Kollision h\u00e4tte vermeiden k\u00f6nnen. Dazu muss er sich auf bestimmte Werte etwa bez\u00fcglich der Geschwindigkeit, des Abstands zum Fussg\u00e4ngerstreifen und zum Zeitpunkt der Erkennbarkeit des Fussg\u00e4ngers festlegen. Darauf aufbauend errechnet er, ob bei verkehrsgerechtem Verhalten der Fahrzeuglenker noch vor dem Kollisionspunkt h\u00e4tte anhalten k\u00f6nnen.<\/p>\n<p>Diese Berechnung umfasst die Reaktionszeit bzw. die w\u00e4hrend der Reaktionszeit zur\u00fcckgelegte Wegstrecke, die Bremsschwellzeit (Zeit vom Beginn der Bremswirkung bis zum Beginn der Blockier- oder Regelspurzeichnung bzw. die w\u00e4hrend dieser Zeit zur\u00fcckgelegte Wegstrecke) undden eigentlichen Bremsweg.<\/p>\n<p>Bremswegtabellen umfassen lediglich diesen Bremsweg im engeren<br \/>\nSinne, der sich aus der Geschwindigkeit, den Fahrbahneigenschaften und der Bremsverz\u00f6gerung ergibt. Dem Bremsverz\u00f6gerungswert kommt dabei eine Schl\u00fcsselrolle zu. Der f\u00fcr die Berechnung der r\u00e4umlichen Vermeidbarkeitsuntersuchung notwendige Verz\u00f6gerungswert wird teils von der<br \/>\nden Unfall bearbeitenden Polizei ermittelt, indem sie z.B. mit dem fraglichen Fahrzeug \u2013 so dieses noch fahrtauglich ist \u2013 entsprechende Bremsversuche durchf\u00fchrt. Teilweise ist es Aufgabe des unfallanalytischen Gutachters, entsprechende Abkl\u00e4rungen zu treffen.<\/p>\n<p>Ist die r\u00e4umliche Vermeidbarkeit nicht gegeben, gilt es in bestimmten Konstellationen zu pr\u00fcfen, ob der Unfall zeitlich vermeidbar war. Dies trifft dann zu, wenn der Fahrzeugf\u00fchrer bei verkehrsgerechtem Verhalten den Kollisionspunkt erst erreicht h\u00e4tte, wenn der in Bewegung befindliche Kollisionsgegner diesen bereits wieder verlassen h\u00e4tte. Auch dabei wird der Bremsvorgang mit den genannten Werten berechnet, also spielt auch hier der Bremsverz\u00f6gerungswert eine wesentliche Rolle.<\/p>\n<p>Damit geh\u00f6rt die Vermeidbarkeitsbetrachtung zur Vollst\u00e4ndigkeit eines technisch-physikalischen Gutachtens der Unfallrekonstruktion. Sie ber\u00fccksichtigt die technische Vermeidbarkeit, nicht aber die Darstellung der Rechtslage.<\/p>\n<p>Bremswegberechnungen werden aber nicht aufgrund der gesetzlich geforderten Mindestverz\u00f6gerungswerte gemacht, sondern vielmehr aufgrund der tats\u00e4chlich erreichbaren Verz\u00f6gerungen.<\/p>\n<p>Beispiele f\u00fcr Bremswerttabellen:<br \/>\n\u2022 DEKRA (1988) 6.0 . . . 9,0<br \/>\n\u2022 FUCIK\/HARTL\/SCHLOSSER (1998) 5,0 . . . 8,0<br \/>\n\u2022 IFBA\/JAKUBASCH (1998) 6,0 . . . 10,0<br \/>\n\u2022 EVU TABELLE 6,0 . . . 11,0<br \/>\n\u2022 WEITERE MESSUNG (2004) 6,0 . . . 8,5<br \/>\n\u2022 ADAC(HOMEPAGE) 8,0-9,0<\/p>\n<p>Vermeidbarkeitsbetrachtungen dienen dazu abzukl\u00e4ren, ob \u2013 anl\u00e4sslich eines Verkehrsunfalls \u2013 ein Fahrzeugf\u00fchrer bei verkehrsgerechtem Verhalten die M\u00f6glichkeit gehabt h\u00e4tte, sein Fahrzeug vor dem Kollisionspunkt zum Stillstand zu bringen. Es ist eine rein technische Betrachtung, die den Gesetzen der Physik folgt. Je nach den konkreten Gegebenheiten des Unfalls kommt der Vermeidbarkeitsbetrachtung ein unterschiedliches Gewicht zu. Die Unfallanalyse kennt die Vermeidbarkeitsbetrachtung als Standarduntersuchung.<\/p>\n<p>Bei der Vermeidbarkeitsuntersuchung kommt dem Bremsverz\u00f6gerungswert ein massgebender Stellenwert zu. Die heute erreichbaren Verz\u00f6gerungswerte \u2013 die sich aufgrund technischer Fortschritte \u00e4nderten \u2013 sind, mit gewissen Bandbreiten, aufgrund zahlreicher Versuche und Untersuchungen bekannt.<\/p>\n<h4>Neben dem klassisichen Bremswerten spielen auch Reaktionszeiten eine wesentliche Rolle. Ab wann bestand die M\u00f6glichkeit f\u00fcr den Fahrer die Gefahr zu erkennen. Vermeidbarkeitsgutachten sind daher vielf\u00e4ltig und aufwendig.<\/h4>\n<p>[\/vc_column_text][vc_column_text]<\/p>\n<h3>Pro und Kontra Vermeidbarkeitsbetrachtung Unfall durch Rechtsanw\u00e4lte<\/h3>\n<p>Ein Rechtsanwalt, der sich mit Verkehrsrecht befasst, muss in gewissem Umfang auch \u00fcber unfallrekonstruktive Grundkenntnisse verf\u00fcgen, um seinen Mandanten von Anfang an richtig zu beraten und im Prozessfall die erforderlichen Ankn\u00fcpfungstatsachen f\u00fcr einen auf Einholung eines Sachverst\u00e4ndigengutachtens gerichteten Beweisantrag stellen zu k\u00f6nnen.<\/p>\n<p>Das Grundwissen sollte zumindest aber Vermeidbarkeitsbetrachtungen in Form eines Bremswegrechners umfassen.<\/p>\n<p>Die nachfolgenden Bremswegtabellen erm\u00f6glichen dem Verteidiger eine Grobberechnung von Geschwindigkeiten, Wegstrecken sowie Bremswegen und -zeiten.<\/p>\n<p><strong>Geschwindigkeits-, Bremszeit- und Bremswegtabelle<\/strong><\/p>\n<p>Diagonal- und G\u00fcrtelreifen auf trockener Schwarzteerdecke 7,0 bis 9,5 m\/s<sup>2<\/sup><\/p>\n<p>Diagonal- und G\u00fcrtelreifen auf nasser Schwarzteerdecke 5,5 bis 8,5 m\/s<sup>2<\/sup><\/p>\n<p>Auf Betonfahrbahnoberfl\u00e4chen sind \u00e4hnliche Werte zu erwarten.<\/p>\n<p>Auf Pflasterstra\u00dfen ist in der Regel ein Abzug von 10 bis 25\u00a0% vorzunehmen.<\/p>\n<p>Schneebedeckte Fahrbahn 1,5 bis 3.5 m\/s<sup>2<\/sup><\/p>\n<p>Eis 1,0 bis 2,5 m\/s<sup>2<\/sup><\/p>\n<p>Schmierige Stra\u00dfe 2,0 bis 5,5 m\/s<sup>2<\/sup><\/p>\n<p><strong>Auch wenn man diesen Werten und einen Bremswegrechner sehr gute Ergebnisse erzielen kann, so kann man damit nicht das dynamische Verhalten zweier Unfallbeteiligter zusammensetzen. Nebenfaktoren, wie Reaktionszeiten, versp\u00e4tete Reaktion und Schwellzeiten kann man mit einem Bremswegrechner nicht errechen. Diese Berechnungen gehen ausschlie\u00dflich \u00fcber kinematische Unfallrekonstruktionsprogramme, welche daf\u00fcr geschaffen wurden.<\/strong><\/p>\n<p>[\/vc_column_text][\/vc_column][\/vc_row]<\/p>\n","protected":false},"excerpt":{"rendered":"<p>[vc_row][vc_column][vc_column_text] Vermeidbarkeitsbetrachtung Unfall Vermeidbarkeitsgutachten &nbsp; [\/vc_column_text][vc_column_text]Wenn sich ein Unfall ereignet hat und der Sachverst\u00e4ndige eine Rekonstruktion durchgef\u00fchrt hat, dann tauchen die Fragen danach auf, wie denn der Unfall h\u00e4tte vermieden werden k\u00f6nnen. Diese Fragen sind f\u00fcr die juristische Bewertung der Verantwortlichkeiten der Beteiligten oder f\u00fcr die Haftungsverteilung von gro\u00dfer Bedeutung.[\/vc_column_text][vc_single_image image=&#8220;14043&#8243; img_size=&#8220;full&#8220; alignment=&#8220;center&#8220;][vc_column_text]Bei Unf\u00e4llen sind&hellip;<\/p>\n","protected":false},"author":1,"featured_media":0,"parent":0,"menu_order":0,"comment_status":"closed","ping_status":"closed","template":"","meta":{"footnotes":""},"class_list":["post-14040","page","type-page","status-publish","hentry","description-off"],"yoast_head":"<!-- This site is optimized with the Yoast SEO Premium plugin v24.9 (Yoast SEO v24.9) - https:\/\/yoast.com\/wordpress\/plugins\/seo\/ -->\n<title>Vermeidbarkeitsbetrachtung Unfall - KFZ Gutachter Unfallforensik, unfallanalytisches Gutachten, Unfallanalyse, Sachverst\u00e4ndiger, Unfallrekonstruktion<\/title>\n<meta name=\"robots\" content=\"index, follow, max-snippet:-1, max-image-preview:large, max-video-preview:-1\" \/>\n<link rel=\"canonical\" href=\"https:\/\/unfallforensik.com\/kfz\/vermeidbarkeitsbetrachtung-unfall\/\" \/>\n<meta property=\"og:locale\" content=\"de_DE\" \/>\n<meta property=\"og:type\" content=\"article\" \/>\n<meta property=\"og:title\" content=\"Vermeidbarkeitsbetrachtung Unfall\" \/>\n<meta property=\"og:description\" content=\"[vc_row][vc_column][vc_column_text] Vermeidbarkeitsbetrachtung Unfall Vermeidbarkeitsgutachten &nbsp; [\/vc_column_text][vc_column_text]Wenn sich ein Unfall ereignet hat und der Sachverst\u00e4ndige eine Rekonstruktion durchgef\u00fchrt hat, dann tauchen die Fragen danach auf, wie denn der Unfall h\u00e4tte vermieden werden k\u00f6nnen. Diese Fragen sind f\u00fcr die juristische Bewertung der Verantwortlichkeiten der Beteiligten oder f\u00fcr die Haftungsverteilung von gro\u00dfer Bedeutung.[\/vc_column_text][vc_single_image image=&#8220;14043&#8243; img_size=&#8220;full&#8220; alignment=&#8220;center&#8220;][vc_column_text]Bei Unf\u00e4llen sind&hellip;\" \/>\n<meta property=\"og:url\" content=\"https:\/\/unfallforensik.com\/kfz\/vermeidbarkeitsbetrachtung-unfall\/\" \/>\n<meta property=\"og:site_name\" content=\"KFZ Gutachter Unfallforensik, unfallanalytisches Gutachten, Unfallanalyse, Sachverst\u00e4ndiger, Unfallrekonstruktion\" \/>\n<meta property=\"article:modified_time\" content=\"2020-03-29T10:38:10+00:00\" \/>\n<meta name=\"twitter:card\" content=\"summary_large_image\" \/>\n<meta name=\"twitter:label1\" content=\"Gesch\u00e4tzte Lesezeit\" \/>\n\t<meta name=\"twitter:data1\" content=\"5\u00a0Minuten\" \/>\n<script type=\"application\/ld+json\" class=\"yoast-schema-graph\">{\"@context\":\"https:\/\/schema.org\",\"@graph\":[{\"@type\":\"WebPage\",\"@id\":\"https:\/\/unfallforensik.com\/kfz\/vermeidbarkeitsbetrachtung-unfall\/\",\"url\":\"https:\/\/unfallforensik.com\/kfz\/vermeidbarkeitsbetrachtung-unfall\/\",\"name\":\"Vermeidbarkeitsbetrachtung Unfall - KFZ Gutachter Unfallforensik, unfallanalytisches Gutachten, Unfallanalyse, Sachverst\u00e4ndiger, Unfallrekonstruktion\",\"isPartOf\":{\"@id\":\"https:\/\/unfallforensik.com\/kfz\/#website\"},\"datePublished\":\"2019-05-09T13:28:53+00:00\",\"dateModified\":\"2020-03-29T10:38:10+00:00\",\"breadcrumb\":{\"@id\":\"https:\/\/unfallforensik.com\/kfz\/vermeidbarkeitsbetrachtung-unfall\/#breadcrumb\"},\"inLanguage\":\"de\",\"potentialAction\":[{\"@type\":\"ReadAction\",\"target\":[\"https:\/\/unfallforensik.com\/kfz\/vermeidbarkeitsbetrachtung-unfall\/\"]}]},{\"@type\":\"BreadcrumbList\",\"@id\":\"https:\/\/unfallforensik.com\/kfz\/vermeidbarkeitsbetrachtung-unfall\/#breadcrumb\",\"itemListElement\":[{\"@type\":\"ListItem\",\"position\":1,\"name\":\"Home\",\"item\":\"https:\/\/unfallforensik.com\/kfz\/\"},{\"@type\":\"ListItem\",\"position\":2,\"name\":\"Vermeidbarkeitsbetrachtung Unfall\"}]},{\"@type\":\"WebSite\",\"@id\":\"https:\/\/unfallforensik.com\/kfz\/#website\",\"url\":\"https:\/\/unfallforensik.com\/kfz\/\",\"name\":\"KFZ Gutachter Unfallforensik, unfallanalytisches Gutachten, Unfallanalyse, Sachverst\u00e4ndiger, Unfallrekonstruktion\",\"description\":\"KFZ Gutachter,Unfallschaden,Unfallrekonstruktion,unfallanalytisches Verfahren\",\"publisher\":{\"@id\":\"https:\/\/unfallforensik.com\/kfz\/#organization\"},\"potentialAction\":[{\"@type\":\"SearchAction\",\"target\":{\"@type\":\"EntryPoint\",\"urlTemplate\":\"https:\/\/unfallforensik.com\/kfz\/?s={search_term_string}\"},\"query-input\":{\"@type\":\"PropertyValueSpecification\",\"valueRequired\":true,\"valueName\":\"search_term_string\"}}],\"inLanguage\":\"de\"},{\"@type\":\"Organization\",\"@id\":\"https:\/\/unfallforensik.com\/kfz\/#organization\",\"name\":\"KFZ Gutachter Unfallforensik, unfallanalytisches Gutachten, Unfallanalyse, Sachverst\u00e4ndiger, Unfallrekonstruktion\",\"url\":\"https:\/\/unfallforensik.com\/kfz\/\",\"logo\":{\"@type\":\"ImageObject\",\"inLanguage\":\"de\",\"@id\":\"https:\/\/unfallforensik.com\/kfz\/#\/schema\/logo\/image\/\",\"url\":\"https:\/\/unfallforensik.com\/kfz\/wp-content\/uploads\/2022\/05\/logo57.png\",\"contentUrl\":\"https:\/\/unfallforensik.com\/kfz\/wp-content\/uploads\/2022\/05\/logo57.png\",\"width\":57,\"height\":57,\"caption\":\"KFZ Gutachter Unfallforensik, unfallanalytisches Gutachten, Unfallanalyse, Sachverst\u00e4ndiger, Unfallrekonstruktion\"},\"image\":{\"@id\":\"https:\/\/unfallforensik.com\/kfz\/#\/schema\/logo\/image\/\"}}]}<\/script>\n<!-- \/ Yoast SEO Premium plugin. -->","yoast_head_json":{"title":"Vermeidbarkeitsbetrachtung Unfall - KFZ Gutachter Unfallforensik, unfallanalytisches Gutachten, Unfallanalyse, Sachverst\u00e4ndiger, Unfallrekonstruktion","robots":{"index":"index","follow":"follow","max-snippet":"max-snippet:-1","max-image-preview":"max-image-preview:large","max-video-preview":"max-video-preview:-1"},"canonical":"https:\/\/unfallforensik.com\/kfz\/vermeidbarkeitsbetrachtung-unfall\/","og_locale":"de_DE","og_type":"article","og_title":"Vermeidbarkeitsbetrachtung Unfall","og_description":"[vc_row][vc_column][vc_column_text] Vermeidbarkeitsbetrachtung Unfall Vermeidbarkeitsgutachten &nbsp; [\/vc_column_text][vc_column_text]Wenn sich ein Unfall ereignet hat und der Sachverst\u00e4ndige eine Rekonstruktion durchgef\u00fchrt hat, dann tauchen die Fragen danach auf, wie denn der Unfall h\u00e4tte vermieden werden k\u00f6nnen. Diese Fragen sind f\u00fcr die juristische Bewertung der Verantwortlichkeiten der Beteiligten oder f\u00fcr die Haftungsverteilung von gro\u00dfer Bedeutung.[\/vc_column_text][vc_single_image image=&#8220;14043&#8243; img_size=&#8220;full&#8220; alignment=&#8220;center&#8220;][vc_column_text]Bei Unf\u00e4llen sind&hellip;","og_url":"https:\/\/unfallforensik.com\/kfz\/vermeidbarkeitsbetrachtung-unfall\/","og_site_name":"KFZ Gutachter Unfallforensik, unfallanalytisches Gutachten, Unfallanalyse, Sachverst\u00e4ndiger, Unfallrekonstruktion","article_modified_time":"2020-03-29T10:38:10+00:00","twitter_card":"summary_large_image","twitter_misc":{"Gesch\u00e4tzte Lesezeit":"5\u00a0Minuten"},"schema":{"@context":"https:\/\/schema.org","@graph":[{"@type":"WebPage","@id":"https:\/\/unfallforensik.com\/kfz\/vermeidbarkeitsbetrachtung-unfall\/","url":"https:\/\/unfallforensik.com\/kfz\/vermeidbarkeitsbetrachtung-unfall\/","name":"Vermeidbarkeitsbetrachtung Unfall - KFZ Gutachter Unfallforensik, unfallanalytisches Gutachten, Unfallanalyse, Sachverst\u00e4ndiger, Unfallrekonstruktion","isPartOf":{"@id":"https:\/\/unfallforensik.com\/kfz\/#website"},"datePublished":"2019-05-09T13:28:53+00:00","dateModified":"2020-03-29T10:38:10+00:00","breadcrumb":{"@id":"https:\/\/unfallforensik.com\/kfz\/vermeidbarkeitsbetrachtung-unfall\/#breadcrumb"},"inLanguage":"de","potentialAction":[{"@type":"ReadAction","target":["https:\/\/unfallforensik.com\/kfz\/vermeidbarkeitsbetrachtung-unfall\/"]}]},{"@type":"BreadcrumbList","@id":"https:\/\/unfallforensik.com\/kfz\/vermeidbarkeitsbetrachtung-unfall\/#breadcrumb","itemListElement":[{"@type":"ListItem","position":1,"name":"Home","item":"https:\/\/unfallforensik.com\/kfz\/"},{"@type":"ListItem","position":2,"name":"Vermeidbarkeitsbetrachtung Unfall"}]},{"@type":"WebSite","@id":"https:\/\/unfallforensik.com\/kfz\/#website","url":"https:\/\/unfallforensik.com\/kfz\/","name":"KFZ Gutachter Unfallforensik, unfallanalytisches Gutachten, Unfallanalyse, Sachverst\u00e4ndiger, Unfallrekonstruktion","description":"KFZ Gutachter,Unfallschaden,Unfallrekonstruktion,unfallanalytisches Verfahren","publisher":{"@id":"https:\/\/unfallforensik.com\/kfz\/#organization"},"potentialAction":[{"@type":"SearchAction","target":{"@type":"EntryPoint","urlTemplate":"https:\/\/unfallforensik.com\/kfz\/?s={search_term_string}"},"query-input":{"@type":"PropertyValueSpecification","valueRequired":true,"valueName":"search_term_string"}}],"inLanguage":"de"},{"@type":"Organization","@id":"https:\/\/unfallforensik.com\/kfz\/#organization","name":"KFZ Gutachter Unfallforensik, unfallanalytisches Gutachten, Unfallanalyse, Sachverst\u00e4ndiger, Unfallrekonstruktion","url":"https:\/\/unfallforensik.com\/kfz\/","logo":{"@type":"ImageObject","inLanguage":"de","@id":"https:\/\/unfallforensik.com\/kfz\/#\/schema\/logo\/image\/","url":"https:\/\/unfallforensik.com\/kfz\/wp-content\/uploads\/2022\/05\/logo57.png","contentUrl":"https:\/\/unfallforensik.com\/kfz\/wp-content\/uploads\/2022\/05\/logo57.png","width":57,"height":57,"caption":"KFZ Gutachter Unfallforensik, unfallanalytisches Gutachten, Unfallanalyse, Sachverst\u00e4ndiger, Unfallrekonstruktion"},"image":{"@id":"https:\/\/unfallforensik.com\/kfz\/#\/schema\/logo\/image\/"}}]}},"_links":{"self":[{"href":"https:\/\/unfallforensik.com\/kfz\/wp-json\/wp\/v2\/pages\/14040","targetHints":{"allow":["GET"]}}],"collection":[{"href":"https:\/\/unfallforensik.com\/kfz\/wp-json\/wp\/v2\/pages"}],"about":[{"href":"https:\/\/unfallforensik.com\/kfz\/wp-json\/wp\/v2\/types\/page"}],"author":[{"embeddable":true,"href":"https:\/\/unfallforensik.com\/kfz\/wp-json\/wp\/v2\/users\/1"}],"replies":[{"embeddable":true,"href":"https:\/\/unfallforensik.com\/kfz\/wp-json\/wp\/v2\/comments?post=14040"}],"version-history":[{"count":0,"href":"https:\/\/unfallforensik.com\/kfz\/wp-json\/wp\/v2\/pages\/14040\/revisions"}],"wp:attachment":[{"href":"https:\/\/unfallforensik.com\/kfz\/wp-json\/wp\/v2\/media?parent=14040"}],"curies":[{"name":"wp","href":"https:\/\/api.w.org\/{rel}","templated":true}]}}