{"id":14027,"date":"2019-05-05T13:23:18","date_gmt":"2019-05-05T11:23:18","guid":{"rendered":"http:\/\/unfallforensik.com\/kfz\/?page_id=14027"},"modified":"2019-05-12T05:53:21","modified_gmt":"2019-05-12T03:53:21","slug":"fahreignung-begutachtung","status":"publish","type":"page","link":"https:\/\/unfallforensik.com\/kfz\/fahreignung-begutachtung\/","title":{"rendered":"Fahreignung Begutachtung"},"content":{"rendered":"<p>[vc_row][vc_column][vc_column_text]<\/p>\n<h2>Fahreignung Begutachtung Rentner<\/h2>\n<h4>Begutachtung nach F\u00fchrerscheinentzug aufgrund des Vorwurfes von Verkehrsdelikten<\/h4>\n<p>Der nachfolgende Artikel richtet sich ausschlie\u00dflich an Verkehrsteilnehmer, welche nach einem <a href=\"https:\/\/unfallforensik.com\/kfz\/fahrerflucht-bzw-unfallflucht\/\">Verkehrsunfall<\/a> bzw. einem <a href=\"https:\/\/unfallforensik.com\/kfz\/gutachten-bemerkbarkeit-kleinkollision\/\">Verkehrsdelikt<\/a> der F\u00fchrerschein aufgrund der Fahreignung entzogen wurde.<\/p>\n<p>Die Erlangung der Fahreignung z.B. nach betrinkenden und berauschenden fahren wird in diesem Artikel nicht aufgezeigt.<\/p>\n<p>&nbsp;<\/p>\n<p>[\/vc_column_text][\/vc_column][\/vc_row][vc_row][vc_column][vc_column_text]Bei der Beurteilung der Fahreignung wird davon ausgegangen, dass ein Betroffener ein Kraftfahrzeug nur dann nicht sicher f\u00fchren kann, wenn aufgrund des individuellen k\u00f6rperlich-geistigen (psychischen) Zustandes beim F\u00fchren eines Kraftfahrzeugs Verkehrsgef\u00e4hrdung zu erwarten ist.<br \/>\nF\u00fcr die gerechtfertigte Annahme einer Verkehrsgef\u00e4hrdung muss die nahe durch Tatsachen begr\u00fcndete Wahrscheinlichkeit des Eintritts eines Sch\u00e4digungsereignisses gegeben sein.<\/p>\n<p>F\u00fcr die Konkretisierung des Gef\u00e4hrdungssachverhaltes wurde davon ausgegangen, dass er dann gegeben ist, wenn von einem Kraftfahrer nach dem Grad der festgestellten Beeintr\u00e4chtigung der k\u00f6rperlich-geistigen (psychischen) Leistungsf\u00e4higkeit zu erwarten ist, dass die Anforderungen beim F\u00fchren eines Kraftfahrzeuges, zu denen ein stabiles Leistungsniveau und auch die Beherrschung von Belastungssituationen geh\u00f6ren, nicht mehr bew\u00e4ltigt werden k\u00f6nnen oder von einem Kraftfahrer in einem absehbaren Zeitraum die Gefahr des pl\u00f6tzlichen Versagens der k\u00f6rperlich-geistigen (psychischen) Leistungsf\u00e4higkeit (z. B. hirnorganische Anf\u00e4lle, apoplektische Insulte, anfallsartige Schwindelzust\u00e4nde und Schockzust\u00e4nde, Bewusstseinstr\u00fcbungen oder Bewusstseinsverlust u. \u00e4.) zu erwarten ist, wegen sicherheitswidrigen Einstellungen, mangelnder Einsicht oder Pers\u00f6nlichkeitsm\u00e4ngeln keine Gew\u00e4hr daf\u00fcr gegeben ist, dass der Fahrer sich regelkonform und sicherheitsgerecht verh\u00e4lt.<\/p>\n<p>[\/vc_column_text][vc_single_image image=&#8220;14032&#8243; img_size=&#8220;full&#8220;][\/vc_column][\/vc_row][vc_row][vc_column][vc_column_text]<\/p>\n<h3>F\u00fchrerscheinentzug aufgrund des Alters<\/h3>\n<p>Wer Straftaten begangen hat, ist nach \u00a7 2 Abs. 4 StVG ungeeignet zum F\u00fchren von Kraftfahrzeugen, wenn sie im Zusammenhang mit dem Stra\u00dfenverkehr oder im Zusammenhang mit der Kraftfahreignung stehen.<\/p>\n<h3>Offizialdelikte, wie Unfallflucht oder Verkehrsunf\u00e4lle mit Personensch\u00e4den f\u00fchren bei \u00e4lteren Verkehrsteilnehmern zum Entzug der Fahrerlaubnis.<\/h3>\n<p>Allgemeinrechtliche Straftaten sind in der Regel durch generalisierte, gewohnheitsm\u00e4\u00dfige Fehleinstellungen und Fehlreaktionen bedingt. Diese erschweren auch eine ad\u00e4quate Bewertung der Normen und Gesetze, die den Stra\u00dfenverkehr regeln, und ein entsprechend angepasstes Verhalten als motorisierter Verkehrsteilnehmer. Ursachen f\u00fcr Straftaten k\u00f6nnen auch Krankheiten sein.<br \/>\nDer Stra\u00dfenverkehr ist ein soziales Handlungsfeld, welches von den Beteiligten &#8222;st\u00e4ndige Vorsicht und gegenseitige R\u00fccksicht&#8220; (\u00a7 1 StVO) erfordert.<\/p>\n<p>[\/vc_column_text][\/vc_column][\/vc_row][vc_row][vc_column][vc_column_text]<\/p>\n<h4>Die gutachterliche Stellungnahme nach F\u00fchrerscheinentzug Senioren und Rentner besteht aus folgenden Bestandteilen:<\/h4>\n<ol>\n<li>\u00a0Erbringung eines \u00e4rztlichen Attests, das in der Regel von Allgemeinmedizinern ausgestellt wird<\/li>\n<li>Erbringung eines aktuellen Sehtestes<\/li>\n<li>\u00a0Fahreignungspr\u00fcfung<\/li>\n<li>Unfallrekonstruktion des Vorwurfes<\/li>\n<\/ol>\n<p>Die Bestandteile 1 und 2 m\u00fcssen vom Betroffenen selbst erbracht werden. Eine Fahreignungspr\u00fcfung f\u00fcr Senioren erfolgt durch einen Fahrsicherheitstrainer der durch mein B\u00fcro vermittelt wird.<\/p>\n<p>Ein etwaiges Gutachten muss daher bei Unfallfluchtfragestellungen sowohl unfallanalytische als auch medizinische und psychologische Umst\u00e4nde ber\u00fccksichtigen. Wenn im Ergebnis nicht mit an Sicherheit grenzender Wahrscheinlichkeit feststeht, dass der konkrete Fahrzeugf\u00fchrer im konkreten Fall das Unfallereignis als solches wahrnehmen und identifizieren konnte oder es auch wahrgenommen hat, ist er vom Vorwurf des unerlaubten Entfernens vom Unfallort freizusprechen.<\/p>\n<p>Haben die zur Entlastung des Beschuldigten beziehungsweise Angeklagten vorgetragenen Einfl\u00fcsse auf dessen individuelle Wahrnehmbarkeit hingegen einen medizinischen oder auch psychologischen Hintergrund, muss allerdings auch das Risiko bedacht werden, dass dieser Vortrag unter Umst\u00e4nden beh\u00f6rdliche Fahreignungszweifel nach \u00a7\u00a7 2 Abs.4, Abs. 8, \u00a73 Stra\u00dfenverkehrsgesetz (StVG) und \u00a7 3 Fahrerlaubnis-Verordnung (FeV) nach sich ziehen kann.<\/p>\n<h4><span style=\"color: #ff0000;\">Diese Vorgehensweise ist nur dann m\u00f6glich, wenn ein Gerichtstermin bevorsteht. Hier greifen auch bestehende Rechtsschutzversicherer mit ein und \u00fcbernehmen die Kosten des Gutachtens.<\/span><\/h4>\n<h4><span style=\"color: #ff0000;\">Wurde Ihnen bereits der F\u00fchrerschein mit einem rechtskr\u00e4ftigen Urteil eines Verkehrsdeliktes entzogen, so ist die Wiedererlangung als Rentner kaum m\u00f6glich. Die Wiederbeantragung darf erst nach 1 Jahr erfolgen und der Deliquent muss sich einer MPU unterziehen.<\/span><\/h4>\n<p>Nutzen Sie daher im Vorfeld die entsprechenden Verteidigungsm\u00f6glichkeiten und beauftragen Sie selbst\u00e4ndig eine private Begutachtung durch einen Sachverst\u00e4ndigen.<\/p>\n<p>[\/vc_column_text][\/vc_column][\/vc_row][vc_row][vc_column][\/vc_column][\/vc_row]<\/p>\n","protected":false},"excerpt":{"rendered":"<p>[vc_row][vc_column][vc_column_text] Fahreignung Begutachtung Rentner Begutachtung nach F\u00fchrerscheinentzug aufgrund des Vorwurfes von Verkehrsdelikten Der nachfolgende Artikel richtet sich ausschlie\u00dflich an Verkehrsteilnehmer, welche nach einem Verkehrsunfall bzw. einem Verkehrsdelikt der F\u00fchrerschein aufgrund der Fahreignung entzogen wurde. Die Erlangung der Fahreignung z.B. nach betrinkenden und berauschenden fahren wird in diesem Artikel nicht aufgezeigt. &nbsp; [\/vc_column_text][\/vc_column][\/vc_row][vc_row][vc_column][vc_column_text]Bei der Beurteilung der&hellip;<\/p>\n","protected":false},"author":1,"featured_media":0,"parent":0,"menu_order":0,"comment_status":"closed","ping_status":"closed","template":"","meta":{"footnotes":""},"class_list":["post-14027","page","type-page","status-publish","hentry","description-off"],"yoast_head":"<!-- This site is optimized with the Yoast SEO Premium plugin v24.9 (Yoast SEO v24.9) - https:\/\/yoast.com\/wordpress\/plugins\/seo\/ -->\n<title>Fahreignung Begutachtung Fahreignungspr\u00fcfung Rentner nach Verkehrsunfall<\/title>\n<meta name=\"description\" content=\"Fahreignung Begutachtung u. Fahreignungspr\u00fcfung nach F\u00fchrerscheinentzug Rentner nach einem Verkehrsunfall \/ Verkehrsdelikt durch einen Sachverst\u00e4ndigen Fahrsicherheitstrainer\" \/>\n<meta name=\"robots\" content=\"index, follow, max-snippet:-1, max-image-preview:large, max-video-preview:-1\" \/>\n<link rel=\"canonical\" href=\"https:\/\/unfallforensik.com\/kfz\/fahreignung-begutachtung\/\" \/>\n<meta property=\"og:locale\" content=\"de_DE\" \/>\n<meta property=\"og:type\" content=\"article\" \/>\n<meta property=\"og:title\" content=\"Fahreignung Begutachtung\" \/>\n<meta property=\"og:description\" content=\"Fahreignung Begutachtung u. Fahreignungspr\u00fcfung nach F\u00fchrerscheinentzug Rentner nach einem Verkehrsunfall \/ Verkehrsdelikt durch einen Sachverst\u00e4ndigen Fahrsicherheitstrainer\" \/>\n<meta property=\"og:url\" content=\"https:\/\/unfallforensik.com\/kfz\/fahreignung-begutachtung\/\" \/>\n<meta property=\"og:site_name\" content=\"KFZ Gutachter Unfallforensik, unfallanalytisches Gutachten, Unfallanalyse, Sachverst\u00e4ndiger, Unfallrekonstruktion\" \/>\n<meta property=\"article:modified_time\" content=\"2019-05-12T03:53:21+00:00\" \/>\n<meta name=\"twitter:card\" content=\"summary_large_image\" \/>\n<meta name=\"twitter:label1\" content=\"Gesch\u00e4tzte Lesezeit\" \/>\n\t<meta name=\"twitter:data1\" content=\"3\u00a0Minuten\" \/>\n<script type=\"application\/ld+json\" class=\"yoast-schema-graph\">{\"@context\":\"https:\/\/schema.org\",\"@graph\":[{\"@type\":\"WebPage\",\"@id\":\"https:\/\/unfallforensik.com\/kfz\/fahreignung-begutachtung\/\",\"url\":\"https:\/\/unfallforensik.com\/kfz\/fahreignung-begutachtung\/\",\"name\":\"Fahreignung Begutachtung Fahreignungspr\u00fcfung Rentner nach Verkehrsunfall\",\"isPartOf\":{\"@id\":\"https:\/\/unfallforensik.com\/kfz\/#website\"},\"datePublished\":\"2019-05-05T11:23:18+00:00\",\"dateModified\":\"2019-05-12T03:53:21+00:00\",\"description\":\"Fahreignung Begutachtung u. Fahreignungspr\u00fcfung nach F\u00fchrerscheinentzug Rentner nach einem Verkehrsunfall \/ Verkehrsdelikt durch einen Sachverst\u00e4ndigen Fahrsicherheitstrainer\",\"breadcrumb\":{\"@id\":\"https:\/\/unfallforensik.com\/kfz\/fahreignung-begutachtung\/#breadcrumb\"},\"inLanguage\":\"de\",\"potentialAction\":[{\"@type\":\"ReadAction\",\"target\":[\"https:\/\/unfallforensik.com\/kfz\/fahreignung-begutachtung\/\"]}]},{\"@type\":\"BreadcrumbList\",\"@id\":\"https:\/\/unfallforensik.com\/kfz\/fahreignung-begutachtung\/#breadcrumb\",\"itemListElement\":[{\"@type\":\"ListItem\",\"position\":1,\"name\":\"Home\",\"item\":\"https:\/\/unfallforensik.com\/kfz\/\"},{\"@type\":\"ListItem\",\"position\":2,\"name\":\"Fahreignung Begutachtung\"}]},{\"@type\":\"WebSite\",\"@id\":\"https:\/\/unfallforensik.com\/kfz\/#website\",\"url\":\"https:\/\/unfallforensik.com\/kfz\/\",\"name\":\"KFZ Gutachter Unfallforensik, unfallanalytisches Gutachten, Unfallanalyse, Sachverst\u00e4ndiger, Unfallrekonstruktion\",\"description\":\"KFZ Gutachter,Unfallschaden,Unfallrekonstruktion,unfallanalytisches Verfahren\",\"publisher\":{\"@id\":\"https:\/\/unfallforensik.com\/kfz\/#organization\"},\"potentialAction\":[{\"@type\":\"SearchAction\",\"target\":{\"@type\":\"EntryPoint\",\"urlTemplate\":\"https:\/\/unfallforensik.com\/kfz\/?s={search_term_string}\"},\"query-input\":{\"@type\":\"PropertyValueSpecification\",\"valueRequired\":true,\"valueName\":\"search_term_string\"}}],\"inLanguage\":\"de\"},{\"@type\":\"Organization\",\"@id\":\"https:\/\/unfallforensik.com\/kfz\/#organization\",\"name\":\"KFZ Gutachter Unfallforensik, unfallanalytisches Gutachten, Unfallanalyse, Sachverst\u00e4ndiger, Unfallrekonstruktion\",\"url\":\"https:\/\/unfallforensik.com\/kfz\/\",\"logo\":{\"@type\":\"ImageObject\",\"inLanguage\":\"de\",\"@id\":\"https:\/\/unfallforensik.com\/kfz\/#\/schema\/logo\/image\/\",\"url\":\"https:\/\/unfallforensik.com\/kfz\/wp-content\/uploads\/2022\/05\/logo57.png\",\"contentUrl\":\"https:\/\/unfallforensik.com\/kfz\/wp-content\/uploads\/2022\/05\/logo57.png\",\"width\":57,\"height\":57,\"caption\":\"KFZ Gutachter Unfallforensik, unfallanalytisches Gutachten, Unfallanalyse, Sachverst\u00e4ndiger, Unfallrekonstruktion\"},\"image\":{\"@id\":\"https:\/\/unfallforensik.com\/kfz\/#\/schema\/logo\/image\/\"}}]}<\/script>\n<!-- \/ Yoast SEO Premium plugin. -->","yoast_head_json":{"title":"Fahreignung Begutachtung Fahreignungspr\u00fcfung Rentner nach Verkehrsunfall","description":"Fahreignung Begutachtung u. Fahreignungspr\u00fcfung nach F\u00fchrerscheinentzug Rentner nach einem Verkehrsunfall \/ Verkehrsdelikt durch einen Sachverst\u00e4ndigen Fahrsicherheitstrainer","robots":{"index":"index","follow":"follow","max-snippet":"max-snippet:-1","max-image-preview":"max-image-preview:large","max-video-preview":"max-video-preview:-1"},"canonical":"https:\/\/unfallforensik.com\/kfz\/fahreignung-begutachtung\/","og_locale":"de_DE","og_type":"article","og_title":"Fahreignung Begutachtung","og_description":"Fahreignung Begutachtung u. Fahreignungspr\u00fcfung nach F\u00fchrerscheinentzug Rentner nach einem Verkehrsunfall \/ Verkehrsdelikt durch einen Sachverst\u00e4ndigen Fahrsicherheitstrainer","og_url":"https:\/\/unfallforensik.com\/kfz\/fahreignung-begutachtung\/","og_site_name":"KFZ Gutachter Unfallforensik, unfallanalytisches Gutachten, Unfallanalyse, Sachverst\u00e4ndiger, Unfallrekonstruktion","article_modified_time":"2019-05-12T03:53:21+00:00","twitter_card":"summary_large_image","twitter_misc":{"Gesch\u00e4tzte Lesezeit":"3\u00a0Minuten"},"schema":{"@context":"https:\/\/schema.org","@graph":[{"@type":"WebPage","@id":"https:\/\/unfallforensik.com\/kfz\/fahreignung-begutachtung\/","url":"https:\/\/unfallforensik.com\/kfz\/fahreignung-begutachtung\/","name":"Fahreignung Begutachtung Fahreignungspr\u00fcfung Rentner nach Verkehrsunfall","isPartOf":{"@id":"https:\/\/unfallforensik.com\/kfz\/#website"},"datePublished":"2019-05-05T11:23:18+00:00","dateModified":"2019-05-12T03:53:21+00:00","description":"Fahreignung Begutachtung u. Fahreignungspr\u00fcfung nach F\u00fchrerscheinentzug Rentner nach einem Verkehrsunfall \/ Verkehrsdelikt durch einen Sachverst\u00e4ndigen Fahrsicherheitstrainer","breadcrumb":{"@id":"https:\/\/unfallforensik.com\/kfz\/fahreignung-begutachtung\/#breadcrumb"},"inLanguage":"de","potentialAction":[{"@type":"ReadAction","target":["https:\/\/unfallforensik.com\/kfz\/fahreignung-begutachtung\/"]}]},{"@type":"BreadcrumbList","@id":"https:\/\/unfallforensik.com\/kfz\/fahreignung-begutachtung\/#breadcrumb","itemListElement":[{"@type":"ListItem","position":1,"name":"Home","item":"https:\/\/unfallforensik.com\/kfz\/"},{"@type":"ListItem","position":2,"name":"Fahreignung Begutachtung"}]},{"@type":"WebSite","@id":"https:\/\/unfallforensik.com\/kfz\/#website","url":"https:\/\/unfallforensik.com\/kfz\/","name":"KFZ Gutachter Unfallforensik, unfallanalytisches Gutachten, Unfallanalyse, Sachverst\u00e4ndiger, Unfallrekonstruktion","description":"KFZ Gutachter,Unfallschaden,Unfallrekonstruktion,unfallanalytisches Verfahren","publisher":{"@id":"https:\/\/unfallforensik.com\/kfz\/#organization"},"potentialAction":[{"@type":"SearchAction","target":{"@type":"EntryPoint","urlTemplate":"https:\/\/unfallforensik.com\/kfz\/?s={search_term_string}"},"query-input":{"@type":"PropertyValueSpecification","valueRequired":true,"valueName":"search_term_string"}}],"inLanguage":"de"},{"@type":"Organization","@id":"https:\/\/unfallforensik.com\/kfz\/#organization","name":"KFZ Gutachter Unfallforensik, unfallanalytisches Gutachten, Unfallanalyse, Sachverst\u00e4ndiger, Unfallrekonstruktion","url":"https:\/\/unfallforensik.com\/kfz\/","logo":{"@type":"ImageObject","inLanguage":"de","@id":"https:\/\/unfallforensik.com\/kfz\/#\/schema\/logo\/image\/","url":"https:\/\/unfallforensik.com\/kfz\/wp-content\/uploads\/2022\/05\/logo57.png","contentUrl":"https:\/\/unfallforensik.com\/kfz\/wp-content\/uploads\/2022\/05\/logo57.png","width":57,"height":57,"caption":"KFZ Gutachter Unfallforensik, unfallanalytisches Gutachten, Unfallanalyse, Sachverst\u00e4ndiger, Unfallrekonstruktion"},"image":{"@id":"https:\/\/unfallforensik.com\/kfz\/#\/schema\/logo\/image\/"}}]}},"_links":{"self":[{"href":"https:\/\/unfallforensik.com\/kfz\/wp-json\/wp\/v2\/pages\/14027","targetHints":{"allow":["GET"]}}],"collection":[{"href":"https:\/\/unfallforensik.com\/kfz\/wp-json\/wp\/v2\/pages"}],"about":[{"href":"https:\/\/unfallforensik.com\/kfz\/wp-json\/wp\/v2\/types\/page"}],"author":[{"embeddable":true,"href":"https:\/\/unfallforensik.com\/kfz\/wp-json\/wp\/v2\/users\/1"}],"replies":[{"embeddable":true,"href":"https:\/\/unfallforensik.com\/kfz\/wp-json\/wp\/v2\/comments?post=14027"}],"version-history":[{"count":0,"href":"https:\/\/unfallforensik.com\/kfz\/wp-json\/wp\/v2\/pages\/14027\/revisions"}],"wp:attachment":[{"href":"https:\/\/unfallforensik.com\/kfz\/wp-json\/wp\/v2\/media?parent=14027"}],"curies":[{"name":"wp","href":"https:\/\/api.w.org\/{rel}","templated":true}]}}