{"id":14017,"date":"2019-05-05T11:15:55","date_gmt":"2019-05-05T09:15:55","guid":{"rendered":"http:\/\/unfallforensik.com\/kfz\/?page_id=14017"},"modified":"2019-05-05T13:12:00","modified_gmt":"2019-05-05T11:12:00","slug":"verkehrsunfall-personenschaden","status":"publish","type":"page","link":"https:\/\/unfallforensik.com\/kfz\/verkehrsunfall-personenschaden\/","title":{"rendered":"Verkehrsunfall Personenschaden"},"content":{"rendered":"<p>[vc_row][vc_column][big_title2 bigtitle_content=&#8220;Verkehrsunfall Personenschaden&#8220;][subtitle2 subtitle_content=&#8220;Vorwurf der fahrl\u00e4ssigen K\u00f6rperverletzung&#8220;][\/vc_column][\/vc_row][vc_row][vc_column width=&#8220;1\/3&#8243;][vc_single_image image=&#8220;14023&#8243; img_size=&#8220;full&#8220;][\/vc_column][vc_column width=&#8220;2\/3&#8243;][vc_column_text]<em>Fahrl\u00e4ssige K\u00f6rperverletzung: Auch der versierteste Verkehrsteilnehmer kann im Stra\u00dfenverkehr einen Unfall verursachen. Wenn dieser einen Personenschaden zur Folge hat, sieht man sich leicht mit einem polizeilichen\u00a0Ermittlungsverfahren konfrontiert. Der Vorwurf lautet dann: Fahrl\u00e4ssige K\u00f6rperverletzung,\u00a0<a href=\"https:\/\/www.gesetze-im-internet.de\/stgb\/__229.html\">\u00a7 229 Strafgesetzbuch (StGB)<\/a>: \u201cWer durch Fahrl\u00e4ssigkeit die K\u00f6rperverletzung einer anderen Person verursacht, wird mit Freiheitsstrafe bis zu drei Jahren oder mit Geldstrafe bestraft.\u201d\u00a0<\/em><\/p>\n<p>[\/vc_column_text][\/vc_column][\/vc_row][vc_row][vc_column][vc_column_text]<\/p>\n<h3>Verkehrsunfall mit Personenschaden<\/h3>\n<h4>Was bedeutet K\u00f6rperverletzung im rechtlichen Sinne ?<\/h4>\n<p>Unter einer\u00a0<a href=\"https:\/\/unfallforensik.com\/kfz\/fahrlaessige-koerperverletzung-nach-verkehrsunfall\/\">K\u00f6rperverletzung<\/a>\u00a0versteht man jede Gesundheitsbesch\u00e4digung oder k\u00f6rperliche Misshandlung im Sinne des\u00a0<a href=\"httpss:\/\/dejure.org\/gesetze\/StGB\/223.html\">\u00a7 223 StGB<\/a>. Die K\u00f6rperverletzung muss auf einem fahrl\u00e4ssigen Verhalten des T\u00e4ters beruhen. Verlangt wird hierbei grunds\u00e4tzlich, dass die Handlung objektiv sorgfaltswidrig und subjektiv vorwerfbar war. Dies zeichnet die Fahrl\u00e4ssigkeit aus. Ein Versto\u00df gegen eine objektive Sorgfaltspflicht kann etwa dann vorliegen, wenn z.B. gegen die angemessene Geschwindigkeit versto\u00dfen wird.<\/p>\n<p>Damit eine fahrl\u00e4ssige K\u00f6rperverletzung angenommen werden kann muss ein Zusammenhang zwischen der Pflichtverletzung und der Sch\u00e4digung vorliegen. Der Personenschaden muss somit unmittelbar aus der Pflichtverletzung resultieren. Auch muss der Eintritt der Verletzung vorhersehbar gewesen sein, das bedeutet, dass der Verursacher nach den Erfahrungen des t\u00e4glichen Lebens damit rechnen musste.<\/p>\n<p>So muss ein Autofahrer in etwa damit rechnen, dass im Winter die Stra\u00dfen aufgrund der Wetterverh\u00e4ltnisse glatt sein k\u00f6nnen und sich der Bremsweg in diesem Fall verl\u00e4ngert. Hinzu kommt, dass die fahrl\u00e4ssige K\u00f6rperverletzung vermeidbar gewesen sein muss. Unvermeidbar w\u00e4re sie dann, wenn sie auch mit pflichtbewusstem Handeln (z.B. angemessene Geschwindigkeit, ausreichender Schulterblick, usw.) eingetreten w\u00e4re.<\/p>\n<p>[\/vc_column_text][vc_column_text]<\/p>\n<h3><span style=\"color: #ff0000;\">Bei einem Verkehrsunfall Personenschaden sollten Sie unverz\u00fcglich einen KFZ Sachverst\u00e4ndigen f\u00fcr Unfallrekonstruktion und Stra\u00dfenverkehrsunf\u00e4lle hinzuziehen.<\/span><\/h3>\n<p>In einem <a href=\"https:\/\/unfallforensik.com\/kfz\/fahrlaessige-koerperverletzung-nach-verkehrsunfall\/\">strafrechtlichen Verfahren<\/a> ist die Hinzuziehung zur Aufkl\u00e4rung eines Verkehrsunfalls mit Personenschaden ein hinreichendes <a href=\"https:\/\/unfallforensik.com\/kfz\/unfallanalytisches-privatgutachten\/\">Beweismittel<\/a>, auch wenn es sich um ein Privatgutachten handelt.<\/p>\n<p>Seitens der ermittelnden Beh\u00f6rde, hier die Staatsanwaltschaft wird durch einen Sachverst\u00e4ndigen gepr\u00fcft, ob die Staatsanwaltschaft gegen Sie eine Anklage erhebt. Bei einer Anklage steht bereits durch ein <a href=\"https:\/\/unfallforensik.com\/kfz\/unfallrekonstruktion-berlin-brandenburg\/\">verkehrsanalytisches Gutachten<\/a> fest, das Sie die Schuld am Unfall tragen.<\/p>\n<p><span style=\"color: #ff0000;\">Da diese Gutachten auch Fehler aufweisen k\u00f6nnen sollte generell durch einen von Ihnen hinzugezogenen Sachverst\u00e4ndigen der Vorwurf gepr\u00fcft werden.<\/span><\/p>\n<p>Es ist Ihre Aufgabe einen Gegenbeweis zu erbringen und nicht die Aufgabe des Gerichtes.<\/p>\n<p>[\/vc_column_text][\/vc_column][\/vc_row]<\/p>\n","protected":false},"excerpt":{"rendered":"<p>[vc_row][vc_column][big_title2 bigtitle_content=&#8220;Verkehrsunfall Personenschaden&#8220;][subtitle2 subtitle_content=&#8220;Vorwurf der fahrl\u00e4ssigen K\u00f6rperverletzung&#8220;][\/vc_column][\/vc_row][vc_row][vc_column width=&#8220;1\/3&#8243;][vc_single_image image=&#8220;14023&#8243; img_size=&#8220;full&#8220;][\/vc_column][vc_column width=&#8220;2\/3&#8243;][vc_column_text]Fahrl\u00e4ssige K\u00f6rperverletzung: Auch der versierteste Verkehrsteilnehmer kann im Stra\u00dfenverkehr einen Unfall verursachen. Wenn dieser einen Personenschaden zur Folge hat, sieht man sich leicht mit einem polizeilichen\u00a0Ermittlungsverfahren konfrontiert. Der Vorwurf lautet dann: Fahrl\u00e4ssige K\u00f6rperverletzung,\u00a0\u00a7 229 Strafgesetzbuch (StGB): \u201cWer durch Fahrl\u00e4ssigkeit die K\u00f6rperverletzung einer anderen Person verursacht,&hellip;<\/p>\n","protected":false},"author":1,"featured_media":0,"parent":0,"menu_order":0,"comment_status":"closed","ping_status":"closed","template":"","meta":{"footnotes":""},"class_list":["post-14017","page","type-page","status-publish","hentry","description-off"],"yoast_head":"<!-- This site is optimized with the Yoast SEO Premium plugin v24.9 (Yoast SEO v24.9) - https:\/\/yoast.com\/wordpress\/plugins\/seo\/ -->\n<title>Verkehrsunfall Personenschaden - KFZ Sachverst\u00e4ndiger Verkehrunfall mit Personenschaden<\/title>\n<meta name=\"description\" content=\"unfall mit personenschaden was kommt auf mich zuablauf nach unfall mit personenschaden unfall personenschaden polizeifahrl\u00e4ssige k\u00f6rperverletzung verkehrsunfallfahrl\u00e4ssige k\u00f6rperverletzung bei verkehrsunfall forumfahrl\u00e4ssige k\u00f6rperverletzung bei verkehrsunfall par 229 stgbrote ampel unfall mit personenschadenfahrl\u00e4ssige k\u00f6rperverletzung verkehrsunfall leichte verletzung\" \/>\n<meta name=\"robots\" content=\"index, follow, max-snippet:-1, max-image-preview:large, max-video-preview:-1\" \/>\n<link rel=\"canonical\" href=\"https:\/\/unfallforensik.com\/kfz\/verkehrsunfall-personenschaden\/\" \/>\n<meta property=\"og:locale\" content=\"de_DE\" \/>\n<meta property=\"og:type\" content=\"article\" \/>\n<meta property=\"og:title\" content=\"Verkehrsunfall Personenschaden\" \/>\n<meta property=\"og:description\" content=\"unfall mit personenschaden was kommt auf mich zuablauf nach unfall mit personenschaden unfall personenschaden polizeifahrl\u00e4ssige k\u00f6rperverletzung verkehrsunfallfahrl\u00e4ssige k\u00f6rperverletzung bei verkehrsunfall forumfahrl\u00e4ssige k\u00f6rperverletzung bei verkehrsunfall par 229 stgbrote ampel unfall mit personenschadenfahrl\u00e4ssige k\u00f6rperverletzung verkehrsunfall leichte verletzung\" \/>\n<meta property=\"og:url\" content=\"https:\/\/unfallforensik.com\/kfz\/verkehrsunfall-personenschaden\/\" \/>\n<meta property=\"og:site_name\" content=\"KFZ Gutachter Unfallforensik, unfallanalytisches Gutachten, Unfallanalyse, Sachverst\u00e4ndiger, Unfallrekonstruktion\" \/>\n<meta property=\"article:modified_time\" content=\"2019-05-05T11:12:00+00:00\" \/>\n<meta name=\"twitter:card\" content=\"summary_large_image\" \/>\n<meta name=\"twitter:label1\" content=\"Gesch\u00e4tzte Lesezeit\" \/>\n\t<meta name=\"twitter:data1\" content=\"2\u00a0Minuten\" \/>\n<script type=\"application\/ld+json\" class=\"yoast-schema-graph\">{\"@context\":\"https:\/\/schema.org\",\"@graph\":[{\"@type\":\"WebPage\",\"@id\":\"https:\/\/unfallforensik.com\/kfz\/verkehrsunfall-personenschaden\/\",\"url\":\"https:\/\/unfallforensik.com\/kfz\/verkehrsunfall-personenschaden\/\",\"name\":\"Verkehrsunfall Personenschaden - KFZ Sachverst\u00e4ndiger Verkehrunfall mit Personenschaden\",\"isPartOf\":{\"@id\":\"https:\/\/unfallforensik.com\/kfz\/#website\"},\"datePublished\":\"2019-05-05T09:15:55+00:00\",\"dateModified\":\"2019-05-05T11:12:00+00:00\",\"description\":\"unfall mit personenschaden was kommt auf mich zuablauf nach unfall mit personenschaden unfall personenschaden polizeifahrl\u00e4ssige k\u00f6rperverletzung verkehrsunfallfahrl\u00e4ssige k\u00f6rperverletzung bei verkehrsunfall forumfahrl\u00e4ssige k\u00f6rperverletzung bei verkehrsunfall par 229 stgbrote ampel unfall mit personenschadenfahrl\u00e4ssige k\u00f6rperverletzung verkehrsunfall leichte verletzung\",\"breadcrumb\":{\"@id\":\"https:\/\/unfallforensik.com\/kfz\/verkehrsunfall-personenschaden\/#breadcrumb\"},\"inLanguage\":\"de\",\"potentialAction\":[{\"@type\":\"ReadAction\",\"target\":[\"https:\/\/unfallforensik.com\/kfz\/verkehrsunfall-personenschaden\/\"]}]},{\"@type\":\"BreadcrumbList\",\"@id\":\"https:\/\/unfallforensik.com\/kfz\/verkehrsunfall-personenschaden\/#breadcrumb\",\"itemListElement\":[{\"@type\":\"ListItem\",\"position\":1,\"name\":\"Home\",\"item\":\"https:\/\/unfallforensik.com\/kfz\/\"},{\"@type\":\"ListItem\",\"position\":2,\"name\":\"Verkehrsunfall Personenschaden\"}]},{\"@type\":\"WebSite\",\"@id\":\"https:\/\/unfallforensik.com\/kfz\/#website\",\"url\":\"https:\/\/unfallforensik.com\/kfz\/\",\"name\":\"KFZ Gutachter Unfallforensik, unfallanalytisches Gutachten, Unfallanalyse, Sachverst\u00e4ndiger, Unfallrekonstruktion\",\"description\":\"KFZ Gutachter,Unfallschaden,Unfallrekonstruktion,unfallanalytisches Verfahren\",\"publisher\":{\"@id\":\"https:\/\/unfallforensik.com\/kfz\/#organization\"},\"potentialAction\":[{\"@type\":\"SearchAction\",\"target\":{\"@type\":\"EntryPoint\",\"urlTemplate\":\"https:\/\/unfallforensik.com\/kfz\/?s={search_term_string}\"},\"query-input\":{\"@type\":\"PropertyValueSpecification\",\"valueRequired\":true,\"valueName\":\"search_term_string\"}}],\"inLanguage\":\"de\"},{\"@type\":\"Organization\",\"@id\":\"https:\/\/unfallforensik.com\/kfz\/#organization\",\"name\":\"KFZ Gutachter Unfallforensik, unfallanalytisches Gutachten, Unfallanalyse, Sachverst\u00e4ndiger, Unfallrekonstruktion\",\"url\":\"https:\/\/unfallforensik.com\/kfz\/\",\"logo\":{\"@type\":\"ImageObject\",\"inLanguage\":\"de\",\"@id\":\"https:\/\/unfallforensik.com\/kfz\/#\/schema\/logo\/image\/\",\"url\":\"https:\/\/unfallforensik.com\/kfz\/wp-content\/uploads\/2022\/05\/logo57.png\",\"contentUrl\":\"https:\/\/unfallforensik.com\/kfz\/wp-content\/uploads\/2022\/05\/logo57.png\",\"width\":57,\"height\":57,\"caption\":\"KFZ Gutachter Unfallforensik, unfallanalytisches Gutachten, Unfallanalyse, Sachverst\u00e4ndiger, Unfallrekonstruktion\"},\"image\":{\"@id\":\"https:\/\/unfallforensik.com\/kfz\/#\/schema\/logo\/image\/\"}}]}<\/script>\n<!-- \/ Yoast SEO Premium plugin. -->","yoast_head_json":{"title":"Verkehrsunfall Personenschaden - KFZ Sachverst\u00e4ndiger Verkehrunfall mit Personenschaden","description":"unfall mit personenschaden was kommt auf mich zuablauf nach unfall mit personenschaden unfall personenschaden polizeifahrl\u00e4ssige k\u00f6rperverletzung verkehrsunfallfahrl\u00e4ssige k\u00f6rperverletzung bei verkehrsunfall forumfahrl\u00e4ssige k\u00f6rperverletzung bei verkehrsunfall par 229 stgbrote ampel unfall mit personenschadenfahrl\u00e4ssige k\u00f6rperverletzung verkehrsunfall leichte verletzung","robots":{"index":"index","follow":"follow","max-snippet":"max-snippet:-1","max-image-preview":"max-image-preview:large","max-video-preview":"max-video-preview:-1"},"canonical":"https:\/\/unfallforensik.com\/kfz\/verkehrsunfall-personenschaden\/","og_locale":"de_DE","og_type":"article","og_title":"Verkehrsunfall Personenschaden","og_description":"unfall mit personenschaden was kommt auf mich zuablauf nach unfall mit personenschaden unfall personenschaden polizeifahrl\u00e4ssige k\u00f6rperverletzung verkehrsunfallfahrl\u00e4ssige k\u00f6rperverletzung bei verkehrsunfall forumfahrl\u00e4ssige k\u00f6rperverletzung bei verkehrsunfall par 229 stgbrote ampel unfall mit personenschadenfahrl\u00e4ssige k\u00f6rperverletzung verkehrsunfall leichte verletzung","og_url":"https:\/\/unfallforensik.com\/kfz\/verkehrsunfall-personenschaden\/","og_site_name":"KFZ Gutachter Unfallforensik, unfallanalytisches Gutachten, Unfallanalyse, Sachverst\u00e4ndiger, Unfallrekonstruktion","article_modified_time":"2019-05-05T11:12:00+00:00","twitter_card":"summary_large_image","twitter_misc":{"Gesch\u00e4tzte Lesezeit":"2\u00a0Minuten"},"schema":{"@context":"https:\/\/schema.org","@graph":[{"@type":"WebPage","@id":"https:\/\/unfallforensik.com\/kfz\/verkehrsunfall-personenschaden\/","url":"https:\/\/unfallforensik.com\/kfz\/verkehrsunfall-personenschaden\/","name":"Verkehrsunfall Personenschaden - KFZ Sachverst\u00e4ndiger Verkehrunfall mit Personenschaden","isPartOf":{"@id":"https:\/\/unfallforensik.com\/kfz\/#website"},"datePublished":"2019-05-05T09:15:55+00:00","dateModified":"2019-05-05T11:12:00+00:00","description":"unfall mit personenschaden was kommt auf mich zuablauf nach unfall mit personenschaden unfall personenschaden polizeifahrl\u00e4ssige k\u00f6rperverletzung verkehrsunfallfahrl\u00e4ssige k\u00f6rperverletzung bei verkehrsunfall forumfahrl\u00e4ssige k\u00f6rperverletzung bei verkehrsunfall par 229 stgbrote ampel unfall mit personenschadenfahrl\u00e4ssige k\u00f6rperverletzung verkehrsunfall leichte verletzung","breadcrumb":{"@id":"https:\/\/unfallforensik.com\/kfz\/verkehrsunfall-personenschaden\/#breadcrumb"},"inLanguage":"de","potentialAction":[{"@type":"ReadAction","target":["https:\/\/unfallforensik.com\/kfz\/verkehrsunfall-personenschaden\/"]}]},{"@type":"BreadcrumbList","@id":"https:\/\/unfallforensik.com\/kfz\/verkehrsunfall-personenschaden\/#breadcrumb","itemListElement":[{"@type":"ListItem","position":1,"name":"Home","item":"https:\/\/unfallforensik.com\/kfz\/"},{"@type":"ListItem","position":2,"name":"Verkehrsunfall Personenschaden"}]},{"@type":"WebSite","@id":"https:\/\/unfallforensik.com\/kfz\/#website","url":"https:\/\/unfallforensik.com\/kfz\/","name":"KFZ Gutachter Unfallforensik, unfallanalytisches Gutachten, Unfallanalyse, Sachverst\u00e4ndiger, Unfallrekonstruktion","description":"KFZ Gutachter,Unfallschaden,Unfallrekonstruktion,unfallanalytisches Verfahren","publisher":{"@id":"https:\/\/unfallforensik.com\/kfz\/#organization"},"potentialAction":[{"@type":"SearchAction","target":{"@type":"EntryPoint","urlTemplate":"https:\/\/unfallforensik.com\/kfz\/?s={search_term_string}"},"query-input":{"@type":"PropertyValueSpecification","valueRequired":true,"valueName":"search_term_string"}}],"inLanguage":"de"},{"@type":"Organization","@id":"https:\/\/unfallforensik.com\/kfz\/#organization","name":"KFZ Gutachter Unfallforensik, unfallanalytisches Gutachten, Unfallanalyse, Sachverst\u00e4ndiger, Unfallrekonstruktion","url":"https:\/\/unfallforensik.com\/kfz\/","logo":{"@type":"ImageObject","inLanguage":"de","@id":"https:\/\/unfallforensik.com\/kfz\/#\/schema\/logo\/image\/","url":"https:\/\/unfallforensik.com\/kfz\/wp-content\/uploads\/2022\/05\/logo57.png","contentUrl":"https:\/\/unfallforensik.com\/kfz\/wp-content\/uploads\/2022\/05\/logo57.png","width":57,"height":57,"caption":"KFZ Gutachter Unfallforensik, unfallanalytisches Gutachten, Unfallanalyse, Sachverst\u00e4ndiger, Unfallrekonstruktion"},"image":{"@id":"https:\/\/unfallforensik.com\/kfz\/#\/schema\/logo\/image\/"}}]}},"_links":{"self":[{"href":"https:\/\/unfallforensik.com\/kfz\/wp-json\/wp\/v2\/pages\/14017","targetHints":{"allow":["GET"]}}],"collection":[{"href":"https:\/\/unfallforensik.com\/kfz\/wp-json\/wp\/v2\/pages"}],"about":[{"href":"https:\/\/unfallforensik.com\/kfz\/wp-json\/wp\/v2\/types\/page"}],"author":[{"embeddable":true,"href":"https:\/\/unfallforensik.com\/kfz\/wp-json\/wp\/v2\/users\/1"}],"replies":[{"embeddable":true,"href":"https:\/\/unfallforensik.com\/kfz\/wp-json\/wp\/v2\/comments?post=14017"}],"version-history":[{"count":0,"href":"https:\/\/unfallforensik.com\/kfz\/wp-json\/wp\/v2\/pages\/14017\/revisions"}],"wp:attachment":[{"href":"https:\/\/unfallforensik.com\/kfz\/wp-json\/wp\/v2\/media?parent=14017"}],"curies":[{"name":"wp","href":"https:\/\/api.w.org\/{rel}","templated":true}]}}