{"id":13775,"date":"2018-11-25T10:18:57","date_gmt":"2018-11-25T09:18:57","guid":{"rendered":"http:\/\/unfallforensik.com\/kfz\/?page_id=13775"},"modified":"2020-02-12T16:52:38","modified_gmt":"2020-02-12T15:52:38","slug":"fahrlaessige-koerperverletzung-nach-verkehrsunfall","status":"publish","type":"page","link":"https:\/\/unfallforensik.com\/kfz\/fahrlaessige-koerperverletzung-nach-verkehrsunfall\/","title":{"rendered":"Fahrl\u00e4ssige K\u00f6rperverletzung Verkehrsunfall"},"content":{"rendered":"<p>[vc_row][vc_column][subtitle3 subtitle_content=&#8220;Fahrl\u00e4ssige K\u00f6rperverletzung Verkehrsunfall&#8220;][vc_column_text]Nach einem Verkehrsunfall mit Personenschaden sieht sich der nicht verletzte Unfallbeteiligte schnell einem Ermittlungsverfahren wegen des Verdachts der fahrl\u00e4ssigen K\u00f6rperverletzung ausgesetzt. Schlimmstenfalls ist mit einer Freiheitsstrafe bis zu drei Jahren zu rechnen.<\/p>\n<h4>Ich m\u00f6chte Ihnen hier kurz aufzeigen, worauf Sie achten sollten.<\/h4>\n<p>[\/vc_column_text][vc_column_text]<strong>Welche Strafe droht wegen des Verdachts der fahrl\u00e4ssigen K\u00f6rperverletzung?<\/strong><\/p>\n<p>Der Tatbestand der fahrl\u00e4ssigen K\u00f6rperverletzung nach \u00a7 229 StGB sieht als H\u00f6chststrafe eine Freiheitsstrafe von bis zu 3 Jahren oder Geldstrafe vor. Die konkrete Verh\u00e4ngung der Strafe im Einzelfall h\u00e4ngt von den Umst\u00e4nden des Tatgeschehens ab. Zu ber\u00fccksichtigen sind Umst\u00e4nde wie etwaige Vorstrafen, die Schwere der Verletzungen, das Ma\u00df der Fahrl\u00e4ssigkeit und etwaiges Mitverschulden des Gesch\u00e4digten. Handelt es sich bei dem Personenschaden um kleinere Verletzungen und um eine geringe Pflichtverletzung ist die Wahrscheinlichkeit gro\u00df, dass das Verfahren gegen den Verursacher eingestellt wird.<\/p>\n<p>Je schwerwiegender die Verletzungen und der Pflichtverletzung sind umso wahrscheinlicher ist hingegen eine strafrechtliche Verfolgung.<\/p>\n<p><span style=\"color: #993300;\">Bitte beachten Sie, das Strafen in Verbindung mit Alkohol und Bet\u00e4ubungsmitteln schwerer geahndet werden.<\/span><\/p>\n<p>Auch wenn Ihre Unschuld an einem Verkehrsunfall in der polizeilichen Unfallaufnahme verneint wurde oder der Verletzte einen nicht unerhebliche Mitschuld trifft bedeutet dieses noch keine Freistellung.<\/p>\n<p><strong>Die Polizei leitet bei jedem Verkehrsunfall mit Personenschaden ein Ermittlungsverfahren\u00a0gegen den vermeintlichen Unfallverursacher ein.<\/strong><\/p>\n<p>[\/vc_column_text][vc_single_image image=&#8220;13792&#8243; img_size=&#8220;full&#8220; alignment=&#8220;center&#8220; css_animation=&#8220;rotateIn&#8220;][\/vc_column][\/vc_row][vc_row][vc_column width=&#8220;2\/3&#8243;][vc_column_text]<\/p>\n<h2><small>Beim Vorwurf einer fahrl\u00e4ssigen K\u00f6rperverletzung ist die Hinzuziehung eines Rechtsanwaltes sinnvoll !!<\/small><\/h2>\n<p>Der Vorwurf einer fahrl\u00e4ssigen K\u00f6rperverletzung nach einem Unfall sollte -wie gesagt &#8211; nicht auf die leichte Schulter genommen werden. Insbesondere wegen der gravierenden Folgen sollte vielmehr m\u00f6glichst in einem fr\u00fchen Stadium ein Anwalt f\u00fcr Verkehrsrecht hinzugezogen werden.<\/p>\n<p>Haben Sie nach einem Verkehrsunfall eine Vorladung zur Vernehmung oder einen Anh\u00f6rungsbogen von der Polizei erhalten, so ist es grunds\u00e4tzlich sinnvoll, zun\u00e4chst keine Angaben zur Sache machen. Ein Anwalt hat das Recht, in die &#8211; dem Verkehrunfall zugrunde liegende &#8211; Ermittlungsakte Einsicht zu nehmen. Erst nach erfolgter Akteneinsicht hat man einen umfassenden \u00dcberblick, was Ihnen genau vorgeworfen wird. Sodann kann entschieden werden, welches Vorgehen sinnvoll ist.<\/p>\n<p>Mit anwaltlicher Hilfe l\u00e4sst sich nicht selten erreichen, dass das eingeleitete Ermittlungsverfahren eingestellt wird. Dabei muss die Staatsanwaltschaft davon \u00fcberzeugt werden, dass die Durchf\u00fchrung eines Strafverfahrens vor Gericht nicht notwendig ist.\u00a0Es gibt verschiedene M\u00f6glichkeiten, warum ein Verfahren eingestellt werden kann, z.B. wegen Geringf\u00fcgigkeit oder Unschuld. Es gibt auch die M\u00f6glichkeit, dass das Verfahren gegen eine Auflage eingestellt wird mit dem Vortei, dass keine Eintragung in das F\u00fchrungszeugnis oder das Bundeszentralregister erfolgt. Auch Punkte in Flensburg bleiben dem Beschuldigten erspart.<\/p>\n<p>[\/vc_column_text][\/vc_column][vc_column width=&#8220;1\/3&#8243;][vc_single_image image=&#8220;13790&#8243; img_size=&#8220;full&#8220; onclick=&#8220;custom_link&#8220; img_link_target=&#8220;_blank&#8220; css_animation=&#8220;bounceInRight&#8220; link=&#8220;httpss:\/\/www.anwalt.de\/fachanwalt\/verkehrsrecht.php&#8220;][\/vc_column][\/vc_row][vc_row][vc_column][vc_text_separator title=&#8220;So beweisen Sie Ihre Unschuld beim Verkehrsunfall mit fahrl\u00e4ssiger K\u00f6rperverletzung&#8220; i_icon_fontawesome=&#8220;fa fa-check&#8220; title_align=&#8220;separator_align_left&#8220; add_icon=&#8220;true&#8220;][vc_column_text]In den meisten F\u00e4llen ist es notwendig neben einen guten Anwalt auch einen Sachverst\u00e4ndigen f\u00fcr Unfallrekonstruktion beim Tatvorwurf der fahrl\u00e4ssigen K\u00f6rperverletzung zu beauftragen. <a href=\"https:\/\/unfallforensik.com\/kfz\/gegengutachten-strafverfahren\/\">So k\u00f6nnen Sie ihre Unschuld nur beweisen<\/a>. Ein einfacher Tatsachenvortrag wird den Vorwurf der fahrl\u00e4ssigen K\u00f6rperverletzung nicht ersch\u00fcttern. <a href=\"https:\/\/unfallforensik.com\/kfz\/einwendungen-gutachten-unfall\/\">Einwendungen gegen das Gutachten m\u00fcssen her<\/a>.<\/p>\n<p>Wir vertreten \u00a0Sie bundesweit! Rufen Sie gleich an!<\/p>\n<p><a href=\"https:\/\/unfallforensik.com\/kfz\/wp-content\/uploads\/2018\/11\/visitenkarte.jpg\"><img fetchpriority=\"high\" decoding=\"async\" class=\"aligncenter wp-image-13787 size-full\" src=\"https:\/\/unfallforensik.com\/kfz\/wp-content\/uploads\/2018\/11\/visitenkarte.jpg\" alt=\"Unfallanalyse,Unfallrekonstruktion und Verkehrsanalytische Gutachten unfallanalytisches gutachten kosten, unfallanalytisches gutachten tipps, gutachten unfallhergang,biomechanisches gutachten,unfallanalytisches gutachten verkehrsunfall, unfallanalytisches sachverst\u00e4ndigengutachten, unfallrekonstruktion\" width=\"800\" height=\"533\" srcset=\"https:\/\/unfallforensik.com\/kfz\/wp-content\/uploads\/2018\/11\/visitenkarte.jpg 800w, https:\/\/unfallforensik.com\/kfz\/wp-content\/uploads\/2018\/11\/visitenkarte-300x200.jpg 300w, https:\/\/unfallforensik.com\/kfz\/wp-content\/uploads\/2018\/11\/visitenkarte-768x512.jpg 768w, https:\/\/unfallforensik.com\/kfz\/wp-content\/uploads\/2018\/11\/visitenkarte-270x180.jpg 270w\" sizes=\"(max-width: 800px) 100vw, 800px\" \/><\/a><\/p>\n<p>Wir informieren Sie unverbindlich \u00fcber die M\u00f6glichkeiten, die Erfolgsaussichten und auch die zu erwartenden Kosten.<\/p>\n<p>Erst dann entscheiden Sie, ob Sie uns ein Auftrag erteilen wollen. Wenn Sie sich f\u00fcr eine Beauftragung entscheiden, ben\u00f6tigen wir von Ihnen lediglich einige Unterlagen (z.B. Anh\u00f6rungsbogen, Daten der Rechtsschutzversicherung). <span style=\"color: #993300;\">Danach k\u00fcmmern wir uns um alles Weitere.<\/span>[\/vc_column_text][\/vc_column][\/vc_row]<\/p>\n","protected":false},"excerpt":{"rendered":"<p>[vc_row][vc_column][subtitle3 subtitle_content=&#8220;Fahrl\u00e4ssige K\u00f6rperverletzung Verkehrsunfall&#8220;][vc_column_text]Nach einem Verkehrsunfall mit Personenschaden sieht sich der nicht verletzte Unfallbeteiligte schnell einem Ermittlungsverfahren wegen des Verdachts der fahrl\u00e4ssigen K\u00f6rperverletzung ausgesetzt. Schlimmstenfalls ist mit einer Freiheitsstrafe bis zu drei Jahren zu rechnen. Ich m\u00f6chte Ihnen hier kurz aufzeigen, worauf Sie achten sollten. [\/vc_column_text][vc_column_text]Welche Strafe droht wegen des Verdachts der fahrl\u00e4ssigen K\u00f6rperverletzung? Der&hellip;<\/p>\n","protected":false},"author":1,"featured_media":0,"parent":0,"menu_order":0,"comment_status":"closed","ping_status":"closed","template":"","meta":{"footnotes":""},"class_list":["post-13775","page","type-page","status-publish","hentry","description-off"],"yoast_head":"<!-- This site is optimized with the Yoast SEO Premium plugin v24.9 (Yoast SEO v24.9) - https:\/\/yoast.com\/wordpress\/plugins\/seo\/ -->\n<title>Fahrl\u00e4ssige K\u00f6rperverletzung nach Verkehrsunfall - Unfallrekonstruktion schafft Klarheit<\/title>\n<meta name=\"description\" content=\"fahrl\u00e4ssige k\u00f6rperverletzung verkehrsunfall,fahrl\u00e4ssige k\u00f6rperverletzung verkehrsunfall anh\u00f6rungsbogen,fahrl\u00e4ssige k\u00f6rperverletzung verkehrsunfall schmerzensgeld,fahrl\u00e4ssige k\u00f6rperverletzung bei verkehrsunfall forum,fahrl\u00e4ssige k\u00f6rperverletzung verkehrsunfall verfahren eingestellt,fahrl\u00e4ssige k\u00f6rperverletzung verkehrsunfall leichte verletzung,fahrl\u00e4ssige k\u00f6rperverletzung unfall einstellung,unfall mit personenschaden was kommt auf mich zu\" \/>\n<meta name=\"robots\" content=\"index, follow, max-snippet:-1, max-image-preview:large, max-video-preview:-1\" \/>\n<link rel=\"canonical\" href=\"https:\/\/unfallforensik.com\/kfz\/fahrlaessige-koerperverletzung-nach-verkehrsunfall\/\" \/>\n<meta property=\"og:locale\" content=\"de_DE\" \/>\n<meta property=\"og:type\" content=\"article\" \/>\n<meta property=\"og:title\" content=\"Fahrl\u00e4ssige K\u00f6rperverletzung Verkehrsunfall\" \/>\n<meta property=\"og:description\" content=\"fahrl\u00e4ssige k\u00f6rperverletzung verkehrsunfall,fahrl\u00e4ssige k\u00f6rperverletzung verkehrsunfall anh\u00f6rungsbogen,fahrl\u00e4ssige k\u00f6rperverletzung verkehrsunfall schmerzensgeld,fahrl\u00e4ssige k\u00f6rperverletzung bei verkehrsunfall forum,fahrl\u00e4ssige k\u00f6rperverletzung verkehrsunfall verfahren eingestellt,fahrl\u00e4ssige k\u00f6rperverletzung verkehrsunfall leichte verletzung,fahrl\u00e4ssige k\u00f6rperverletzung unfall einstellung,unfall mit personenschaden was kommt auf mich zu\" \/>\n<meta property=\"og:url\" content=\"https:\/\/unfallforensik.com\/kfz\/fahrlaessige-koerperverletzung-nach-verkehrsunfall\/\" \/>\n<meta property=\"og:site_name\" content=\"KFZ Gutachter Unfallforensik, unfallanalytisches Gutachten, Unfallanalyse, Sachverst\u00e4ndiger, Unfallrekonstruktion\" \/>\n<meta property=\"article:modified_time\" content=\"2020-02-12T15:52:38+00:00\" \/>\n<meta property=\"og:image\" content=\"https:\/\/unfallforensik.com\/kfz\/wp-content\/uploads\/2018\/11\/visitenkarte.jpg\" \/>\n<meta name=\"twitter:card\" content=\"summary_large_image\" \/>\n<meta name=\"twitter:label1\" content=\"Gesch\u00e4tzte Lesezeit\" \/>\n\t<meta name=\"twitter:data1\" content=\"3\u00a0Minuten\" \/>\n<script type=\"application\/ld+json\" class=\"yoast-schema-graph\">{\"@context\":\"https:\/\/schema.org\",\"@graph\":[{\"@type\":\"WebPage\",\"@id\":\"https:\/\/unfallforensik.com\/kfz\/fahrlaessige-koerperverletzung-nach-verkehrsunfall\/\",\"url\":\"https:\/\/unfallforensik.com\/kfz\/fahrlaessige-koerperverletzung-nach-verkehrsunfall\/\",\"name\":\"Fahrl\u00e4ssige K\u00f6rperverletzung nach Verkehrsunfall - Unfallrekonstruktion schafft Klarheit\",\"isPartOf\":{\"@id\":\"https:\/\/unfallforensik.com\/kfz\/#website\"},\"primaryImageOfPage\":{\"@id\":\"https:\/\/unfallforensik.com\/kfz\/fahrlaessige-koerperverletzung-nach-verkehrsunfall\/#primaryimage\"},\"image\":{\"@id\":\"https:\/\/unfallforensik.com\/kfz\/fahrlaessige-koerperverletzung-nach-verkehrsunfall\/#primaryimage\"},\"thumbnailUrl\":\"https:\/\/unfallforensik.com\/kfz\/wp-content\/uploads\/2018\/11\/visitenkarte.jpg\",\"datePublished\":\"2018-11-25T09:18:57+00:00\",\"dateModified\":\"2020-02-12T15:52:38+00:00\",\"description\":\"fahrl\u00e4ssige k\u00f6rperverletzung verkehrsunfall,fahrl\u00e4ssige k\u00f6rperverletzung verkehrsunfall anh\u00f6rungsbogen,fahrl\u00e4ssige k\u00f6rperverletzung verkehrsunfall schmerzensgeld,fahrl\u00e4ssige k\u00f6rperverletzung bei verkehrsunfall forum,fahrl\u00e4ssige k\u00f6rperverletzung verkehrsunfall verfahren eingestellt,fahrl\u00e4ssige k\u00f6rperverletzung verkehrsunfall leichte verletzung,fahrl\u00e4ssige k\u00f6rperverletzung unfall einstellung,unfall mit personenschaden was kommt auf mich zu\",\"breadcrumb\":{\"@id\":\"https:\/\/unfallforensik.com\/kfz\/fahrlaessige-koerperverletzung-nach-verkehrsunfall\/#breadcrumb\"},\"inLanguage\":\"de\",\"potentialAction\":[{\"@type\":\"ReadAction\",\"target\":[\"https:\/\/unfallforensik.com\/kfz\/fahrlaessige-koerperverletzung-nach-verkehrsunfall\/\"]}]},{\"@type\":\"ImageObject\",\"inLanguage\":\"de\",\"@id\":\"https:\/\/unfallforensik.com\/kfz\/fahrlaessige-koerperverletzung-nach-verkehrsunfall\/#primaryimage\",\"url\":\"https:\/\/unfallforensik.com\/kfz\/wp-content\/uploads\/2018\/11\/visitenkarte.jpg\",\"contentUrl\":\"https:\/\/unfallforensik.com\/kfz\/wp-content\/uploads\/2018\/11\/visitenkarte.jpg\",\"width\":800,\"height\":533,\"caption\":\"Unfallanalyse,Unfallrekonstruktion und Verkehrsanalytische Gutachten unfallanalytisches gutachten kosten, unfallanalytisches gutachten tipps, gutachten unfallhergang,biomechanisches gutachten,unfallanalytisches gutachten verkehrsunfall, unfallanalytisches sachverst\u00e4ndigengutachten, unfallrekonstruktion\"},{\"@type\":\"BreadcrumbList\",\"@id\":\"https:\/\/unfallforensik.com\/kfz\/fahrlaessige-koerperverletzung-nach-verkehrsunfall\/#breadcrumb\",\"itemListElement\":[{\"@type\":\"ListItem\",\"position\":1,\"name\":\"Home\",\"item\":\"https:\/\/unfallforensik.com\/kfz\/\"},{\"@type\":\"ListItem\",\"position\":2,\"name\":\"Fahrl\u00e4ssige K\u00f6rperverletzung Verkehrsunfall\"}]},{\"@type\":\"WebSite\",\"@id\":\"https:\/\/unfallforensik.com\/kfz\/#website\",\"url\":\"https:\/\/unfallforensik.com\/kfz\/\",\"name\":\"KFZ Gutachter Unfallforensik, unfallanalytisches Gutachten, Unfallanalyse, Sachverst\u00e4ndiger, Unfallrekonstruktion\",\"description\":\"KFZ Gutachter,Unfallschaden,Unfallrekonstruktion,unfallanalytisches Verfahren\",\"publisher\":{\"@id\":\"https:\/\/unfallforensik.com\/kfz\/#organization\"},\"potentialAction\":[{\"@type\":\"SearchAction\",\"target\":{\"@type\":\"EntryPoint\",\"urlTemplate\":\"https:\/\/unfallforensik.com\/kfz\/?s={search_term_string}\"},\"query-input\":{\"@type\":\"PropertyValueSpecification\",\"valueRequired\":true,\"valueName\":\"search_term_string\"}}],\"inLanguage\":\"de\"},{\"@type\":\"Organization\",\"@id\":\"https:\/\/unfallforensik.com\/kfz\/#organization\",\"name\":\"KFZ Gutachter Unfallforensik, unfallanalytisches Gutachten, Unfallanalyse, Sachverst\u00e4ndiger, Unfallrekonstruktion\",\"url\":\"https:\/\/unfallforensik.com\/kfz\/\",\"logo\":{\"@type\":\"ImageObject\",\"inLanguage\":\"de\",\"@id\":\"https:\/\/unfallforensik.com\/kfz\/#\/schema\/logo\/image\/\",\"url\":\"https:\/\/unfallforensik.com\/kfz\/wp-content\/uploads\/2022\/05\/logo57.png\",\"contentUrl\":\"https:\/\/unfallforensik.com\/kfz\/wp-content\/uploads\/2022\/05\/logo57.png\",\"width\":57,\"height\":57,\"caption\":\"KFZ Gutachter Unfallforensik, unfallanalytisches Gutachten, Unfallanalyse, Sachverst\u00e4ndiger, Unfallrekonstruktion\"},\"image\":{\"@id\":\"https:\/\/unfallforensik.com\/kfz\/#\/schema\/logo\/image\/\"}}]}<\/script>\n<!-- \/ Yoast SEO Premium plugin. -->","yoast_head_json":{"title":"Fahrl\u00e4ssige K\u00f6rperverletzung nach Verkehrsunfall - Unfallrekonstruktion schafft Klarheit","description":"fahrl\u00e4ssige k\u00f6rperverletzung verkehrsunfall,fahrl\u00e4ssige k\u00f6rperverletzung verkehrsunfall anh\u00f6rungsbogen,fahrl\u00e4ssige k\u00f6rperverletzung verkehrsunfall schmerzensgeld,fahrl\u00e4ssige k\u00f6rperverletzung bei verkehrsunfall forum,fahrl\u00e4ssige k\u00f6rperverletzung verkehrsunfall verfahren eingestellt,fahrl\u00e4ssige k\u00f6rperverletzung verkehrsunfall leichte verletzung,fahrl\u00e4ssige k\u00f6rperverletzung unfall einstellung,unfall mit personenschaden was kommt auf mich zu","robots":{"index":"index","follow":"follow","max-snippet":"max-snippet:-1","max-image-preview":"max-image-preview:large","max-video-preview":"max-video-preview:-1"},"canonical":"https:\/\/unfallforensik.com\/kfz\/fahrlaessige-koerperverletzung-nach-verkehrsunfall\/","og_locale":"de_DE","og_type":"article","og_title":"Fahrl\u00e4ssige K\u00f6rperverletzung Verkehrsunfall","og_description":"fahrl\u00e4ssige k\u00f6rperverletzung verkehrsunfall,fahrl\u00e4ssige k\u00f6rperverletzung verkehrsunfall anh\u00f6rungsbogen,fahrl\u00e4ssige k\u00f6rperverletzung verkehrsunfall schmerzensgeld,fahrl\u00e4ssige k\u00f6rperverletzung bei verkehrsunfall forum,fahrl\u00e4ssige k\u00f6rperverletzung verkehrsunfall verfahren eingestellt,fahrl\u00e4ssige k\u00f6rperverletzung verkehrsunfall leichte verletzung,fahrl\u00e4ssige k\u00f6rperverletzung unfall einstellung,unfall mit personenschaden was kommt auf mich zu","og_url":"https:\/\/unfallforensik.com\/kfz\/fahrlaessige-koerperverletzung-nach-verkehrsunfall\/","og_site_name":"KFZ Gutachter Unfallforensik, unfallanalytisches Gutachten, Unfallanalyse, Sachverst\u00e4ndiger, Unfallrekonstruktion","article_modified_time":"2020-02-12T15:52:38+00:00","og_image":[{"url":"https:\/\/unfallforensik.com\/kfz\/wp-content\/uploads\/2018\/11\/visitenkarte.jpg","type":"","width":"","height":""}],"twitter_card":"summary_large_image","twitter_misc":{"Gesch\u00e4tzte Lesezeit":"3\u00a0Minuten"},"schema":{"@context":"https:\/\/schema.org","@graph":[{"@type":"WebPage","@id":"https:\/\/unfallforensik.com\/kfz\/fahrlaessige-koerperverletzung-nach-verkehrsunfall\/","url":"https:\/\/unfallforensik.com\/kfz\/fahrlaessige-koerperverletzung-nach-verkehrsunfall\/","name":"Fahrl\u00e4ssige K\u00f6rperverletzung nach Verkehrsunfall - Unfallrekonstruktion schafft Klarheit","isPartOf":{"@id":"https:\/\/unfallforensik.com\/kfz\/#website"},"primaryImageOfPage":{"@id":"https:\/\/unfallforensik.com\/kfz\/fahrlaessige-koerperverletzung-nach-verkehrsunfall\/#primaryimage"},"image":{"@id":"https:\/\/unfallforensik.com\/kfz\/fahrlaessige-koerperverletzung-nach-verkehrsunfall\/#primaryimage"},"thumbnailUrl":"https:\/\/unfallforensik.com\/kfz\/wp-content\/uploads\/2018\/11\/visitenkarte.jpg","datePublished":"2018-11-25T09:18:57+00:00","dateModified":"2020-02-12T15:52:38+00:00","description":"fahrl\u00e4ssige k\u00f6rperverletzung verkehrsunfall,fahrl\u00e4ssige k\u00f6rperverletzung verkehrsunfall anh\u00f6rungsbogen,fahrl\u00e4ssige k\u00f6rperverletzung verkehrsunfall schmerzensgeld,fahrl\u00e4ssige k\u00f6rperverletzung bei verkehrsunfall forum,fahrl\u00e4ssige k\u00f6rperverletzung verkehrsunfall verfahren eingestellt,fahrl\u00e4ssige k\u00f6rperverletzung verkehrsunfall leichte verletzung,fahrl\u00e4ssige k\u00f6rperverletzung unfall einstellung,unfall mit personenschaden was kommt auf mich zu","breadcrumb":{"@id":"https:\/\/unfallforensik.com\/kfz\/fahrlaessige-koerperverletzung-nach-verkehrsunfall\/#breadcrumb"},"inLanguage":"de","potentialAction":[{"@type":"ReadAction","target":["https:\/\/unfallforensik.com\/kfz\/fahrlaessige-koerperverletzung-nach-verkehrsunfall\/"]}]},{"@type":"ImageObject","inLanguage":"de","@id":"https:\/\/unfallforensik.com\/kfz\/fahrlaessige-koerperverletzung-nach-verkehrsunfall\/#primaryimage","url":"https:\/\/unfallforensik.com\/kfz\/wp-content\/uploads\/2018\/11\/visitenkarte.jpg","contentUrl":"https:\/\/unfallforensik.com\/kfz\/wp-content\/uploads\/2018\/11\/visitenkarte.jpg","width":800,"height":533,"caption":"Unfallanalyse,Unfallrekonstruktion und Verkehrsanalytische Gutachten unfallanalytisches gutachten kosten, unfallanalytisches gutachten tipps, gutachten unfallhergang,biomechanisches gutachten,unfallanalytisches gutachten verkehrsunfall, unfallanalytisches sachverst\u00e4ndigengutachten, unfallrekonstruktion"},{"@type":"BreadcrumbList","@id":"https:\/\/unfallforensik.com\/kfz\/fahrlaessige-koerperverletzung-nach-verkehrsunfall\/#breadcrumb","itemListElement":[{"@type":"ListItem","position":1,"name":"Home","item":"https:\/\/unfallforensik.com\/kfz\/"},{"@type":"ListItem","position":2,"name":"Fahrl\u00e4ssige K\u00f6rperverletzung Verkehrsunfall"}]},{"@type":"WebSite","@id":"https:\/\/unfallforensik.com\/kfz\/#website","url":"https:\/\/unfallforensik.com\/kfz\/","name":"KFZ Gutachter Unfallforensik, unfallanalytisches Gutachten, Unfallanalyse, Sachverst\u00e4ndiger, Unfallrekonstruktion","description":"KFZ Gutachter,Unfallschaden,Unfallrekonstruktion,unfallanalytisches Verfahren","publisher":{"@id":"https:\/\/unfallforensik.com\/kfz\/#organization"},"potentialAction":[{"@type":"SearchAction","target":{"@type":"EntryPoint","urlTemplate":"https:\/\/unfallforensik.com\/kfz\/?s={search_term_string}"},"query-input":{"@type":"PropertyValueSpecification","valueRequired":true,"valueName":"search_term_string"}}],"inLanguage":"de"},{"@type":"Organization","@id":"https:\/\/unfallforensik.com\/kfz\/#organization","name":"KFZ Gutachter Unfallforensik, unfallanalytisches Gutachten, Unfallanalyse, Sachverst\u00e4ndiger, Unfallrekonstruktion","url":"https:\/\/unfallforensik.com\/kfz\/","logo":{"@type":"ImageObject","inLanguage":"de","@id":"https:\/\/unfallforensik.com\/kfz\/#\/schema\/logo\/image\/","url":"https:\/\/unfallforensik.com\/kfz\/wp-content\/uploads\/2022\/05\/logo57.png","contentUrl":"https:\/\/unfallforensik.com\/kfz\/wp-content\/uploads\/2022\/05\/logo57.png","width":57,"height":57,"caption":"KFZ Gutachter Unfallforensik, unfallanalytisches Gutachten, Unfallanalyse, Sachverst\u00e4ndiger, Unfallrekonstruktion"},"image":{"@id":"https:\/\/unfallforensik.com\/kfz\/#\/schema\/logo\/image\/"}}]}},"_links":{"self":[{"href":"https:\/\/unfallforensik.com\/kfz\/wp-json\/wp\/v2\/pages\/13775","targetHints":{"allow":["GET"]}}],"collection":[{"href":"https:\/\/unfallforensik.com\/kfz\/wp-json\/wp\/v2\/pages"}],"about":[{"href":"https:\/\/unfallforensik.com\/kfz\/wp-json\/wp\/v2\/types\/page"}],"author":[{"embeddable":true,"href":"https:\/\/unfallforensik.com\/kfz\/wp-json\/wp\/v2\/users\/1"}],"replies":[{"embeddable":true,"href":"https:\/\/unfallforensik.com\/kfz\/wp-json\/wp\/v2\/comments?post=13775"}],"version-history":[{"count":0,"href":"https:\/\/unfallforensik.com\/kfz\/wp-json\/wp\/v2\/pages\/13775\/revisions"}],"wp:attachment":[{"href":"https:\/\/unfallforensik.com\/kfz\/wp-json\/wp\/v2\/media?parent=13775"}],"curies":[{"name":"wp","href":"https:\/\/api.w.org\/{rel}","templated":true}]}}