{"id":13640,"date":"2018-08-27T06:18:59","date_gmt":"2018-08-27T04:18:59","guid":{"rendered":"http:\/\/unfallforensik.com\/kfz\/?page_id=13640"},"modified":"2018-08-27T06:48:51","modified_gmt":"2018-08-27T04:48:51","slug":"plausibilitaetspruefungen","status":"publish","type":"page","link":"https:\/\/unfallforensik.com\/kfz\/plausibilitaetspruefungen\/","title":{"rendered":"Plausibilit\u00e4tspr\u00fcfungen"},"content":{"rendered":"<p>[vc_row][vc_column][big_title bigtitle_content=&#8220;Plausibilit\u00e4tspr\u00fcfungen&#8220;][subtitle2 subtitle_content=&#8220;In F\u00e4llen des Manipulationsvorwurf bzw. Versicherungsbetrug&#8220;][vc_column_text]Als neutrale Sachverst\u00e4ndige erstellen wir f\u00fcr Privatpersonen, Gerichte, Staatsanwaltschaften und Versicherungen Gutachten zur Plausibilit\u00e4t eines Schadenfalles.<\/p>\n<p>In Streitf\u00e4llen stellt sich oftmals die Frage, ob die Angaben zum Unfallhergang aus technischer Sicht dem Schadenhergang zugeordnet werden k\u00f6nnen.<br \/>\nEine Auswertung der Ermittlungs- oder Schadenakten ist hierbei unerl\u00e4sslich.<\/p>\n<p>Mit meinem Gutachten zum Manipulationsvorwurf hat der Auftraggeber den Grundstein f\u00fcr die sachgerechte Beurteilung des Unfallgeschehens, so dass eine Entscheidung sicher getroffen werden kann.<br \/>\nNicht immer ist eine Gegen\u00fcberstellung der Fahrzeuge oder der Schadensbilder m\u00f6glich. Dank der Digitalfotografie lassen sich heute Schadensbilder \u00fcbereinander blenden, so dass aus technischer Sicht Schadens\u00fcbereinstimmungen detailliert nachgewiesen werden k\u00f6nnen.<\/p>\n<p>&nbsp;<\/p>\n<p>[\/vc_column_text][vc_message color=&#8220;info&#8220;]<\/p>\n<h4>BGH 10.04.2018 VI ZR 378\/17<\/h4>\n<h5><em>&#8222;Zum Beweis einer Manipulationsbehauptung ist ein Unfallrekonstruktionsgutachten einzuholen&#8220;<\/em><\/h5>\n<p>Art.\u00a0<a class=\"dejure\" title=\"Art. 103 GG\" href=\"httpss:\/\/dejure.org\/gesetze\/GG\/103.html\" target=\"_blank\" rel=\"noopener\">103<\/a>\u00a0Abs. 1 GG verpflichtet das Gericht, die Ausf\u00fchrungen der Prozessbeteiligten zur Kenntnis zu nehmen und in Erw\u00e4gung zu ziehen. Das Gebot des rechtlichen Geh\u00f6rs soll als Prozessgrundrecht sicherstellen, dass die Entscheidung frei von Verfahrensfehlern ergeht, welche ihren Grund in unterlassener Kenntnisnahme und Nichtber\u00fccksichtigung des Sachvortrags der Parteien haben. In diesem Sinne gebietet Art.\u00a0<a class=\"dejure\" title=\"Art. 103 GG\" href=\"httpss:\/\/dejure.org\/gesetze\/GG\/103.html\" target=\"_blank\" rel=\"noopener\">103<\/a>\u00a0Abs. 1 GG in Verbindung mit den Grunds\u00e4tzen der Zivilprozessordnung die Ber\u00fccksichtigung erheblicher Beweisantr\u00e4ge. Die Nichtber\u00fccksichtigung eines erheblichen Beweisangebots verst\u00f6\u00dft gegen Art.\u00a0<a class=\"dejure\" title=\"Art. 103 GG\" href=\"httpss:\/\/dejure.org\/gesetze\/GG\/103.html\" target=\"_blank\" rel=\"noopener\">103<\/a>\u00a0Abs. 1 GG , wenn sie im Prozessrecht keine St\u00fctze findet (Senat, Beschluss vom 27. Oktober 2015 &#8211;\u00a0<a class=\"dejure\" title=\"BGH, 27.10.2015 - VI ZR 355\/14\" href=\"httpss:\/\/dejure.org\/dienste\/vernetzung\/rechtsprechung?Text=VI%20ZR%20355\/14#153534400325aeee7f28\" target=\"_blank\" rel=\"noopener\">VI ZR 355\/14<\/a>\u00a0,\u00a0<a class=\"dejure\" title=\"BGH, 27.10.2015 - VI ZR 355\/14\" href=\"httpss:\/\/dejure.org\/dienste\/vernetzung\/rechtsprechung?Text=NJW%202016,%20641#153534400346fa8a59b1\" target=\"_blank\" rel=\"noopener\">NJW 2016, 641<\/a>\u00a0Rn. 6 mwN; BVerfG,\u00a0<a class=\"dejure\" title=\"BVerfG, 24.01.2012 - 1 BvR 1819\/10\" href=\"httpss:\/\/dejure.org\/dienste\/vernetzung\/rechtsprechung?Text=WM%202012,%20492#1535344003e26b4cb36e\" target=\"_blank\" rel=\"noopener\">WM 2012, 492<\/a>\u00a0f. [BVerfG 24.01.2012 &#8211;\u00a0<a class=\"dejure\" title=\"BVerfG, 24.01.2012 - 1 BvR 1819\/10\" href=\"httpss:\/\/dejure.org\/dienste\/vernetzung\/rechtsprechung?Text=1%20BvR%201819\/10#153534400368bdbe0ec0\" target=\"_blank\" rel=\"noopener\">1 BvR 1819\/10<\/a>] ).<\/p>\n<p>[\/vc_message][\/vc_column][\/vc_row][vc_row][vc_column][vc_column_text]<\/p>\n<h4>Beispiel f\u00fcr eine Indizienwirkung beim Manipulationsvorwurf<\/h4>\n<h4>BGH 13.03.2018 \u2013\u00a0<a class=\"dejure\" title=\"BGH, 13.03.2018 - VI ZR 281\/16\" href=\"httpss:\/\/dejure.org\/dienste\/vernetzung\/rechtsprechung?Text=VI%20ZR%20281\/16#15353444409123df44de\" target=\"_blank\" rel=\"noopener\">VI ZR 281\/16<\/a><\/h4>\n<p class=\"fliesstextinhalt\"><em>&#8222;Beim besch\u00e4digten Fahrzeug habe es sich um ein Fahrzeug der gehobenen Mittel- bzw. unteren Oberklasse gehandelt. Der Kl\u00e4ger habe den Schaden fiktiv abgerechnet, wobei von einem finanziellen Gewinn f\u00fcr ihn auszugehen sei. Das besch\u00e4digte Fahrzeug sei erst kurz vor dem Unfall auf den Kl\u00e4ger zugelassen worden. Beim eingetretenen Schaden habe es sich um einen Streifschaden gehandelt, was f\u00fcr manipulierte Unf\u00e4lle typisch sei. Beim Geschehensablauf handle es sich um einen einfach gelagerten Verkehrsvorgang, der leicht und ohne Gefahr, sich in Widerspr\u00fcche zu verwickeln, geschildert werden k\u00f6nne und bei dem ohne Zweifel die Schuld und Schadensersatzpflicht der Versicherungsnehmerin der Beklagten feststehe. Als weiteres Indiz f\u00fcr einen gestellten Unfall sei das Verhalten des Kl\u00e4gers bei der Abrechnung des Schadens und dessen Geltendmachung gegen\u00fcber dem Beklagten heranzuziehen; so habe er etwa das Vorliegen eines Vorschadens am Fahrzeug sowohl gegen\u00fcber dem Privatsachverst\u00e4ndigen als auch gegen\u00fcber dem Beklagten verschwiegen. Schlie\u00dflich habe der Kl\u00e4ger die vom Beklagten gew\u00fcnschte Nachbesichtigung durch einen von diesem benannten Fachmann nicht erm\u00f6glicht. Dass der Kl\u00e4ger nach dem Unfall die Polizei gerufen habe, spreche unter den Umst\u00e4nden des Streitfalles nicht gegen einen manipulierten Unfall. Gleiches gelte f\u00fcr den Umstand, dass der vom Sachverst\u00e4ndigen als m\u00f6glich dargestellte Unfallhergang eine nicht unerhebliche Gef\u00e4hrdung der Fahrzeuginsassen mit sich gebracht habe.&#8220;<\/em><\/p>\n<p>&nbsp;<\/p>\n<h4>Der Manipulationsvorwurf ist schnell erbracht. Zunehmend und in der Praxis feststellbar werden die Unfallfahrzeuge von anerkannten Pr\u00fcfstellen mittels Gegen\u00fcberstellung dokumentiert und ein &#8222;\u00fcbermotiviertes&#8220; Gutachten des Versicherungsbetruges erstellt.<\/h4>\n<h4><span style=\"color: #993300;\">Ist die Gegen\u00fcberstellung von zwei Fahrzeugen ausreichend und objektiv genug, um eine sachgerechte Beurteilung des Unfallgeschehens zu treffen, so dass eine Entscheidung sicher getroffen werden kann ?<\/span><\/h4>\n<h4><\/h4>\n<p>[\/vc_column_text][\/vc_column][\/vc_row]<\/p>\n","protected":false},"excerpt":{"rendered":"<p>[vc_row][vc_column][big_title bigtitle_content=&#8220;Plausibilit\u00e4tspr\u00fcfungen&#8220;][subtitle2 subtitle_content=&#8220;In F\u00e4llen des Manipulationsvorwurf bzw. Versicherungsbetrug&#8220;][vc_column_text]Als neutrale Sachverst\u00e4ndige erstellen wir f\u00fcr Privatpersonen, Gerichte, Staatsanwaltschaften und Versicherungen Gutachten zur Plausibilit\u00e4t eines Schadenfalles. In Streitf\u00e4llen stellt sich oftmals die Frage, ob die Angaben zum Unfallhergang aus technischer Sicht dem Schadenhergang zugeordnet werden k\u00f6nnen. Eine Auswertung der Ermittlungs- oder Schadenakten ist hierbei unerl\u00e4sslich. Mit meinem Gutachten&hellip;<\/p>\n","protected":false},"author":1,"featured_media":0,"parent":0,"menu_order":0,"comment_status":"closed","ping_status":"closed","template":"","meta":{"footnotes":""},"class_list":["post-13640","page","type-page","status-publish","hentry","description-off"],"yoast_head":"<!-- This site is optimized with the Yoast SEO Premium plugin v24.9 (Yoast SEO v24.9) - https:\/\/yoast.com\/wordpress\/plugins\/seo\/ -->\n<title>Plausibilit\u00e4tspr\u00fcfungen - KFZ Gutachter Unfallforensik, unfallanalytisches Gutachten, Unfallanalyse, Sachverst\u00e4ndiger, Unfallrekonstruktion<\/title>\n<meta name=\"robots\" content=\"index, follow, max-snippet:-1, max-image-preview:large, max-video-preview:-1\" \/>\n<link rel=\"canonical\" href=\"https:\/\/unfallforensik.com\/kfz\/plausibilitaetspruefungen\/\" \/>\n<meta property=\"og:locale\" content=\"de_DE\" \/>\n<meta property=\"og:type\" content=\"article\" \/>\n<meta property=\"og:title\" content=\"Plausibilit\u00e4tspr\u00fcfungen\" \/>\n<meta property=\"og:description\" content=\"[vc_row][vc_column][big_title bigtitle_content=&#8220;Plausibilit\u00e4tspr\u00fcfungen&#8220;][subtitle2 subtitle_content=&#8220;In F\u00e4llen des Manipulationsvorwurf bzw. Versicherungsbetrug&#8220;][vc_column_text]Als neutrale Sachverst\u00e4ndige erstellen wir f\u00fcr Privatpersonen, Gerichte, Staatsanwaltschaften und Versicherungen Gutachten zur Plausibilit\u00e4t eines Schadenfalles. In Streitf\u00e4llen stellt sich oftmals die Frage, ob die Angaben zum Unfallhergang aus technischer Sicht dem Schadenhergang zugeordnet werden k\u00f6nnen. Eine Auswertung der Ermittlungs- oder Schadenakten ist hierbei unerl\u00e4sslich. Mit meinem Gutachten&hellip;\" \/>\n<meta property=\"og:url\" content=\"https:\/\/unfallforensik.com\/kfz\/plausibilitaetspruefungen\/\" \/>\n<meta property=\"og:site_name\" content=\"KFZ Gutachter Unfallforensik, unfallanalytisches Gutachten, Unfallanalyse, Sachverst\u00e4ndiger, Unfallrekonstruktion\" \/>\n<meta property=\"article:modified_time\" content=\"2018-08-27T04:48:51+00:00\" \/>\n<meta name=\"twitter:card\" content=\"summary_large_image\" \/>\n<meta name=\"twitter:label1\" content=\"Gesch\u00e4tzte Lesezeit\" \/>\n\t<meta name=\"twitter:data1\" content=\"3\u00a0Minuten\" \/>\n<script type=\"application\/ld+json\" class=\"yoast-schema-graph\">{\"@context\":\"https:\/\/schema.org\",\"@graph\":[{\"@type\":\"WebPage\",\"@id\":\"https:\/\/unfallforensik.com\/kfz\/plausibilitaetspruefungen\/\",\"url\":\"https:\/\/unfallforensik.com\/kfz\/plausibilitaetspruefungen\/\",\"name\":\"Plausibilit\u00e4tspr\u00fcfungen - KFZ Gutachter Unfallforensik, unfallanalytisches Gutachten, Unfallanalyse, Sachverst\u00e4ndiger, Unfallrekonstruktion\",\"isPartOf\":{\"@id\":\"https:\/\/unfallforensik.com\/kfz\/#website\"},\"datePublished\":\"2018-08-27T04:18:59+00:00\",\"dateModified\":\"2018-08-27T04:48:51+00:00\",\"breadcrumb\":{\"@id\":\"https:\/\/unfallforensik.com\/kfz\/plausibilitaetspruefungen\/#breadcrumb\"},\"inLanguage\":\"de\",\"potentialAction\":[{\"@type\":\"ReadAction\",\"target\":[\"https:\/\/unfallforensik.com\/kfz\/plausibilitaetspruefungen\/\"]}]},{\"@type\":\"BreadcrumbList\",\"@id\":\"https:\/\/unfallforensik.com\/kfz\/plausibilitaetspruefungen\/#breadcrumb\",\"itemListElement\":[{\"@type\":\"ListItem\",\"position\":1,\"name\":\"Home\",\"item\":\"https:\/\/unfallforensik.com\/kfz\/\"},{\"@type\":\"ListItem\",\"position\":2,\"name\":\"Plausibilit\u00e4tspr\u00fcfungen\"}]},{\"@type\":\"WebSite\",\"@id\":\"https:\/\/unfallforensik.com\/kfz\/#website\",\"url\":\"https:\/\/unfallforensik.com\/kfz\/\",\"name\":\"KFZ Gutachter Unfallforensik, unfallanalytisches Gutachten, Unfallanalyse, Sachverst\u00e4ndiger, Unfallrekonstruktion\",\"description\":\"KFZ Gutachter,Unfallschaden,Unfallrekonstruktion,unfallanalytisches Verfahren\",\"publisher\":{\"@id\":\"https:\/\/unfallforensik.com\/kfz\/#organization\"},\"potentialAction\":[{\"@type\":\"SearchAction\",\"target\":{\"@type\":\"EntryPoint\",\"urlTemplate\":\"https:\/\/unfallforensik.com\/kfz\/?s={search_term_string}\"},\"query-input\":{\"@type\":\"PropertyValueSpecification\",\"valueRequired\":true,\"valueName\":\"search_term_string\"}}],\"inLanguage\":\"de\"},{\"@type\":\"Organization\",\"@id\":\"https:\/\/unfallforensik.com\/kfz\/#organization\",\"name\":\"KFZ Gutachter Unfallforensik, unfallanalytisches Gutachten, Unfallanalyse, Sachverst\u00e4ndiger, Unfallrekonstruktion\",\"url\":\"https:\/\/unfallforensik.com\/kfz\/\",\"logo\":{\"@type\":\"ImageObject\",\"inLanguage\":\"de\",\"@id\":\"https:\/\/unfallforensik.com\/kfz\/#\/schema\/logo\/image\/\",\"url\":\"https:\/\/unfallforensik.com\/kfz\/wp-content\/uploads\/2022\/05\/logo57.png\",\"contentUrl\":\"https:\/\/unfallforensik.com\/kfz\/wp-content\/uploads\/2022\/05\/logo57.png\",\"width\":57,\"height\":57,\"caption\":\"KFZ Gutachter Unfallforensik, unfallanalytisches Gutachten, Unfallanalyse, Sachverst\u00e4ndiger, Unfallrekonstruktion\"},\"image\":{\"@id\":\"https:\/\/unfallforensik.com\/kfz\/#\/schema\/logo\/image\/\"}}]}<\/script>\n<!-- \/ Yoast SEO Premium plugin. -->","yoast_head_json":{"title":"Plausibilit\u00e4tspr\u00fcfungen - KFZ Gutachter Unfallforensik, unfallanalytisches Gutachten, Unfallanalyse, Sachverst\u00e4ndiger, Unfallrekonstruktion","robots":{"index":"index","follow":"follow","max-snippet":"max-snippet:-1","max-image-preview":"max-image-preview:large","max-video-preview":"max-video-preview:-1"},"canonical":"https:\/\/unfallforensik.com\/kfz\/plausibilitaetspruefungen\/","og_locale":"de_DE","og_type":"article","og_title":"Plausibilit\u00e4tspr\u00fcfungen","og_description":"[vc_row][vc_column][big_title bigtitle_content=&#8220;Plausibilit\u00e4tspr\u00fcfungen&#8220;][subtitle2 subtitle_content=&#8220;In F\u00e4llen des Manipulationsvorwurf bzw. Versicherungsbetrug&#8220;][vc_column_text]Als neutrale Sachverst\u00e4ndige erstellen wir f\u00fcr Privatpersonen, Gerichte, Staatsanwaltschaften und Versicherungen Gutachten zur Plausibilit\u00e4t eines Schadenfalles. In Streitf\u00e4llen stellt sich oftmals die Frage, ob die Angaben zum Unfallhergang aus technischer Sicht dem Schadenhergang zugeordnet werden k\u00f6nnen. Eine Auswertung der Ermittlungs- oder Schadenakten ist hierbei unerl\u00e4sslich. Mit meinem Gutachten&hellip;","og_url":"https:\/\/unfallforensik.com\/kfz\/plausibilitaetspruefungen\/","og_site_name":"KFZ Gutachter Unfallforensik, unfallanalytisches Gutachten, Unfallanalyse, Sachverst\u00e4ndiger, Unfallrekonstruktion","article_modified_time":"2018-08-27T04:48:51+00:00","twitter_card":"summary_large_image","twitter_misc":{"Gesch\u00e4tzte Lesezeit":"3\u00a0Minuten"},"schema":{"@context":"https:\/\/schema.org","@graph":[{"@type":"WebPage","@id":"https:\/\/unfallforensik.com\/kfz\/plausibilitaetspruefungen\/","url":"https:\/\/unfallforensik.com\/kfz\/plausibilitaetspruefungen\/","name":"Plausibilit\u00e4tspr\u00fcfungen - KFZ Gutachter Unfallforensik, unfallanalytisches Gutachten, Unfallanalyse, Sachverst\u00e4ndiger, Unfallrekonstruktion","isPartOf":{"@id":"https:\/\/unfallforensik.com\/kfz\/#website"},"datePublished":"2018-08-27T04:18:59+00:00","dateModified":"2018-08-27T04:48:51+00:00","breadcrumb":{"@id":"https:\/\/unfallforensik.com\/kfz\/plausibilitaetspruefungen\/#breadcrumb"},"inLanguage":"de","potentialAction":[{"@type":"ReadAction","target":["https:\/\/unfallforensik.com\/kfz\/plausibilitaetspruefungen\/"]}]},{"@type":"BreadcrumbList","@id":"https:\/\/unfallforensik.com\/kfz\/plausibilitaetspruefungen\/#breadcrumb","itemListElement":[{"@type":"ListItem","position":1,"name":"Home","item":"https:\/\/unfallforensik.com\/kfz\/"},{"@type":"ListItem","position":2,"name":"Plausibilit\u00e4tspr\u00fcfungen"}]},{"@type":"WebSite","@id":"https:\/\/unfallforensik.com\/kfz\/#website","url":"https:\/\/unfallforensik.com\/kfz\/","name":"KFZ Gutachter Unfallforensik, unfallanalytisches Gutachten, Unfallanalyse, Sachverst\u00e4ndiger, Unfallrekonstruktion","description":"KFZ Gutachter,Unfallschaden,Unfallrekonstruktion,unfallanalytisches Verfahren","publisher":{"@id":"https:\/\/unfallforensik.com\/kfz\/#organization"},"potentialAction":[{"@type":"SearchAction","target":{"@type":"EntryPoint","urlTemplate":"https:\/\/unfallforensik.com\/kfz\/?s={search_term_string}"},"query-input":{"@type":"PropertyValueSpecification","valueRequired":true,"valueName":"search_term_string"}}],"inLanguage":"de"},{"@type":"Organization","@id":"https:\/\/unfallforensik.com\/kfz\/#organization","name":"KFZ Gutachter Unfallforensik, unfallanalytisches Gutachten, Unfallanalyse, Sachverst\u00e4ndiger, Unfallrekonstruktion","url":"https:\/\/unfallforensik.com\/kfz\/","logo":{"@type":"ImageObject","inLanguage":"de","@id":"https:\/\/unfallforensik.com\/kfz\/#\/schema\/logo\/image\/","url":"https:\/\/unfallforensik.com\/kfz\/wp-content\/uploads\/2022\/05\/logo57.png","contentUrl":"https:\/\/unfallforensik.com\/kfz\/wp-content\/uploads\/2022\/05\/logo57.png","width":57,"height":57,"caption":"KFZ Gutachter Unfallforensik, unfallanalytisches Gutachten, Unfallanalyse, Sachverst\u00e4ndiger, Unfallrekonstruktion"},"image":{"@id":"https:\/\/unfallforensik.com\/kfz\/#\/schema\/logo\/image\/"}}]}},"_links":{"self":[{"href":"https:\/\/unfallforensik.com\/kfz\/wp-json\/wp\/v2\/pages\/13640","targetHints":{"allow":["GET"]}}],"collection":[{"href":"https:\/\/unfallforensik.com\/kfz\/wp-json\/wp\/v2\/pages"}],"about":[{"href":"https:\/\/unfallforensik.com\/kfz\/wp-json\/wp\/v2\/types\/page"}],"author":[{"embeddable":true,"href":"https:\/\/unfallforensik.com\/kfz\/wp-json\/wp\/v2\/users\/1"}],"replies":[{"embeddable":true,"href":"https:\/\/unfallforensik.com\/kfz\/wp-json\/wp\/v2\/comments?post=13640"}],"version-history":[{"count":0,"href":"https:\/\/unfallforensik.com\/kfz\/wp-json\/wp\/v2\/pages\/13640\/revisions"}],"wp:attachment":[{"href":"https:\/\/unfallforensik.com\/kfz\/wp-json\/wp\/v2\/media?parent=13640"}],"curies":[{"name":"wp","href":"https:\/\/api.w.org\/{rel}","templated":true}]}}