{"id":13507,"date":"2017-12-28T13:53:06","date_gmt":"2017-12-28T12:53:06","guid":{"rendered":"http:\/\/unfallforensik.com\/kfz\/?page_id=13507"},"modified":"2025-11-10T14:51:17","modified_gmt":"2025-11-10T13:51:17","slug":"unfall-spurwechsel","status":"publish","type":"page","link":"https:\/\/unfallforensik.com\/kfz\/unfall-spurwechsel\/","title":{"rendered":"Unfall Spurwechsel"},"content":{"rendered":"<p>[vc_row][vc_column][big_title bigtitle_content=&#8220;Unfall Spurwechsel&#8220;][subtitle subtitle_content=&#8220;Schuldfrage Unfall Spurwechsel &#8211; Wer haftet ?&#8220;][vc_message color=&#8220;info&#8220;]<em>Bei einem Unfall bei Spurwechsel trifft in der Regel denjenigen Verkehrsteilnehmer die alleinige Schuld, der den Spurwechsel vollzieht. Denn er h\u00e4tte hierbei eine Gef\u00e4hrdung anderer Verkehrsteilnehmer durch \u00e4u\u00dferste Sorgfalt ausschlie\u00dfen m\u00fcssen.<\/em><\/p>\n<p>[\/vc_message][vc_column_text]Bei einem Unfall bei Spurwechsel spreche der\u00a0<strong>sog. Anscheinsbeweis<\/strong>\u00a0f\u00fcr ein schuldhaftes Verhalten des Fahrers des die Spur wechselnden Fahrzeugs.<\/p>\n<p>Gem\u00e4\u00df\u00a0<strong>\u00a7 7 Abs. 5 StVO\u00a0<\/strong>habe sich der Fahrer des ausscherenden Fahrzeugs n\u00e4mlich so zu verhalten, dass eine Gef\u00e4hrdung anderer Verkehrsteilnehmer\u00a0<strong>ausgeschlossen<\/strong>sei. Aus dieser Formulierung der gesetzlichen Regelung folgere die ganz\u00a0<strong>herrschende Rechtsprechung<\/strong>\u00a0bei einem Unfall bei Spurwechsel einen Anscheinsbeweis dahingehend, dass die sich hieraus ergebende\u00a0<strong>\u00e4u\u00dferste Sorgfaltspflicht<\/strong>\u00a0durch den die Spur wechselnden Fahrer verletzt worden sei.<\/p>\n<p>Die Formulierung in\u00a0<strong>\u00a7 7 Abs. 5 StVO<\/strong>\u00a0dahingehend, dass eine Fahrspur nur dann gewechselt werden darf, wenn eine \u201e<strong>Gef\u00e4hrdung anderer Verkehrsteilnehmer ausgeschlossen\u201c<\/strong>\u00a0ist, findet sich auch in anderen Regelungen der StVO, u.a. auch in\u00a0<strong>\u00a7 5 Abs. 4 S. 1 StVO, \u00a7 8 Abs. 2 StVO, \u00a7 9 Abs. 5 StVO, \u00a7 10 StVO\u00a0<\/strong>und\u00a0<strong>\u00a7 14 Abs. 1 StVO.<\/strong><\/p>\n<p>Kommt es in zeitlichem und \u00f6rtlichem Zusammenhang mit einem der dort geregelten Verkehrsman\u00f6vern zu einem Unfall, so gilt grunds\u00e4tzlich auch dort ein Anscheinsbeweis f\u00fcr die alleinigen Haftung desjeniegen Verkehrsteilnehmers, der das enstprechende Verkehrsman\u00f6ver durchgef\u00fchrt hat.<\/p>\n<p>Denn gemeinsamer Grundgedanke dieser Vorschriften ist der\u00a0<strong>Vorrang des flie\u00dfenden Verkehrs.<\/strong>\u00a0Wer diesen st\u00f6rt bzw. in diesen \u201eeingreift\u201c, muss \u00e4u\u00dferste Sorgfalt walten lassen.<\/p>\n<p><strong>Ausnahme:<\/strong><\/p>\n<p>Bei einer schwerwiegenden Sorgfaltspflichtverletzung eines beteiligten Fahrers trete auch die einfache Betriebsgefahr des Fahrzeugs des anderen Fahrers zur\u00fcck, was eine\u00a0<strong>alleinige Haftung<\/strong>\u00a0des pflichtverletzenden Fahres zur Folge habe.<\/p>\n<p>&nbsp;<\/p>\n<p>[\/vc_column_text][subtitle subtitle_content=&#8220;Der Spurwechselunfall aus gutachterlicher Sicht&#8220;][vc_column_text]Entgegen der herrschenden Meinung lassen sich Unf\u00e4lle bedingt durch einen Spurwechsel \/ Fahrstreifenwechsel sehr gut rekonstruieren. Die Unfallrekonstruktion eines Unfalls d\u00fcrfte selbst den unerfahrenden Unfallanalytiker nicht \u00fcberfordern. Zu genauen Rekonstruktion des Spurwechselunfalls m\u00fcssen Lichtbilder und Absto\u00dfstellen beider Fahrzeuge bekannt sein.<\/p>\n<p><strong>Warum lassen sich Unf\u00e4lle durch Fahrstreifenwechsel so leicht rekonstruieren ?<\/strong><\/p>\n<p>Fahrzeuge unterliegen aufgrund Ihrer Lenkung einem fahrzeugspeziellen Wendekreis. Aufgrund dieses Fahrverhaltens k\u00f6nnen beide Fahreraussagen simuliert und berechnet werden und ggf. eine weiterf\u00fchrende Unfallfolge bezeichnet werden. Ein weiteren Anhaltspunkt der Unfallrekonstruktion bildet die Hochachse eines jeden Fahrzeuges. Wird ein Fahrzeug hinten rechts getroffen, so wirken die Kr\u00e4fte zur Hochachse des Fahrzeuges in Uhrzeigerrichtung. Wird das Fahrzeug vorne rechts getroffen, so wirken die Kr\u00e4fte zur Hochachse des Fahrzeuges entgegengesetzt des Uhrzeigerrichtung. Ein weiterer Anhaltspunkt der Streifkollision ist durch seine drei Phasen identifizierbar.<\/p>\n<p>Anstreifphase, Hauptkraftaustausch und Abgleitphase.<\/p>\n<p>Mittels ordnungsgem\u00e4\u00dfer Dokumentation und 3D-Darstellung l\u00e4sst sich die Unfallursache eindeutig kl\u00e4ren.<\/p>\n<p>Sie sollten schnell einen KFZ Sachverst\u00e4ndigen zur Beweisaufnahme hinzuziehen, damit Beweise nicht vernichtet werden.<\/p>\n<p>[\/vc_column_text][\/vc_column][\/vc_row]<\/p>\n","protected":false},"excerpt":{"rendered":"<p>[vc_row][vc_column][big_title bigtitle_content=&#8220;Unfall Spurwechsel&#8220;][subtitle subtitle_content=&#8220;Schuldfrage Unfall Spurwechsel &#8211; Wer haftet ?&#8220;][vc_message color=&#8220;info&#8220;]Bei einem Unfall bei Spurwechsel trifft in der Regel denjenigen Verkehrsteilnehmer die alleinige Schuld, der den Spurwechsel vollzieht. Denn er h\u00e4tte hierbei eine Gef\u00e4hrdung anderer Verkehrsteilnehmer durch \u00e4u\u00dferste Sorgfalt ausschlie\u00dfen m\u00fcssen. [\/vc_message][vc_column_text]Bei einem Unfall bei Spurwechsel spreche der\u00a0sog. Anscheinsbeweis\u00a0f\u00fcr ein schuldhaftes Verhalten des Fahrers des&hellip;<\/p>\n","protected":false},"author":1,"featured_media":0,"parent":0,"menu_order":0,"comment_status":"closed","ping_status":"closed","template":"","meta":{"footnotes":""},"class_list":["post-13507","page","type-page","status-publish","hentry","description-off"],"yoast_head":"<!-- This site is optimized with the Yoast SEO Premium plugin v24.9 (Yoast SEO v24.9) - https:\/\/yoast.com\/wordpress\/plugins\/seo\/ -->\n<title>Unfall Spurwechsel - KFZ Gutachter Unfallforensik, unfallanalytisches Gutachten, Unfallanalyse, Sachverst\u00e4ndiger, Unfallrekonstruktion<\/title>\n<meta name=\"robots\" content=\"index, follow, max-snippet:-1, max-image-preview:large, max-video-preview:-1\" \/>\n<link rel=\"canonical\" href=\"https:\/\/unfallforensik.com\/kfz\/unfall-spurwechsel\/\" \/>\n<meta property=\"og:locale\" content=\"de_DE\" \/>\n<meta property=\"og:type\" content=\"article\" \/>\n<meta property=\"og:title\" content=\"Unfall Spurwechsel\" \/>\n<meta property=\"og:description\" content=\"[vc_row][vc_column][big_title bigtitle_content=&#8220;Unfall Spurwechsel&#8220;][subtitle subtitle_content=&#8220;Schuldfrage Unfall Spurwechsel &#8211; Wer haftet ?&#8220;][vc_message color=&#8220;info&#8220;]Bei einem Unfall bei Spurwechsel trifft in der Regel denjenigen Verkehrsteilnehmer die alleinige Schuld, der den Spurwechsel vollzieht. Denn er h\u00e4tte hierbei eine Gef\u00e4hrdung anderer Verkehrsteilnehmer durch \u00e4u\u00dferste Sorgfalt ausschlie\u00dfen m\u00fcssen. [\/vc_message][vc_column_text]Bei einem Unfall bei Spurwechsel spreche der\u00a0sog. Anscheinsbeweis\u00a0f\u00fcr ein schuldhaftes Verhalten des Fahrers des&hellip;\" \/>\n<meta property=\"og:url\" content=\"https:\/\/unfallforensik.com\/kfz\/unfall-spurwechsel\/\" \/>\n<meta property=\"og:site_name\" content=\"KFZ Gutachter Unfallforensik, unfallanalytisches Gutachten, Unfallanalyse, Sachverst\u00e4ndiger, Unfallrekonstruktion\" \/>\n<meta property=\"article:modified_time\" content=\"2025-11-10T13:51:17+00:00\" \/>\n<meta name=\"twitter:card\" content=\"summary_large_image\" \/>\n<meta name=\"twitter:label1\" content=\"Gesch\u00e4tzte Lesezeit\" \/>\n\t<meta name=\"twitter:data1\" content=\"2\u00a0Minuten\" \/>\n<script type=\"application\/ld+json\" class=\"yoast-schema-graph\">{\"@context\":\"https:\/\/schema.org\",\"@graph\":[{\"@type\":\"WebPage\",\"@id\":\"https:\/\/unfallforensik.com\/kfz\/unfall-spurwechsel\/\",\"url\":\"https:\/\/unfallforensik.com\/kfz\/unfall-spurwechsel\/\",\"name\":\"Unfall Spurwechsel - KFZ Gutachter Unfallforensik, unfallanalytisches Gutachten, Unfallanalyse, Sachverst\u00e4ndiger, Unfallrekonstruktion\",\"isPartOf\":{\"@id\":\"https:\/\/unfallforensik.com\/kfz\/#website\"},\"datePublished\":\"2017-12-28T12:53:06+00:00\",\"dateModified\":\"2025-11-10T13:51:17+00:00\",\"breadcrumb\":{\"@id\":\"https:\/\/unfallforensik.com\/kfz\/unfall-spurwechsel\/#breadcrumb\"},\"inLanguage\":\"de\",\"potentialAction\":[{\"@type\":\"ReadAction\",\"target\":[\"https:\/\/unfallforensik.com\/kfz\/unfall-spurwechsel\/\"]}]},{\"@type\":\"BreadcrumbList\",\"@id\":\"https:\/\/unfallforensik.com\/kfz\/unfall-spurwechsel\/#breadcrumb\",\"itemListElement\":[{\"@type\":\"ListItem\",\"position\":1,\"name\":\"Home\",\"item\":\"https:\/\/unfallforensik.com\/kfz\/\"},{\"@type\":\"ListItem\",\"position\":2,\"name\":\"Unfall Spurwechsel\"}]},{\"@type\":\"WebSite\",\"@id\":\"https:\/\/unfallforensik.com\/kfz\/#website\",\"url\":\"https:\/\/unfallforensik.com\/kfz\/\",\"name\":\"KFZ Gutachter Unfallforensik, unfallanalytisches Gutachten, Unfallanalyse, Sachverst\u00e4ndiger, Unfallrekonstruktion\",\"description\":\"KFZ Gutachter,Unfallschaden,Unfallrekonstruktion,unfallanalytisches Verfahren\",\"publisher\":{\"@id\":\"https:\/\/unfallforensik.com\/kfz\/#organization\"},\"potentialAction\":[{\"@type\":\"SearchAction\",\"target\":{\"@type\":\"EntryPoint\",\"urlTemplate\":\"https:\/\/unfallforensik.com\/kfz\/?s={search_term_string}\"},\"query-input\":{\"@type\":\"PropertyValueSpecification\",\"valueRequired\":true,\"valueName\":\"search_term_string\"}}],\"inLanguage\":\"de\"},{\"@type\":\"Organization\",\"@id\":\"https:\/\/unfallforensik.com\/kfz\/#organization\",\"name\":\"KFZ Gutachter Unfallforensik, unfallanalytisches Gutachten, Unfallanalyse, Sachverst\u00e4ndiger, Unfallrekonstruktion\",\"url\":\"https:\/\/unfallforensik.com\/kfz\/\",\"logo\":{\"@type\":\"ImageObject\",\"inLanguage\":\"de\",\"@id\":\"https:\/\/unfallforensik.com\/kfz\/#\/schema\/logo\/image\/\",\"url\":\"https:\/\/unfallforensik.com\/kfz\/wp-content\/uploads\/2022\/05\/logo57.png\",\"contentUrl\":\"https:\/\/unfallforensik.com\/kfz\/wp-content\/uploads\/2022\/05\/logo57.png\",\"width\":57,\"height\":57,\"caption\":\"KFZ Gutachter Unfallforensik, unfallanalytisches Gutachten, Unfallanalyse, Sachverst\u00e4ndiger, Unfallrekonstruktion\"},\"image\":{\"@id\":\"https:\/\/unfallforensik.com\/kfz\/#\/schema\/logo\/image\/\"}}]}<\/script>\n<!-- \/ Yoast SEO Premium plugin. -->","yoast_head_json":{"title":"Unfall Spurwechsel - KFZ Gutachter Unfallforensik, unfallanalytisches Gutachten, Unfallanalyse, Sachverst\u00e4ndiger, Unfallrekonstruktion","robots":{"index":"index","follow":"follow","max-snippet":"max-snippet:-1","max-image-preview":"max-image-preview:large","max-video-preview":"max-video-preview:-1"},"canonical":"https:\/\/unfallforensik.com\/kfz\/unfall-spurwechsel\/","og_locale":"de_DE","og_type":"article","og_title":"Unfall Spurwechsel","og_description":"[vc_row][vc_column][big_title bigtitle_content=&#8220;Unfall Spurwechsel&#8220;][subtitle subtitle_content=&#8220;Schuldfrage Unfall Spurwechsel &#8211; Wer haftet ?&#8220;][vc_message color=&#8220;info&#8220;]Bei einem Unfall bei Spurwechsel trifft in der Regel denjenigen Verkehrsteilnehmer die alleinige Schuld, der den Spurwechsel vollzieht. Denn er h\u00e4tte hierbei eine Gef\u00e4hrdung anderer Verkehrsteilnehmer durch \u00e4u\u00dferste Sorgfalt ausschlie\u00dfen m\u00fcssen. [\/vc_message][vc_column_text]Bei einem Unfall bei Spurwechsel spreche der\u00a0sog. Anscheinsbeweis\u00a0f\u00fcr ein schuldhaftes Verhalten des Fahrers des&hellip;","og_url":"https:\/\/unfallforensik.com\/kfz\/unfall-spurwechsel\/","og_site_name":"KFZ Gutachter Unfallforensik, unfallanalytisches Gutachten, Unfallanalyse, Sachverst\u00e4ndiger, Unfallrekonstruktion","article_modified_time":"2025-11-10T13:51:17+00:00","twitter_card":"summary_large_image","twitter_misc":{"Gesch\u00e4tzte Lesezeit":"2\u00a0Minuten"},"schema":{"@context":"https:\/\/schema.org","@graph":[{"@type":"WebPage","@id":"https:\/\/unfallforensik.com\/kfz\/unfall-spurwechsel\/","url":"https:\/\/unfallforensik.com\/kfz\/unfall-spurwechsel\/","name":"Unfall Spurwechsel - KFZ Gutachter Unfallforensik, unfallanalytisches Gutachten, Unfallanalyse, Sachverst\u00e4ndiger, Unfallrekonstruktion","isPartOf":{"@id":"https:\/\/unfallforensik.com\/kfz\/#website"},"datePublished":"2017-12-28T12:53:06+00:00","dateModified":"2025-11-10T13:51:17+00:00","breadcrumb":{"@id":"https:\/\/unfallforensik.com\/kfz\/unfall-spurwechsel\/#breadcrumb"},"inLanguage":"de","potentialAction":[{"@type":"ReadAction","target":["https:\/\/unfallforensik.com\/kfz\/unfall-spurwechsel\/"]}]},{"@type":"BreadcrumbList","@id":"https:\/\/unfallforensik.com\/kfz\/unfall-spurwechsel\/#breadcrumb","itemListElement":[{"@type":"ListItem","position":1,"name":"Home","item":"https:\/\/unfallforensik.com\/kfz\/"},{"@type":"ListItem","position":2,"name":"Unfall Spurwechsel"}]},{"@type":"WebSite","@id":"https:\/\/unfallforensik.com\/kfz\/#website","url":"https:\/\/unfallforensik.com\/kfz\/","name":"KFZ Gutachter Unfallforensik, unfallanalytisches Gutachten, Unfallanalyse, Sachverst\u00e4ndiger, Unfallrekonstruktion","description":"KFZ Gutachter,Unfallschaden,Unfallrekonstruktion,unfallanalytisches Verfahren","publisher":{"@id":"https:\/\/unfallforensik.com\/kfz\/#organization"},"potentialAction":[{"@type":"SearchAction","target":{"@type":"EntryPoint","urlTemplate":"https:\/\/unfallforensik.com\/kfz\/?s={search_term_string}"},"query-input":{"@type":"PropertyValueSpecification","valueRequired":true,"valueName":"search_term_string"}}],"inLanguage":"de"},{"@type":"Organization","@id":"https:\/\/unfallforensik.com\/kfz\/#organization","name":"KFZ Gutachter Unfallforensik, unfallanalytisches Gutachten, Unfallanalyse, Sachverst\u00e4ndiger, Unfallrekonstruktion","url":"https:\/\/unfallforensik.com\/kfz\/","logo":{"@type":"ImageObject","inLanguage":"de","@id":"https:\/\/unfallforensik.com\/kfz\/#\/schema\/logo\/image\/","url":"https:\/\/unfallforensik.com\/kfz\/wp-content\/uploads\/2022\/05\/logo57.png","contentUrl":"https:\/\/unfallforensik.com\/kfz\/wp-content\/uploads\/2022\/05\/logo57.png","width":57,"height":57,"caption":"KFZ Gutachter Unfallforensik, unfallanalytisches Gutachten, Unfallanalyse, Sachverst\u00e4ndiger, Unfallrekonstruktion"},"image":{"@id":"https:\/\/unfallforensik.com\/kfz\/#\/schema\/logo\/image\/"}}]}},"_links":{"self":[{"href":"https:\/\/unfallforensik.com\/kfz\/wp-json\/wp\/v2\/pages\/13507","targetHints":{"allow":["GET"]}}],"collection":[{"href":"https:\/\/unfallforensik.com\/kfz\/wp-json\/wp\/v2\/pages"}],"about":[{"href":"https:\/\/unfallforensik.com\/kfz\/wp-json\/wp\/v2\/types\/page"}],"author":[{"embeddable":true,"href":"https:\/\/unfallforensik.com\/kfz\/wp-json\/wp\/v2\/users\/1"}],"replies":[{"embeddable":true,"href":"https:\/\/unfallforensik.com\/kfz\/wp-json\/wp\/v2\/comments?post=13507"}],"version-history":[{"count":1,"href":"https:\/\/unfallforensik.com\/kfz\/wp-json\/wp\/v2\/pages\/13507\/revisions"}],"predecessor-version":[{"id":17567,"href":"https:\/\/unfallforensik.com\/kfz\/wp-json\/wp\/v2\/pages\/13507\/revisions\/17567"}],"wp:attachment":[{"href":"https:\/\/unfallforensik.com\/kfz\/wp-json\/wp\/v2\/media?parent=13507"}],"curies":[{"name":"wp","href":"https:\/\/api.w.org\/{rel}","templated":true}]}}