{"id":13469,"date":"2017-12-26T13:29:52","date_gmt":"2017-12-26T12:29:52","guid":{"rendered":"http:\/\/unfallforensik.com\/kfz\/?page_id=13469"},"modified":"2017-12-26T13:40:06","modified_gmt":"2017-12-26T12:40:06","slug":"unfallrekonstruktion-berlin-brandenburg","status":"publish","type":"page","link":"https:\/\/unfallforensik.com\/kfz\/unfallrekonstruktion-berlin-brandenburg\/","title":{"rendered":"Unfallrekonstruktion Berlin Brandenburg"},"content":{"rendered":"<p>[vc_row][vc_column][big_title bigtitle_content=&#8220;Unfallrekonstruktion Berlin Brandenburg&#8220;][subtitle3 subtitle_content=&#8220;Unfallrekonstruktion Unfallanalyse Unfallanalytiker Berlin Brandenburg&#8220;][vc_column_text]<\/p>\n<h1>Eine Unfallanalyse kann die Wahrheit ans Licht bringen<\/h1>\n<h2><span id=\"wie_sich_mittels_unfallrekonstruktion_die_schuldfrage_klaeren_laesst\">Wie sich mittels Unfallrekonstruktion Berlin die Schuldfrage kl\u00e4ren l\u00e4sst<\/span><\/h2>\n<p>Ein <a href=\"https:\/\/unfallforensik.com\/kfz\/unfallrekonstruktion-falsch\/\">Verkehrsunfall<\/a> ist\u00a0<strong>oftmals komplexer<\/strong>, als der Anblick selbst zun\u00e4chst vermuten l\u00e4sst. Nachdem die Beteiligten den\u00a0Unfallbericht\u00a0erstellt haben und die Polizei den Unfall aufgenommen hat, dann ist oft noch nicht genau klar, wer \u00fcberhaupt die\u00a0<strong>Schuld an dem Unfall tr\u00e4gt<\/strong>. H\u00e4ufig ist es auch so, dass jeden der Beteiligten eine\u00a0<strong>Teilschuld<\/strong>\u00a0trifft.<\/p>\n<p>Wenn mindestens eine von beiden Seiten\u00a0<strong>Ersatz f\u00fcr den entstandenen Schaden<\/strong>\u00a0fordert, muss die Frage der <a href=\"https:\/\/unfallforensik.com\/kfz\/kollisionsanalyse\/\">Unfallschuld<\/a> unbedingt gekl\u00e4rt werden. Doch was ist, wenn sich aus der Unfallaufnahme und den Aussagen von Zeugen\u00a0<strong>nicht eindeutig ableiten<\/strong>\u00a0l\u00e4sst, bei wem die Verantwortung f\u00fcr die Kollision liegt?<\/p>\n<p>In so einem Fall ben\u00f6tigen Sie einen\u00a0<a href=\"https:\/\/unfallforensik.com\/kfz\/unfall-strittig-unfallrekonstruktion-berlin\/\"><strong>speziellen Gutachter<\/strong><\/a>, der mit einer Unfallauswertung Licht ins Dunkel bringt. Wer so eine Ermittlung durchf\u00fchren kann und wie eine Unfallanalyse konkret abl\u00e4uft, erfahren Sie in unserem Ratgeber.<\/p>\n<p>&nbsp;<\/p>\n<p>[\/vc_column_text][vc_single_image image=&#8220;13470&#8243; img_size=&#8220;full&#8220; alignment=&#8220;center&#8220; title=&#8220;Unfallrekonstruktion Berlin Brandenburg \u260e 030 55 57 18 29&#8243;][vc_column_text]<\/p>\n<h3><span id=\"welche_voraussetzungen_muessen_fuer_eine_unfallrekonstruktion_gegeben_sein\">Welche Voraussetzungen m\u00fcssen f\u00fcr eine Unfallrekonstruktion gegeben sein?<\/span><\/h3>\n<p>F\u00fcr die Unfallanalyse ben\u00f6tigt der Gutachter eine ganze Reihe an\u00a0<strong>Beweisen<\/strong>, die sie bereits selbst am\u00a0<strong>Unfallort sichern sollten<\/strong>:<\/p>\n<div id=\"attachment_30114\" class=\"wp-caption alignleft\">\n<p class=\"wp-caption-text\">Eine Unfallanalyse wird von einem professionellen Gutachter durchgef\u00fchrt.<\/p>\n<\/div>\n<ul>\n<li>die\u00a0<strong>beteiligten Fahrzeuge<\/strong>\u00a0mit ihren Sch\u00e4den selbst<\/li>\n<li><strong>Fotografien vom Unfallort<\/strong>, welche die Lage der beteiligten Fahrzeuge, die Unfallspuren und markante Punkte zeigen, die sich im Raum genau verorten lassen (Gullideckel, Stra\u00dfenlaternen etc.)<\/li>\n<li><strong>Aussagen<\/strong>\u00a0der Unfallgegner sowie anwesender Zeugen zum genauen Unfallhergang<\/li>\n<\/ul>\n<p>Ein geeigneter Sachverst\u00e4ndiger, der solch ein unfallanalytisches Gutachten erstellen kann, sollte am besten ein\u00a0<strong>\u00f6ffentlich bestellter und vereidigter Unfallanalytiker<\/strong>\u00a0sein. Deren Gutachten sind n\u00e4mlich von Gerichten bevorzugt zu ber\u00fccksichtigen und genie\u00dfen eine h\u00f6here Glaubw\u00fcrdigkeit als Gutachten von anderen Sachverst\u00e4ndigen. Oft k\u00fcmmert sich die Versicherung beziehungsweise der Rechtsanwalt des Gesch\u00e4digten darum, einen\u00a0<strong>geeigneten Gutachter zu bestellen<\/strong>.<\/p>\n<p>[\/vc_column_text][vc_column_text]<\/p>\n<h3><span id=\"wie_laeuft_eine_unfallrekonstruktion_genau_ab\">Wie l\u00e4uft eine Unfallrekonstruktion Berlin Brandenburg genau ab?<\/span><\/h3>\n<p>Der Gutachter <a href=\"https:\/\/unfallforensik.com\/kfz\/unfallanalytiker-referenzen\/\">Unfallanalytiker<\/a> in Berlin nutzt f\u00fcr die\u00a0Unfallrekonstruktion Berlin\u00a0eine\u00a0<strong>spezielle Software<\/strong>, mit der er auf Basis der gesicherten Daten den Unfall in Berlin so genau und\u00a0<strong>objektiv wie m\u00f6glich<\/strong>\u00a0rekonstruieren kann. Dabei liegt das Hauptaugenmerk auf folgenden Punkten:<\/p>\n<div id=\"attachment_30118\" class=\"wp-caption alignright\">\n<p class=\"wp-caption-text\">Bei der Unfallanalyse Berlin wird spezielle Software eingesetzt, die Geschwindigkeiten errechnet.<\/p>\n<\/div>\n<ul>\n<li>Unfallanalyse bedeutet vor allem, den genauen Unfallhergang durch ein\u00a0<strong>Modell zu rekonstruieren<\/strong>. Dies ist anhand der Sch\u00e4den an den Fahrzeugen selbst sowie mittels der Vermessung des Unfallortes m\u00f6glich.<\/li>\n<li>Besonders wichtig sind dabei die\u00a0<strong>Geschwindigkeiten<\/strong>, mit denen die beteiligten Fahrzeuge vor der Kollision unterwegs waren. Diese lassen sich bei der Unfallanalyse beispielsweise aus den Verformungen der Karosserie oder den Bremsspuren am Unfallort rekonstruieren.<\/li>\n<li>Bei der Unfallanalytik nimmt au\u00dferdem die Frage der\u00a0<strong>Vermeidbarkeit<\/strong>\u00a0einen gro\u00dfen Raum ein. Dabei ermittelt der Sachverst\u00e4ndige, ob die Beteiligten den Unfall h\u00e4tten abwenden k\u00f6nnen, wenn sie langsamer gefahren w\u00e4ren oder fr\u00fcher gebremst h\u00e4tten.<\/li>\n<li>Es kann sein, dass Ihr Unfallgegner von Ihnen eine Erstattung f\u00fcr Sch\u00e4den verlangt, die Sie gar nicht selber verursacht haben. Ein neutrales und objektives Gutachten kann auch hier dazu beitragen, einem m\u00f6glichen\u00a0<strong>Versicherungsbetrug<\/strong>\u00a0vorzugreifen.<\/li>\n<li>Ein weiterer wichtiger Gegenstand einer Unfallanalyse ist die\u00a0<strong>Biomechanik<\/strong>. Diese untersucht, ob bei einem\u00a0Personenschaden\u00a0bestimmte Verletzungen wirklich durch den Unfall entstanden sind und ob diese vermeidbar gewesen w\u00e4ren, wenn die Unfallgegner sich umsichtiger verhalten h\u00e4tten.<\/li>\n<\/ul>\n<p>&nbsp;<\/p>\n<p>[\/vc_column_text][\/vc_column][\/vc_row]<\/p>\n","protected":false},"excerpt":{"rendered":"<p>[vc_row][vc_column][big_title bigtitle_content=&#8220;Unfallrekonstruktion Berlin Brandenburg&#8220;][subtitle3 subtitle_content=&#8220;Unfallrekonstruktion Unfallanalyse Unfallanalytiker Berlin Brandenburg&#8220;][vc_column_text] Eine Unfallanalyse kann die Wahrheit ans Licht bringen Wie sich mittels Unfallrekonstruktion Berlin die Schuldfrage kl\u00e4ren l\u00e4sst Ein Verkehrsunfall ist\u00a0oftmals komplexer, als der Anblick selbst zun\u00e4chst vermuten l\u00e4sst. Nachdem die Beteiligten den\u00a0Unfallbericht\u00a0erstellt haben und die Polizei den Unfall aufgenommen hat, dann ist oft noch nicht genau&hellip;<\/p>\n","protected":false},"author":1,"featured_media":0,"parent":0,"menu_order":0,"comment_status":"closed","ping_status":"closed","template":"","meta":{"footnotes":""},"class_list":["post-13469","page","type-page","status-publish","hentry","description-off"],"yoast_head":"<!-- This site is optimized with the Yoast SEO Premium plugin v24.9 (Yoast SEO v24.9) - https:\/\/yoast.com\/wordpress\/plugins\/seo\/ -->\n<title>Unfallrekonstruktion Berlin Brandenburg Unfallrekonstruktion unfallanalytisches Gutachten<\/title>\n<meta name=\"description\" content=\"Unfallrekonstruktion Berlin : Unfallrekonstruktion,Unfallanalyse u. unfallanalytische Gutachten. Der verkehrsanalytische KFZ Sachverst\u00e4ndige in Berlin\" \/>\n<meta name=\"robots\" content=\"index, follow, max-snippet:-1, max-image-preview:large, max-video-preview:-1\" \/>\n<link rel=\"canonical\" href=\"https:\/\/unfallforensik.com\/kfz\/unfallrekonstruktion-berlin-brandenburg\/\" \/>\n<meta property=\"og:locale\" content=\"de_DE\" \/>\n<meta property=\"og:type\" content=\"article\" \/>\n<meta property=\"og:title\" content=\"Unfallrekonstruktion Berlin Brandenburg\" \/>\n<meta property=\"og:description\" content=\"Unfallrekonstruktion Berlin : Unfallrekonstruktion,Unfallanalyse u. unfallanalytische Gutachten. Der verkehrsanalytische KFZ Sachverst\u00e4ndige in Berlin\" \/>\n<meta property=\"og:url\" content=\"https:\/\/unfallforensik.com\/kfz\/unfallrekonstruktion-berlin-brandenburg\/\" \/>\n<meta property=\"og:site_name\" content=\"KFZ Gutachter Unfallforensik, unfallanalytisches Gutachten, Unfallanalyse, Sachverst\u00e4ndiger, Unfallrekonstruktion\" \/>\n<meta property=\"article:modified_time\" content=\"2017-12-26T12:40:06+00:00\" \/>\n<meta name=\"twitter:card\" content=\"summary_large_image\" \/>\n<meta name=\"twitter:label1\" content=\"Gesch\u00e4tzte Lesezeit\" \/>\n\t<meta name=\"twitter:data1\" content=\"3\u00a0Minuten\" \/>\n<script type=\"application\/ld+json\" class=\"yoast-schema-graph\">{\"@context\":\"https:\/\/schema.org\",\"@graph\":[{\"@type\":\"WebPage\",\"@id\":\"https:\/\/unfallforensik.com\/kfz\/unfallrekonstruktion-berlin-brandenburg\/\",\"url\":\"https:\/\/unfallforensik.com\/kfz\/unfallrekonstruktion-berlin-brandenburg\/\",\"name\":\"Unfallrekonstruktion Berlin Brandenburg Unfallrekonstruktion unfallanalytisches Gutachten\",\"isPartOf\":{\"@id\":\"https:\/\/unfallforensik.com\/kfz\/#website\"},\"datePublished\":\"2017-12-26T12:29:52+00:00\",\"dateModified\":\"2017-12-26T12:40:06+00:00\",\"description\":\"Unfallrekonstruktion Berlin : Unfallrekonstruktion,Unfallanalyse u. unfallanalytische Gutachten. Der verkehrsanalytische KFZ Sachverst\u00e4ndige in Berlin\",\"breadcrumb\":{\"@id\":\"https:\/\/unfallforensik.com\/kfz\/unfallrekonstruktion-berlin-brandenburg\/#breadcrumb\"},\"inLanguage\":\"de\",\"potentialAction\":[{\"@type\":\"ReadAction\",\"target\":[\"https:\/\/unfallforensik.com\/kfz\/unfallrekonstruktion-berlin-brandenburg\/\"]}]},{\"@type\":\"BreadcrumbList\",\"@id\":\"https:\/\/unfallforensik.com\/kfz\/unfallrekonstruktion-berlin-brandenburg\/#breadcrumb\",\"itemListElement\":[{\"@type\":\"ListItem\",\"position\":1,\"name\":\"Home\",\"item\":\"https:\/\/unfallforensik.com\/kfz\/\"},{\"@type\":\"ListItem\",\"position\":2,\"name\":\"Unfallrekonstruktion Berlin Brandenburg\"}]},{\"@type\":\"WebSite\",\"@id\":\"https:\/\/unfallforensik.com\/kfz\/#website\",\"url\":\"https:\/\/unfallforensik.com\/kfz\/\",\"name\":\"KFZ Gutachter Unfallforensik, unfallanalytisches Gutachten, Unfallanalyse, Sachverst\u00e4ndiger, Unfallrekonstruktion\",\"description\":\"KFZ Gutachter,Unfallschaden,Unfallrekonstruktion,unfallanalytisches Verfahren\",\"publisher\":{\"@id\":\"https:\/\/unfallforensik.com\/kfz\/#organization\"},\"potentialAction\":[{\"@type\":\"SearchAction\",\"target\":{\"@type\":\"EntryPoint\",\"urlTemplate\":\"https:\/\/unfallforensik.com\/kfz\/?s={search_term_string}\"},\"query-input\":{\"@type\":\"PropertyValueSpecification\",\"valueRequired\":true,\"valueName\":\"search_term_string\"}}],\"inLanguage\":\"de\"},{\"@type\":\"Organization\",\"@id\":\"https:\/\/unfallforensik.com\/kfz\/#organization\",\"name\":\"KFZ Gutachter Unfallforensik, unfallanalytisches Gutachten, Unfallanalyse, Sachverst\u00e4ndiger, Unfallrekonstruktion\",\"url\":\"https:\/\/unfallforensik.com\/kfz\/\",\"logo\":{\"@type\":\"ImageObject\",\"inLanguage\":\"de\",\"@id\":\"https:\/\/unfallforensik.com\/kfz\/#\/schema\/logo\/image\/\",\"url\":\"https:\/\/unfallforensik.com\/kfz\/wp-content\/uploads\/2022\/05\/logo57.png\",\"contentUrl\":\"https:\/\/unfallforensik.com\/kfz\/wp-content\/uploads\/2022\/05\/logo57.png\",\"width\":57,\"height\":57,\"caption\":\"KFZ Gutachter Unfallforensik, unfallanalytisches Gutachten, Unfallanalyse, Sachverst\u00e4ndiger, Unfallrekonstruktion\"},\"image\":{\"@id\":\"https:\/\/unfallforensik.com\/kfz\/#\/schema\/logo\/image\/\"}}]}<\/script>\n<!-- \/ Yoast SEO Premium plugin. -->","yoast_head_json":{"title":"Unfallrekonstruktion Berlin Brandenburg Unfallrekonstruktion unfallanalytisches Gutachten","description":"Unfallrekonstruktion Berlin : Unfallrekonstruktion,Unfallanalyse u. unfallanalytische Gutachten. Der verkehrsanalytische KFZ Sachverst\u00e4ndige in Berlin","robots":{"index":"index","follow":"follow","max-snippet":"max-snippet:-1","max-image-preview":"max-image-preview:large","max-video-preview":"max-video-preview:-1"},"canonical":"https:\/\/unfallforensik.com\/kfz\/unfallrekonstruktion-berlin-brandenburg\/","og_locale":"de_DE","og_type":"article","og_title":"Unfallrekonstruktion Berlin Brandenburg","og_description":"Unfallrekonstruktion Berlin : Unfallrekonstruktion,Unfallanalyse u. unfallanalytische Gutachten. Der verkehrsanalytische KFZ Sachverst\u00e4ndige in Berlin","og_url":"https:\/\/unfallforensik.com\/kfz\/unfallrekonstruktion-berlin-brandenburg\/","og_site_name":"KFZ Gutachter Unfallforensik, unfallanalytisches Gutachten, Unfallanalyse, Sachverst\u00e4ndiger, Unfallrekonstruktion","article_modified_time":"2017-12-26T12:40:06+00:00","twitter_card":"summary_large_image","twitter_misc":{"Gesch\u00e4tzte Lesezeit":"3\u00a0Minuten"},"schema":{"@context":"https:\/\/schema.org","@graph":[{"@type":"WebPage","@id":"https:\/\/unfallforensik.com\/kfz\/unfallrekonstruktion-berlin-brandenburg\/","url":"https:\/\/unfallforensik.com\/kfz\/unfallrekonstruktion-berlin-brandenburg\/","name":"Unfallrekonstruktion Berlin Brandenburg Unfallrekonstruktion unfallanalytisches Gutachten","isPartOf":{"@id":"https:\/\/unfallforensik.com\/kfz\/#website"},"datePublished":"2017-12-26T12:29:52+00:00","dateModified":"2017-12-26T12:40:06+00:00","description":"Unfallrekonstruktion Berlin : Unfallrekonstruktion,Unfallanalyse u. unfallanalytische Gutachten. Der verkehrsanalytische KFZ Sachverst\u00e4ndige in Berlin","breadcrumb":{"@id":"https:\/\/unfallforensik.com\/kfz\/unfallrekonstruktion-berlin-brandenburg\/#breadcrumb"},"inLanguage":"de","potentialAction":[{"@type":"ReadAction","target":["https:\/\/unfallforensik.com\/kfz\/unfallrekonstruktion-berlin-brandenburg\/"]}]},{"@type":"BreadcrumbList","@id":"https:\/\/unfallforensik.com\/kfz\/unfallrekonstruktion-berlin-brandenburg\/#breadcrumb","itemListElement":[{"@type":"ListItem","position":1,"name":"Home","item":"https:\/\/unfallforensik.com\/kfz\/"},{"@type":"ListItem","position":2,"name":"Unfallrekonstruktion Berlin Brandenburg"}]},{"@type":"WebSite","@id":"https:\/\/unfallforensik.com\/kfz\/#website","url":"https:\/\/unfallforensik.com\/kfz\/","name":"KFZ Gutachter Unfallforensik, unfallanalytisches Gutachten, Unfallanalyse, Sachverst\u00e4ndiger, Unfallrekonstruktion","description":"KFZ Gutachter,Unfallschaden,Unfallrekonstruktion,unfallanalytisches Verfahren","publisher":{"@id":"https:\/\/unfallforensik.com\/kfz\/#organization"},"potentialAction":[{"@type":"SearchAction","target":{"@type":"EntryPoint","urlTemplate":"https:\/\/unfallforensik.com\/kfz\/?s={search_term_string}"},"query-input":{"@type":"PropertyValueSpecification","valueRequired":true,"valueName":"search_term_string"}}],"inLanguage":"de"},{"@type":"Organization","@id":"https:\/\/unfallforensik.com\/kfz\/#organization","name":"KFZ Gutachter Unfallforensik, unfallanalytisches Gutachten, Unfallanalyse, Sachverst\u00e4ndiger, Unfallrekonstruktion","url":"https:\/\/unfallforensik.com\/kfz\/","logo":{"@type":"ImageObject","inLanguage":"de","@id":"https:\/\/unfallforensik.com\/kfz\/#\/schema\/logo\/image\/","url":"https:\/\/unfallforensik.com\/kfz\/wp-content\/uploads\/2022\/05\/logo57.png","contentUrl":"https:\/\/unfallforensik.com\/kfz\/wp-content\/uploads\/2022\/05\/logo57.png","width":57,"height":57,"caption":"KFZ Gutachter Unfallforensik, unfallanalytisches Gutachten, Unfallanalyse, Sachverst\u00e4ndiger, Unfallrekonstruktion"},"image":{"@id":"https:\/\/unfallforensik.com\/kfz\/#\/schema\/logo\/image\/"}}]}},"_links":{"self":[{"href":"https:\/\/unfallforensik.com\/kfz\/wp-json\/wp\/v2\/pages\/13469","targetHints":{"allow":["GET"]}}],"collection":[{"href":"https:\/\/unfallforensik.com\/kfz\/wp-json\/wp\/v2\/pages"}],"about":[{"href":"https:\/\/unfallforensik.com\/kfz\/wp-json\/wp\/v2\/types\/page"}],"author":[{"embeddable":true,"href":"https:\/\/unfallforensik.com\/kfz\/wp-json\/wp\/v2\/users\/1"}],"replies":[{"embeddable":true,"href":"https:\/\/unfallforensik.com\/kfz\/wp-json\/wp\/v2\/comments?post=13469"}],"version-history":[{"count":0,"href":"https:\/\/unfallforensik.com\/kfz\/wp-json\/wp\/v2\/pages\/13469\/revisions"}],"wp:attachment":[{"href":"https:\/\/unfallforensik.com\/kfz\/wp-json\/wp\/v2\/media?parent=13469"}],"curies":[{"name":"wp","href":"https:\/\/api.w.org\/{rel}","templated":true}]}}