{"id":13342,"date":"2017-12-20T10:51:45","date_gmt":"2017-12-20T09:51:45","guid":{"rendered":"http:\/\/unfallforensik.com\/kfz\/?page_id=13342"},"modified":"2017-12-20T10:51:45","modified_gmt":"2017-12-20T09:51:45","slug":"rechtsberatungsgesetz","status":"publish","type":"page","link":"https:\/\/unfallforensik.com\/kfz\/rechtsberatungsgesetz\/","title":{"rendered":"Rechtsberatungsgesetz"},"content":{"rendered":"<p>Aufgaben und T\u00e4tigkeitsbereich eines KFZ &#8211; Sachverst\u00e4ndigen f\u00fcr Beweissicherung und Unfallrekonstruktion nach Verkehrsunf\u00e4llen (Unfallanalytiker)<\/p>\n<p>Mit dem &#8220; Gesetz zur Neuregelung des Rechtsberatungsrechts&#8220; vom 12.12.2007 (BGBl. I S. 2840) hat der Gesetzgeber das alte Rechtsberatungsgesetz ( RBerG) aufgehoben und das &#8220; Gesetz \u00fcber au\u00dfergerichtliche Rechtsdienstleistungen (Rechtsdienstleistungsgesetz- RDG)&#8220; eingef\u00fchrt.Es ist zum 1.7.2008 in Kraft getreten. Sachverst\u00e4ndige k\u00f6nnen danach rechtliche Dienstleistungen als Nebenleistung zu ihrer beruflichen T\u00e4tigkeit anbieten (rechtliche Annext\u00e4tigkeit).<\/p>\n<p>Das Berufs- und T\u00e4tigkeitsbild des\u00a0KFZ Sachverst\u00e4ndigen ist nicht durch Gesetz festgelegt und daher variabel. Er erstattet Gutachten betreffend die Feststellung von Fahrzeugsch\u00e4den, Unfallrekonstruktionen und Bu\u00dfgeldsachen im Verkehrsrecht, erteilt m\u00fcndlich fachlichen Rat, bietet baubegleitende Qualit\u00e4tskontrolle an oder ermittelt anl\u00e4sslich einer Bauabnahme etwa vorhandene Baum\u00e4ngel. Er kann beispielsweise k\u00fcnftig seinen Auftraggeber dar\u00fcber informieren, welche Gew\u00e4hrleistungsanspr\u00fcche er hat und wann diese verj\u00e4hren. Er kann ihm weiter empfehlen, ein Schiedsgutachten anzustreben oder eine Schlichtungsstelle anzurufen. Er kann die Abnahme vornehmen, die Beseitigung der festgestellten M\u00e4ngel beim Werkunternehmer anmahnen, Erledigungsfristen setzen und bei Weigerung die M\u00e4ngel durch Dritte beseitigen lassen.<\/p>\n<p>Alle damit zusammenh\u00e4ngenden Rechtsfragen k\u00f6nnen k\u00fcnftig als Annext\u00e4tigkeit von einem Bausachverst\u00e4ndigen im au\u00dfergerichtlichen Bereich f\u00fcr den Auftraggeber bearbeitet werden.<\/p>\n<p>Allerdings sollte Inhalt und Umfang jeglicher Rechtsdienstleistung, die als Annext\u00e4tigkeit erbracht werden soll im Auftragsinhalt vertraglich vereinbart werden.<\/p>\n<p>Eine erlaubte Nebenleistung liegt allerdings nur dann vor, wenn die allgemein rechtsberatende oder rechtbesorgende T\u00e4tigkeit die T\u00e4tigkeit insgesamt nicht pr\u00e4gt, wenn es sich also insgesamt nicht um eine spezifisch rechtliche Leistung handelt, die im Vordergrund der Beauftragung des Sachverst\u00e4ndigen steht.<\/p>\n<p>Weiterhin muss ein sachlicher Zusammenhang zwischen Haupt- und\u00a0Nebenleistung bestehen.<\/p>\n<p>Zul\u00e4ssige Nebenleistungen rechtsberatender Natur k\u00f6nnen beispielsweise sein:<\/p>\n<p>Angaben zur Verj\u00e4hrung, Gew\u00e4hrleistung,Vertragsverletzung,Sittenwidrigkeit,Treu und Glauben,Billiges Ermessen,Schadensersatz,Schmerzensgeld,etc..<\/p>\n<p>Hauptleistungen sind dabei beispielsweise:<\/p>\n<p>die Erstattung eines Gutachtens,eine fachliche Beratung,\u00dcbernahme einer qualit\u00e4tsbegleitenden Qualit\u00e4tskontrolle.<\/p>\n<p>Grundlagenkenntnisse des privaten Baurechts, insbesondere des Werkvertrags-, Dienstvertrags- und des Kaufvertragsrechts , die Grundz\u00fcge des Schadensersatzrechts, der Vertragsregelungen der VOB, des Wohnungseigent\u00fcmergesetzes und des Versicherungsrechtes ; Grundkenntnisse der f\u00fcr die Sachverst\u00e4ndigent\u00e4tigkeit relevanten Abschnitte des Zivilprozessrechts und von Schiedsgutachtenverfahren, Kenntnisse des \u00f6ffentlichen Baurechts sind auszugsweise Bestellungsvorraussetzungen f\u00fcr\u00a0Sachverst\u00e4ndige.<\/p>\n<p>Die Kl\u00e4rung der H\u00f6he des Schmerzensgeldes und der Verschuldensfrage wird als unzul\u00e4ssige Nebenleistung angesehen *.<\/p>\n<p>______________________________________________________________________<\/p>\n<p>* Quelle: Institut f\u00fcr Sachverst\u00e4ndigenwesen e.V., Hohenzollernring 85-87, 50672 K\u00f6ln,<\/p>\n<p>Was\u00a0d\u00fcrfen Sachverst\u00e4ndige nach dem Rechtsdienstleistungsgesetz, Rechtsanw\u00e4ltin Katharina Bleutge, IfS K\u00f6ln.<\/p>\n<p><a href=\"https:\/\/www.ifsforum.de\/\">https:\/\/www.ifsforum.de<\/a><\/p>\n","protected":false},"excerpt":{"rendered":"<p>Aufgaben und T\u00e4tigkeitsbereich eines KFZ &#8211; Sachverst\u00e4ndigen f\u00fcr Beweissicherung und Unfallrekonstruktion nach Verkehrsunf\u00e4llen (Unfallanalytiker) Mit dem &#8220; Gesetz zur Neuregelung des Rechtsberatungsrechts&#8220; vom 12.12.2007 (BGBl. I S. 2840) hat der Gesetzgeber das alte Rechtsberatungsgesetz ( RBerG) aufgehoben und das &#8220; Gesetz \u00fcber au\u00dfergerichtliche Rechtsdienstleistungen (Rechtsdienstleistungsgesetz- RDG)&#8220; eingef\u00fchrt.Es ist zum 1.7.2008 in Kraft getreten. Sachverst\u00e4ndige k\u00f6nnen&hellip;<\/p>\n","protected":false},"author":1,"featured_media":0,"parent":0,"menu_order":0,"comment_status":"closed","ping_status":"closed","template":"","meta":{"footnotes":""},"class_list":["post-13342","page","type-page","status-publish","hentry","description-off"],"yoast_head":"<!-- This site is optimized with the Yoast SEO Premium plugin v24.9 (Yoast SEO v24.9) - https:\/\/yoast.com\/wordpress\/plugins\/seo\/ -->\n<title>Rechtsberatungsgesetz - KFZ Gutachter Unfallforensik, unfallanalytisches Gutachten, Unfallanalyse, Sachverst\u00e4ndiger, Unfallrekonstruktion<\/title>\n<meta name=\"robots\" content=\"index, follow, max-snippet:-1, max-image-preview:large, max-video-preview:-1\" \/>\n<link rel=\"canonical\" href=\"https:\/\/unfallforensik.com\/kfz\/rechtsberatungsgesetz\/\" \/>\n<meta property=\"og:locale\" content=\"de_DE\" \/>\n<meta property=\"og:type\" content=\"article\" \/>\n<meta property=\"og:title\" content=\"Rechtsberatungsgesetz\" \/>\n<meta property=\"og:description\" content=\"Aufgaben und T\u00e4tigkeitsbereich eines KFZ &#8211; Sachverst\u00e4ndigen f\u00fcr Beweissicherung und Unfallrekonstruktion nach Verkehrsunf\u00e4llen (Unfallanalytiker) Mit dem &#8220; Gesetz zur Neuregelung des Rechtsberatungsrechts&#8220; vom 12.12.2007 (BGBl. I S. 2840) hat der Gesetzgeber das alte Rechtsberatungsgesetz ( RBerG) aufgehoben und das &#8220; Gesetz \u00fcber au\u00dfergerichtliche Rechtsdienstleistungen (Rechtsdienstleistungsgesetz- RDG)&#8220; eingef\u00fchrt.Es ist zum 1.7.2008 in Kraft getreten. Sachverst\u00e4ndige k\u00f6nnen&hellip;\" \/>\n<meta property=\"og:url\" content=\"https:\/\/unfallforensik.com\/kfz\/rechtsberatungsgesetz\/\" \/>\n<meta property=\"og:site_name\" content=\"KFZ Gutachter Unfallforensik, unfallanalytisches Gutachten, Unfallanalyse, Sachverst\u00e4ndiger, Unfallrekonstruktion\" \/>\n<meta name=\"twitter:card\" content=\"summary_large_image\" \/>\n<meta name=\"twitter:label1\" content=\"Gesch\u00e4tzte Lesezeit\" \/>\n\t<meta name=\"twitter:data1\" content=\"2\u00a0Minuten\" \/>\n<script type=\"application\/ld+json\" class=\"yoast-schema-graph\">{\"@context\":\"https:\/\/schema.org\",\"@graph\":[{\"@type\":\"WebPage\",\"@id\":\"https:\/\/unfallforensik.com\/kfz\/rechtsberatungsgesetz\/\",\"url\":\"https:\/\/unfallforensik.com\/kfz\/rechtsberatungsgesetz\/\",\"name\":\"Rechtsberatungsgesetz - KFZ Gutachter Unfallforensik, unfallanalytisches Gutachten, Unfallanalyse, Sachverst\u00e4ndiger, Unfallrekonstruktion\",\"isPartOf\":{\"@id\":\"https:\/\/unfallforensik.com\/kfz\/#website\"},\"datePublished\":\"2017-12-20T09:51:45+00:00\",\"breadcrumb\":{\"@id\":\"https:\/\/unfallforensik.com\/kfz\/rechtsberatungsgesetz\/#breadcrumb\"},\"inLanguage\":\"de\",\"potentialAction\":[{\"@type\":\"ReadAction\",\"target\":[\"https:\/\/unfallforensik.com\/kfz\/rechtsberatungsgesetz\/\"]}]},{\"@type\":\"BreadcrumbList\",\"@id\":\"https:\/\/unfallforensik.com\/kfz\/rechtsberatungsgesetz\/#breadcrumb\",\"itemListElement\":[{\"@type\":\"ListItem\",\"position\":1,\"name\":\"Home\",\"item\":\"https:\/\/unfallforensik.com\/kfz\/\"},{\"@type\":\"ListItem\",\"position\":2,\"name\":\"Rechtsberatungsgesetz\"}]},{\"@type\":\"WebSite\",\"@id\":\"https:\/\/unfallforensik.com\/kfz\/#website\",\"url\":\"https:\/\/unfallforensik.com\/kfz\/\",\"name\":\"KFZ Gutachter Unfallforensik, unfallanalytisches Gutachten, Unfallanalyse, Sachverst\u00e4ndiger, Unfallrekonstruktion\",\"description\":\"KFZ Gutachter,Unfallschaden,Unfallrekonstruktion,unfallanalytisches Verfahren\",\"publisher\":{\"@id\":\"https:\/\/unfallforensik.com\/kfz\/#organization\"},\"potentialAction\":[{\"@type\":\"SearchAction\",\"target\":{\"@type\":\"EntryPoint\",\"urlTemplate\":\"https:\/\/unfallforensik.com\/kfz\/?s={search_term_string}\"},\"query-input\":{\"@type\":\"PropertyValueSpecification\",\"valueRequired\":true,\"valueName\":\"search_term_string\"}}],\"inLanguage\":\"de\"},{\"@type\":\"Organization\",\"@id\":\"https:\/\/unfallforensik.com\/kfz\/#organization\",\"name\":\"KFZ Gutachter Unfallforensik, unfallanalytisches Gutachten, Unfallanalyse, Sachverst\u00e4ndiger, Unfallrekonstruktion\",\"url\":\"https:\/\/unfallforensik.com\/kfz\/\",\"logo\":{\"@type\":\"ImageObject\",\"inLanguage\":\"de\",\"@id\":\"https:\/\/unfallforensik.com\/kfz\/#\/schema\/logo\/image\/\",\"url\":\"https:\/\/unfallforensik.com\/kfz\/wp-content\/uploads\/2022\/05\/logo57.png\",\"contentUrl\":\"https:\/\/unfallforensik.com\/kfz\/wp-content\/uploads\/2022\/05\/logo57.png\",\"width\":57,\"height\":57,\"caption\":\"KFZ Gutachter Unfallforensik, unfallanalytisches Gutachten, Unfallanalyse, Sachverst\u00e4ndiger, Unfallrekonstruktion\"},\"image\":{\"@id\":\"https:\/\/unfallforensik.com\/kfz\/#\/schema\/logo\/image\/\"}}]}<\/script>\n<!-- \/ Yoast SEO Premium plugin. -->","yoast_head_json":{"title":"Rechtsberatungsgesetz - KFZ Gutachter Unfallforensik, unfallanalytisches Gutachten, Unfallanalyse, Sachverst\u00e4ndiger, Unfallrekonstruktion","robots":{"index":"index","follow":"follow","max-snippet":"max-snippet:-1","max-image-preview":"max-image-preview:large","max-video-preview":"max-video-preview:-1"},"canonical":"https:\/\/unfallforensik.com\/kfz\/rechtsberatungsgesetz\/","og_locale":"de_DE","og_type":"article","og_title":"Rechtsberatungsgesetz","og_description":"Aufgaben und T\u00e4tigkeitsbereich eines KFZ &#8211; Sachverst\u00e4ndigen f\u00fcr Beweissicherung und Unfallrekonstruktion nach Verkehrsunf\u00e4llen (Unfallanalytiker) Mit dem &#8220; Gesetz zur Neuregelung des Rechtsberatungsrechts&#8220; vom 12.12.2007 (BGBl. I S. 2840) hat der Gesetzgeber das alte Rechtsberatungsgesetz ( RBerG) aufgehoben und das &#8220; Gesetz \u00fcber au\u00dfergerichtliche Rechtsdienstleistungen (Rechtsdienstleistungsgesetz- RDG)&#8220; eingef\u00fchrt.Es ist zum 1.7.2008 in Kraft getreten. Sachverst\u00e4ndige k\u00f6nnen&hellip;","og_url":"https:\/\/unfallforensik.com\/kfz\/rechtsberatungsgesetz\/","og_site_name":"KFZ Gutachter Unfallforensik, unfallanalytisches Gutachten, Unfallanalyse, Sachverst\u00e4ndiger, Unfallrekonstruktion","twitter_card":"summary_large_image","twitter_misc":{"Gesch\u00e4tzte Lesezeit":"2\u00a0Minuten"},"schema":{"@context":"https:\/\/schema.org","@graph":[{"@type":"WebPage","@id":"https:\/\/unfallforensik.com\/kfz\/rechtsberatungsgesetz\/","url":"https:\/\/unfallforensik.com\/kfz\/rechtsberatungsgesetz\/","name":"Rechtsberatungsgesetz - KFZ Gutachter Unfallforensik, unfallanalytisches Gutachten, Unfallanalyse, Sachverst\u00e4ndiger, Unfallrekonstruktion","isPartOf":{"@id":"https:\/\/unfallforensik.com\/kfz\/#website"},"datePublished":"2017-12-20T09:51:45+00:00","breadcrumb":{"@id":"https:\/\/unfallforensik.com\/kfz\/rechtsberatungsgesetz\/#breadcrumb"},"inLanguage":"de","potentialAction":[{"@type":"ReadAction","target":["https:\/\/unfallforensik.com\/kfz\/rechtsberatungsgesetz\/"]}]},{"@type":"BreadcrumbList","@id":"https:\/\/unfallforensik.com\/kfz\/rechtsberatungsgesetz\/#breadcrumb","itemListElement":[{"@type":"ListItem","position":1,"name":"Home","item":"https:\/\/unfallforensik.com\/kfz\/"},{"@type":"ListItem","position":2,"name":"Rechtsberatungsgesetz"}]},{"@type":"WebSite","@id":"https:\/\/unfallforensik.com\/kfz\/#website","url":"https:\/\/unfallforensik.com\/kfz\/","name":"KFZ Gutachter Unfallforensik, unfallanalytisches Gutachten, Unfallanalyse, Sachverst\u00e4ndiger, Unfallrekonstruktion","description":"KFZ Gutachter,Unfallschaden,Unfallrekonstruktion,unfallanalytisches Verfahren","publisher":{"@id":"https:\/\/unfallforensik.com\/kfz\/#organization"},"potentialAction":[{"@type":"SearchAction","target":{"@type":"EntryPoint","urlTemplate":"https:\/\/unfallforensik.com\/kfz\/?s={search_term_string}"},"query-input":{"@type":"PropertyValueSpecification","valueRequired":true,"valueName":"search_term_string"}}],"inLanguage":"de"},{"@type":"Organization","@id":"https:\/\/unfallforensik.com\/kfz\/#organization","name":"KFZ Gutachter Unfallforensik, unfallanalytisches Gutachten, Unfallanalyse, Sachverst\u00e4ndiger, Unfallrekonstruktion","url":"https:\/\/unfallforensik.com\/kfz\/","logo":{"@type":"ImageObject","inLanguage":"de","@id":"https:\/\/unfallforensik.com\/kfz\/#\/schema\/logo\/image\/","url":"https:\/\/unfallforensik.com\/kfz\/wp-content\/uploads\/2022\/05\/logo57.png","contentUrl":"https:\/\/unfallforensik.com\/kfz\/wp-content\/uploads\/2022\/05\/logo57.png","width":57,"height":57,"caption":"KFZ Gutachter Unfallforensik, unfallanalytisches Gutachten, Unfallanalyse, Sachverst\u00e4ndiger, Unfallrekonstruktion"},"image":{"@id":"https:\/\/unfallforensik.com\/kfz\/#\/schema\/logo\/image\/"}}]}},"_links":{"self":[{"href":"https:\/\/unfallforensik.com\/kfz\/wp-json\/wp\/v2\/pages\/13342","targetHints":{"allow":["GET"]}}],"collection":[{"href":"https:\/\/unfallforensik.com\/kfz\/wp-json\/wp\/v2\/pages"}],"about":[{"href":"https:\/\/unfallforensik.com\/kfz\/wp-json\/wp\/v2\/types\/page"}],"author":[{"embeddable":true,"href":"https:\/\/unfallforensik.com\/kfz\/wp-json\/wp\/v2\/users\/1"}],"replies":[{"embeddable":true,"href":"https:\/\/unfallforensik.com\/kfz\/wp-json\/wp\/v2\/comments?post=13342"}],"version-history":[{"count":0,"href":"https:\/\/unfallforensik.com\/kfz\/wp-json\/wp\/v2\/pages\/13342\/revisions"}],"wp:attachment":[{"href":"https:\/\/unfallforensik.com\/kfz\/wp-json\/wp\/v2\/media?parent=13342"}],"curies":[{"name":"wp","href":"https:\/\/api.w.org\/{rel}","templated":true}]}}