{"id":13266,"date":"2017-02-01T10:04:04","date_gmt":"2017-02-01T09:04:04","guid":{"rendered":"http:\/\/unfallforensik.com\/kfz\/?page_id=13266"},"modified":"2018-08-16T15:32:36","modified_gmt":"2018-08-16T13:32:36","slug":"unfallrekonstruktion-berlin","status":"publish","type":"page","link":"https:\/\/unfallforensik.com\/kfz\/unfallrekonstruktion-berlin\/","title":{"rendered":"Unfallrekonstruktion Berlin"},"content":{"rendered":"<p>[vc_row][vc_column][big_title bigtitle_content=&#8220;Unfallrekonstruktion Berlin&#8220;][tooltip tooltiptext=&#8220;F\u00fcr eine Unfallrekonstruktion Berlin erstellen wir eine unverbindliche kostenfreie Prognose<br \/>\n&#8220; tooltip_content=&#8220;\u2706 030-55 57 18 29&#8243;][vc_column_text]<\/p>\n<h4><\/h4>\n<p>&nbsp;<\/p>\n<div id=\"attachment_13191\" style=\"width: 610px\" class=\"wp-caption aligncenter\"><img fetchpriority=\"high\" decoding=\"async\" aria-describedby=\"caption-attachment-13191\" class=\"wp-image-13191 size-full\" src=\"https:\/\/unfallforensik.com\/kfz\/wp-content\/uploads\/2017\/01\/unfallanalyse.jpg\" alt=\"Wir erstellen eine Unfallrekonstruktion Berlin Unfallanalyse Kollisionsanalyse nach Verkehrsunfall\" width=\"600\" height=\"136\" srcset=\"https:\/\/unfallforensik.com\/kfz\/wp-content\/uploads\/2017\/01\/unfallanalyse.jpg 600w, https:\/\/unfallforensik.com\/kfz\/wp-content\/uploads\/2017\/01\/unfallanalyse-300x68.jpg 300w\" sizes=\"(max-width: 600px) 100vw, 600px\" \/><p id=\"caption-attachment-13191\" class=\"wp-caption-text\">Unfallrekonstruktion Berlin<\/p><\/div>\n<p>&nbsp;<\/p>\n<h1>Unfallrekonstruktion Berlin<\/h1>\n<h2>Rekonstruktion von Verkehrsunf\u00e4llen \u2013 Unfallrekonstruktion Berlin<\/h2>\n<p>Verkehrsunf\u00e4lle haben in der Regel zivilrechtliche Konsequenzen. Der <a href=\"https:\/\/unfallforensik.com\/kfz\/unfallanalytiker-eberswalde\/\">Unfallverursacher<\/a> muss f\u00fcr den vom ihm verursachten Schaden aufkommen. Dazu z\u00e4hlen sowohl die Sch\u00e4den am Fahrzeug selbst, als auch m\u00f6glich Personensch\u00e4den. Nun ist aber nach einem Unfall nicht immer ganz klar, wer tats\u00e4chlich schuld ist und wie der <a href=\"https:\/\/unfallforensik.com\/kfz\/unfallrekonstruktion-gutachter\/\">Unfallhergang<\/a> verlaufen ist. Nicht selten passiert es auch, dass Versicherungen versuchen die Schadensregulierung zu verz\u00f6gern und Einspruch erheben. Als <a href=\"https:\/\/kfz-gutachter-barnim.de\" target=\"_blank\" rel=\"noopener\">Kfz-Sachverst\u00e4ndige<\/a> erstellen wir eine Unfallrekonstruktion Berlin. Diese Unfallrekonstruktion Berlin kl\u00e4rt den Unfallhergang so genau wie m\u00f6glich auf und ist von gro\u00dfem Interesse f\u00fcr alle <a href=\"https:\/\/kfz-gutachter-eberswalde.com\/unfallgutachten-eberswalde.html\" target=\"_blank\" rel=\"noopener\">Unfallbeteiligten<\/a>, die Polizei, die Staatsanwaltschaft, Gerichte und Versicherungen.<\/p>\n<p>Mit der Unfallrekonstruktion Berlin k\u00f6nnen Sie sowohl <a href=\"https:\/\/unfallanalyse-berlin.com\/unfallrekonstruktion\/2016\/04\/13\/unfallanalyse-berlin\/\" target=\"_blank\" rel=\"noopener\">Schadensersatzanspr\u00fcche<\/a> geltend machen, als auch unberechtigte <a href=\"https:\/\/tyregarage.de\/autoreifen\/\" target=\"_blank\" rel=\"noopener\">Schadensersatzanspr\u00fcche<\/a>, die an Sie und Ihre Versicherung gestellt werden, abwehren. Die Unfallrekonstruktion Berlin durch einen Kfz-Gutachter Unfallanalytiker Berlin ist auch von gro\u00dfer Relevanz, wenn ein Unfall strafrechtliche Konsequenzen nach sich zieht. Aufgrund unserer langj\u00e4hrigen Erfahrung werden unsere <a href=\"https:\/\/unfallforensik.com\/kfz\/unfallanalyse-verkehrsunfall\/\" target=\"_blank\" rel=\"noopener\">Kfz-Gutachter<\/a> in ganz Berlin und Brandenburg zu Rate gezogen. Wie bei allen Gutachten aus dem Kfz-Bereich gilt auch hier, f\u00fcr die<a href=\"https:\/\/unfallforensik.com\/kfz\/unfallrekonstruktionsgutachten-berlin\/\" target=\"_blank\" rel=\"noopener\"> Unfallrekonstruktion<\/a> Berlin rufen Sie uns so schnell wie m\u00f6glich an den Unfallort.<\/p>\n<h2>Welche Bedeutung hat eine Unfallrekonstruktion in Berlin?<\/h2>\n<p>Die Unfallrekonstruktion Berlin hat sowohl strafrechtliche als auch zivilrechtliche Bedeutung. Unsere Kfz-Gutachter und Unfallanalytiker werden von privaten Auftraggebern, Versicherungen und Rechtsanw\u00e4lten mit der Erstellung der Unfallrekonstruktion Berlin beauftragt. In der <a href=\"https:\/\/kfz-gutachter-barnim.de\" target=\"_blank\" rel=\"noopener\">Unfallrekonstruktion<\/a> Berlin wird anhand von Spuren auf der Fahrbahn und an Fahrzeugen, an der Position der Fahrzeuge sowie anhand von Verformungen an Fahrzeugen das Unfallgeschehen rekonstruiert. Ermittelt werden die Ansto\u00dfpositionen, die Geschwindigkeit der beteiligten Fahrzeuge sowie die Bewegungsrichtung der Fahrzeuge.\u00a0 Die Unfallrekonstruktion Berlin kann je nach Auftragserteilung verschiedene Leistungen beinhalten. Unsere Kfz-Sachverst\u00e4ndigen f\u00fcr Unfallrekonstruktion Berlin f\u00fchren f\u00fcr Sie aus:<\/p>\n<ul>\n<li>die Sicherung von Unfallspuren<\/li>\n<li>die Auswertung von Unfallfotos<\/li>\n<li>Vermeidbarkeitsrechnungen<\/li>\n<li>die Kl\u00e4rung von Sitzpositionen<\/li>\n<li>das Gutachten zur Verkehrs\u00fcberwachung<\/li>\n<\/ul>\n<p>Weitere Leistungen zur Unfallrekonstruktion Berlin kl\u00e4ren wir gerne mit Ihnen in einem pers\u00f6nlichen Gespr\u00e4ch. Sie erreichen uns telefonisch und per E-Mail.<\/p>\n<h3>Was m\u00fcssen Sie tun damit ihr Unfall rekonstruiert werden kann?<\/h3>\n<p>Wenn Sie einen Verkehrsunfall hatten, sitzt Ihnen der Schreck in den Knochen und die Knie werden weich. In der Hektik vergisst man schnell, was nach einem Unfall zu tun ist. Wenn kein Personenschaden entstanden ist, geh\u00f6rt die Sicherung aller Beweismittel zu den wichtigsten Ma\u00dfnahmen. Verlassen Sie sich nicht allein auf die Arbeit der Polizei. Verst\u00e4ndigen Sie am besten direkt am Unfallort unseren Kfz-Sachverst\u00e4ndigen f\u00fcr Unfallrekonstruktion. Unterst\u00fctzend k\u00f6nnen Sie Fotos vom Unfallort machen, notieren Sie die Kennzeichen aller Beteiligten und deren Namen und Adresse. Um eine genaue Unfallrekonstruktion Berlin anfertigen zu k\u00f6nnen, beginnen Sie bitte nicht mit Aufr\u00e4umarbeiten bis unsere Kfz-Gutachter am Unfallfort eingetroffen ist. Umherliegende Autoteile k\u00f6nnen Aufschluss \u00fcber den Unfallhergang geben. Sie sollten grunds\u00e4tzlich einen Kfz-Sachverst\u00e4ndigen f\u00fcr Unfallrekonstruktion Berlin Ihres Vertrauens beauftragen. Das ist auch Ihr gutes Recht. Verlassen Sie sich nicht allein auf das Gutachten der Versicherung. Die Unfallrekonstruktion Berlin befasst sich sowohl mit kleinen Unf\u00e4llen, als auch mit der Analyse und Rekonstruierung gr\u00f6\u00dferer Unf\u00e4lle. Sie k\u00f6nnen eine Unfallrekonstruktion Berlin selbstverst\u00e4ndlich bei einer abgefahrenen Sto\u00dfstange beauftragen, zum Beispiel, wenn sich die gegnerische Versicherung weigert f\u00fcr den Schaden aufzukommen.<\/p>\n<h3>Unfallrekonstruktion Berlin: M\u00fcssen Sie eine Frist einhalten?<\/h3>\n<p>Was passiert, wenn Sie am Unfallort nicht daran gedacht haben den Kfz-Gutachter anzurufen? Auch sp\u00e4ter k\u00f6nnen Unfallrekonstruktionen Berlin angefertigt werden. In diesem Fall wird das Unfallgeschehen anhand von Gerichtsakten und Zeugenaussagen rekonstruiert. Fotos und Skizzen vom Unfallort werden unterst\u00fctzend herangezogen. Auch Arztberichte k\u00f6nnen nachtr\u00e4glich zur Unfallrekonstruktion Berlin herangezogen werden. Kfz-Gutachter f\u00fcr Unfallrekonstruktion bedienen sich dabei modernster Computerprogramme. Leider sind Zeugenaussagen nicht immer ganz zuverl\u00e4ssig. Gerade bei einem Verkehrsunfall sind die Nerven strapaziert und das Erinnerungsverm\u00f6gen wird beeintr\u00e4chtigt. Die Unfallrekonstruktion Berlin wird ausschlie\u00dflich anhand von Daten, Zahlen und Fakten erstellt. Sie erhalten immer ein neutrales und unabh\u00e4ngiges Gutachten, das weder die Vorstellungen der Versicherung repr\u00e4sentiert, noch die W\u00fcnsche des Unfallgegners. Das Unfallgutachten ist absolut neutral und objektiv. Ob im Strafverfahren oder im zivilrechtlichen Prozess, die Unfallrekonstruktion Berlin durch den neutralen und objektiven Gutachter schafft rechtssichere Klarheit. Unsere Kfz-Gutachter und Sachverst\u00e4ndigen erstellen Gutachten und Unfallrekonstruktionen Berlin f\u00fcr Motorr\u00e4der, PKW und LKW.<\/p>\n<h3>Warum brauchen Sie eine Unfallrekonstruktion Berlin?<\/h3>\n<p>Als Sachverst\u00e4ndige mit Sitz in Berlin erstellen wir f\u00fcr Sie Unfallgutachten f\u00fcr kleinere und gr\u00f6\u00dfere Unf\u00e4lle. Sie k\u00f6nnen unsere Unfallrekonstruktion Berlin zur Vorlage bei Zivil- und Strafgerichten als Beweismittel nutzen. Aufgrund unserer langj\u00e4hrigen Erfahrungen werden in ganz Berlin und Umgebung in Anspruch genommen. Da eine genaue Unfallrekonstruktion Berlin auch von der Qualit\u00e4t der Unfallspuren abh\u00e4ngig ist, rufen Sie unsere Kfz-Gutachter und Sachverst\u00e4ndigen f\u00fcr Unfallrekonstruktion Berlin m\u00f6glichst zeitnah an. Sollte das Unfallgeschehen durch technische M\u00e4ngel ausgel\u00f6st worden sein, k\u00f6nnen Sie uns auch mit der Anfertigung eines technischen Gutachtens beauftragen. H\u00e4ufig geht das technische Gutachten mit der Unfallrekonstruktion Berlin einher und wir werden im Schadensfall mit der Bearbeitung von Unfallgutachten, der Unfallrekonstruktion Berlin und dem technischen Gutachten beauftragt. Das ist besonders der Fall, wenn sich die beteiligten Parteien nicht einig werden und das Unfallgeschehen gerichtlich gekl\u00e4rt werden muss. Aber auch bei zahlungsunwilligen Versicherungen spielen Gutachten anerkannter Sachverst\u00e4ndiger eine wesentliche Rolle.[\/fusion_text][\/one_full]<\/p>\n<p>[\/vc_column_text][\/vc_column][\/vc_row]<\/p>\n","protected":false},"excerpt":{"rendered":"<p>[vc_row][vc_column][big_title bigtitle_content=&#8220;Unfallrekonstruktion Berlin&#8220;][tooltip tooltiptext=&#8220;F\u00fcr eine Unfallrekonstruktion Berlin erstellen wir eine unverbindliche kostenfreie Prognose &#8220; tooltip_content=&#8220;\u2706 030-55 57 18 29&#8243;][vc_column_text] &nbsp; &nbsp; Unfallrekonstruktion Berlin Rekonstruktion von Verkehrsunf\u00e4llen \u2013 Unfallrekonstruktion Berlin Verkehrsunf\u00e4lle haben in der Regel zivilrechtliche Konsequenzen. Der Unfallverursacher muss f\u00fcr den vom ihm verursachten Schaden aufkommen. Dazu z\u00e4hlen sowohl die Sch\u00e4den am Fahrzeug selbst, als&hellip;<\/p>\n","protected":false},"author":1,"featured_media":0,"parent":0,"menu_order":0,"comment_status":"closed","ping_status":"closed","template":"","meta":{"footnotes":""},"class_list":["post-13266","page","type-page","status-publish","hentry","description-off"],"yoast_head":"<!-- This site is optimized with the Yoast SEO Premium plugin v24.9 (Yoast SEO v24.9) - https:\/\/yoast.com\/wordpress\/plugins\/seo\/ -->\n<title>Unfallrekonstruktion Berlin KFZ Sachverst\u00e4ndiger Unfallanalyse \u2706030-55571829<\/title>\n<meta name=\"description\" content=\"Unfallrekonstruktion Berlin \u2706 030-55571829 KFZ Sachverst\u00e4ndiger Gutachter Unfallanalyse \u21aaunverbindliche Prognose Unfallrekonstruktion Berlin Verkehrsunfall\" \/>\n<meta name=\"robots\" content=\"index, follow, max-snippet:-1, max-image-preview:large, max-video-preview:-1\" \/>\n<link rel=\"canonical\" href=\"https:\/\/unfallforensik.com\/kfz\/unfallrekonstruktion-berlin\/\" \/>\n<meta property=\"og:locale\" content=\"de_DE\" \/>\n<meta property=\"og:type\" content=\"article\" \/>\n<meta property=\"og:title\" content=\"Unfallrekonstruktion Berlin\" \/>\n<meta property=\"og:description\" content=\"Unfallrekonstruktion Berlin \u2706 030-55571829 KFZ Sachverst\u00e4ndiger Gutachter Unfallanalyse \u21aaunverbindliche Prognose Unfallrekonstruktion Berlin Verkehrsunfall\" \/>\n<meta property=\"og:url\" content=\"https:\/\/unfallforensik.com\/kfz\/unfallrekonstruktion-berlin\/\" \/>\n<meta property=\"og:site_name\" content=\"KFZ Gutachter Unfallforensik, unfallanalytisches Gutachten, Unfallanalyse, Sachverst\u00e4ndiger, Unfallrekonstruktion\" \/>\n<meta property=\"article:modified_time\" content=\"2018-08-16T13:32:36+00:00\" \/>\n<meta property=\"og:image\" content=\"https:\/\/unfallforensik.com\/kfz\/wp-content\/uploads\/2017\/01\/unfallanalyse.jpg\" \/>\n<meta name=\"twitter:card\" content=\"summary_large_image\" \/>\n<meta name=\"twitter:label1\" content=\"Gesch\u00e4tzte Lesezeit\" \/>\n\t<meta name=\"twitter:data1\" content=\"5\u00a0Minuten\" \/>\n<script type=\"application\/ld+json\" class=\"yoast-schema-graph\">{\"@context\":\"https:\/\/schema.org\",\"@graph\":[{\"@type\":\"WebPage\",\"@id\":\"https:\/\/unfallforensik.com\/kfz\/unfallrekonstruktion-berlin\/\",\"url\":\"https:\/\/unfallforensik.com\/kfz\/unfallrekonstruktion-berlin\/\",\"name\":\"Unfallrekonstruktion Berlin KFZ Sachverst\u00e4ndiger Unfallanalyse \u2706030-55571829\",\"isPartOf\":{\"@id\":\"https:\/\/unfallforensik.com\/kfz\/#website\"},\"primaryImageOfPage\":{\"@id\":\"https:\/\/unfallforensik.com\/kfz\/unfallrekonstruktion-berlin\/#primaryimage\"},\"image\":{\"@id\":\"https:\/\/unfallforensik.com\/kfz\/unfallrekonstruktion-berlin\/#primaryimage\"},\"thumbnailUrl\":\"https:\/\/unfallforensik.com\/kfz\/wp-content\/uploads\/2017\/01\/unfallanalyse.jpg\",\"datePublished\":\"2017-02-01T09:04:04+00:00\",\"dateModified\":\"2018-08-16T13:32:36+00:00\",\"description\":\"Unfallrekonstruktion Berlin \u2706 030-55571829 KFZ Sachverst\u00e4ndiger Gutachter Unfallanalyse \u21aaunverbindliche Prognose Unfallrekonstruktion Berlin Verkehrsunfall\",\"breadcrumb\":{\"@id\":\"https:\/\/unfallforensik.com\/kfz\/unfallrekonstruktion-berlin\/#breadcrumb\"},\"inLanguage\":\"de\",\"potentialAction\":[{\"@type\":\"ReadAction\",\"target\":[\"https:\/\/unfallforensik.com\/kfz\/unfallrekonstruktion-berlin\/\"]}]},{\"@type\":\"ImageObject\",\"inLanguage\":\"de\",\"@id\":\"https:\/\/unfallforensik.com\/kfz\/unfallrekonstruktion-berlin\/#primaryimage\",\"url\":\"https:\/\/unfallforensik.com\/kfz\/wp-content\/uploads\/2017\/01\/unfallanalyse.jpg\",\"contentUrl\":\"https:\/\/unfallforensik.com\/kfz\/wp-content\/uploads\/2017\/01\/unfallanalyse.jpg\",\"width\":600,\"height\":136,\"caption\":\"Wir erstellen Kollisionsanalysen nach einen Verkehrsunfall als Unfallanalytiker\"},{\"@type\":\"BreadcrumbList\",\"@id\":\"https:\/\/unfallforensik.com\/kfz\/unfallrekonstruktion-berlin\/#breadcrumb\",\"itemListElement\":[{\"@type\":\"ListItem\",\"position\":1,\"name\":\"Home\",\"item\":\"https:\/\/unfallforensik.com\/kfz\/\"},{\"@type\":\"ListItem\",\"position\":2,\"name\":\"Unfallrekonstruktion Berlin\"}]},{\"@type\":\"WebSite\",\"@id\":\"https:\/\/unfallforensik.com\/kfz\/#website\",\"url\":\"https:\/\/unfallforensik.com\/kfz\/\",\"name\":\"KFZ Gutachter Unfallforensik, unfallanalytisches Gutachten, Unfallanalyse, Sachverst\u00e4ndiger, Unfallrekonstruktion\",\"description\":\"KFZ Gutachter,Unfallschaden,Unfallrekonstruktion,unfallanalytisches Verfahren\",\"publisher\":{\"@id\":\"https:\/\/unfallforensik.com\/kfz\/#organization\"},\"potentialAction\":[{\"@type\":\"SearchAction\",\"target\":{\"@type\":\"EntryPoint\",\"urlTemplate\":\"https:\/\/unfallforensik.com\/kfz\/?s={search_term_string}\"},\"query-input\":{\"@type\":\"PropertyValueSpecification\",\"valueRequired\":true,\"valueName\":\"search_term_string\"}}],\"inLanguage\":\"de\"},{\"@type\":\"Organization\",\"@id\":\"https:\/\/unfallforensik.com\/kfz\/#organization\",\"name\":\"KFZ Gutachter Unfallforensik, unfallanalytisches Gutachten, Unfallanalyse, Sachverst\u00e4ndiger, Unfallrekonstruktion\",\"url\":\"https:\/\/unfallforensik.com\/kfz\/\",\"logo\":{\"@type\":\"ImageObject\",\"inLanguage\":\"de\",\"@id\":\"https:\/\/unfallforensik.com\/kfz\/#\/schema\/logo\/image\/\",\"url\":\"https:\/\/unfallforensik.com\/kfz\/wp-content\/uploads\/2022\/05\/logo57.png\",\"contentUrl\":\"https:\/\/unfallforensik.com\/kfz\/wp-content\/uploads\/2022\/05\/logo57.png\",\"width\":57,\"height\":57,\"caption\":\"KFZ Gutachter Unfallforensik, unfallanalytisches Gutachten, Unfallanalyse, Sachverst\u00e4ndiger, Unfallrekonstruktion\"},\"image\":{\"@id\":\"https:\/\/unfallforensik.com\/kfz\/#\/schema\/logo\/image\/\"}}]}<\/script>\n<!-- \/ Yoast SEO Premium plugin. -->","yoast_head_json":{"title":"Unfallrekonstruktion Berlin KFZ Sachverst\u00e4ndiger Unfallanalyse \u2706030-55571829","description":"Unfallrekonstruktion Berlin \u2706 030-55571829 KFZ Sachverst\u00e4ndiger Gutachter Unfallanalyse \u21aaunverbindliche Prognose Unfallrekonstruktion Berlin Verkehrsunfall","robots":{"index":"index","follow":"follow","max-snippet":"max-snippet:-1","max-image-preview":"max-image-preview:large","max-video-preview":"max-video-preview:-1"},"canonical":"https:\/\/unfallforensik.com\/kfz\/unfallrekonstruktion-berlin\/","og_locale":"de_DE","og_type":"article","og_title":"Unfallrekonstruktion Berlin","og_description":"Unfallrekonstruktion Berlin \u2706 030-55571829 KFZ Sachverst\u00e4ndiger Gutachter Unfallanalyse \u21aaunverbindliche Prognose Unfallrekonstruktion Berlin Verkehrsunfall","og_url":"https:\/\/unfallforensik.com\/kfz\/unfallrekonstruktion-berlin\/","og_site_name":"KFZ Gutachter Unfallforensik, unfallanalytisches Gutachten, Unfallanalyse, Sachverst\u00e4ndiger, Unfallrekonstruktion","article_modified_time":"2018-08-16T13:32:36+00:00","og_image":[{"url":"https:\/\/unfallforensik.com\/kfz\/wp-content\/uploads\/2017\/01\/unfallanalyse.jpg","type":"","width":"","height":""}],"twitter_card":"summary_large_image","twitter_misc":{"Gesch\u00e4tzte Lesezeit":"5\u00a0Minuten"},"schema":{"@context":"https:\/\/schema.org","@graph":[{"@type":"WebPage","@id":"https:\/\/unfallforensik.com\/kfz\/unfallrekonstruktion-berlin\/","url":"https:\/\/unfallforensik.com\/kfz\/unfallrekonstruktion-berlin\/","name":"Unfallrekonstruktion Berlin KFZ Sachverst\u00e4ndiger Unfallanalyse \u2706030-55571829","isPartOf":{"@id":"https:\/\/unfallforensik.com\/kfz\/#website"},"primaryImageOfPage":{"@id":"https:\/\/unfallforensik.com\/kfz\/unfallrekonstruktion-berlin\/#primaryimage"},"image":{"@id":"https:\/\/unfallforensik.com\/kfz\/unfallrekonstruktion-berlin\/#primaryimage"},"thumbnailUrl":"https:\/\/unfallforensik.com\/kfz\/wp-content\/uploads\/2017\/01\/unfallanalyse.jpg","datePublished":"2017-02-01T09:04:04+00:00","dateModified":"2018-08-16T13:32:36+00:00","description":"Unfallrekonstruktion Berlin \u2706 030-55571829 KFZ Sachverst\u00e4ndiger Gutachter Unfallanalyse \u21aaunverbindliche Prognose Unfallrekonstruktion Berlin Verkehrsunfall","breadcrumb":{"@id":"https:\/\/unfallforensik.com\/kfz\/unfallrekonstruktion-berlin\/#breadcrumb"},"inLanguage":"de","potentialAction":[{"@type":"ReadAction","target":["https:\/\/unfallforensik.com\/kfz\/unfallrekonstruktion-berlin\/"]}]},{"@type":"ImageObject","inLanguage":"de","@id":"https:\/\/unfallforensik.com\/kfz\/unfallrekonstruktion-berlin\/#primaryimage","url":"https:\/\/unfallforensik.com\/kfz\/wp-content\/uploads\/2017\/01\/unfallanalyse.jpg","contentUrl":"https:\/\/unfallforensik.com\/kfz\/wp-content\/uploads\/2017\/01\/unfallanalyse.jpg","width":600,"height":136,"caption":"Wir erstellen Kollisionsanalysen nach einen Verkehrsunfall als Unfallanalytiker"},{"@type":"BreadcrumbList","@id":"https:\/\/unfallforensik.com\/kfz\/unfallrekonstruktion-berlin\/#breadcrumb","itemListElement":[{"@type":"ListItem","position":1,"name":"Home","item":"https:\/\/unfallforensik.com\/kfz\/"},{"@type":"ListItem","position":2,"name":"Unfallrekonstruktion Berlin"}]},{"@type":"WebSite","@id":"https:\/\/unfallforensik.com\/kfz\/#website","url":"https:\/\/unfallforensik.com\/kfz\/","name":"KFZ Gutachter Unfallforensik, unfallanalytisches Gutachten, Unfallanalyse, Sachverst\u00e4ndiger, Unfallrekonstruktion","description":"KFZ Gutachter,Unfallschaden,Unfallrekonstruktion,unfallanalytisches Verfahren","publisher":{"@id":"https:\/\/unfallforensik.com\/kfz\/#organization"},"potentialAction":[{"@type":"SearchAction","target":{"@type":"EntryPoint","urlTemplate":"https:\/\/unfallforensik.com\/kfz\/?s={search_term_string}"},"query-input":{"@type":"PropertyValueSpecification","valueRequired":true,"valueName":"search_term_string"}}],"inLanguage":"de"},{"@type":"Organization","@id":"https:\/\/unfallforensik.com\/kfz\/#organization","name":"KFZ Gutachter Unfallforensik, unfallanalytisches Gutachten, Unfallanalyse, Sachverst\u00e4ndiger, Unfallrekonstruktion","url":"https:\/\/unfallforensik.com\/kfz\/","logo":{"@type":"ImageObject","inLanguage":"de","@id":"https:\/\/unfallforensik.com\/kfz\/#\/schema\/logo\/image\/","url":"https:\/\/unfallforensik.com\/kfz\/wp-content\/uploads\/2022\/05\/logo57.png","contentUrl":"https:\/\/unfallforensik.com\/kfz\/wp-content\/uploads\/2022\/05\/logo57.png","width":57,"height":57,"caption":"KFZ Gutachter Unfallforensik, unfallanalytisches Gutachten, Unfallanalyse, Sachverst\u00e4ndiger, Unfallrekonstruktion"},"image":{"@id":"https:\/\/unfallforensik.com\/kfz\/#\/schema\/logo\/image\/"}}]}},"_links":{"self":[{"href":"https:\/\/unfallforensik.com\/kfz\/wp-json\/wp\/v2\/pages\/13266","targetHints":{"allow":["GET"]}}],"collection":[{"href":"https:\/\/unfallforensik.com\/kfz\/wp-json\/wp\/v2\/pages"}],"about":[{"href":"https:\/\/unfallforensik.com\/kfz\/wp-json\/wp\/v2\/types\/page"}],"author":[{"embeddable":true,"href":"https:\/\/unfallforensik.com\/kfz\/wp-json\/wp\/v2\/users\/1"}],"replies":[{"embeddable":true,"href":"https:\/\/unfallforensik.com\/kfz\/wp-json\/wp\/v2\/comments?post=13266"}],"version-history":[{"count":0,"href":"https:\/\/unfallforensik.com\/kfz\/wp-json\/wp\/v2\/pages\/13266\/revisions"}],"wp:attachment":[{"href":"https:\/\/unfallforensik.com\/kfz\/wp-json\/wp\/v2\/media?parent=13266"}],"curies":[{"name":"wp","href":"https:\/\/api.w.org\/{rel}","templated":true}]}}