{"id":13261,"date":"2017-01-31T13:27:03","date_gmt":"2017-01-31T12:27:03","guid":{"rendered":"http:\/\/unfallforensik.com\/kfz\/?page_id=13261"},"modified":"2017-01-31T13:40:58","modified_gmt":"2017-01-31T12:40:58","slug":"unfallanalytiker-eberswalde","status":"publish","type":"page","link":"https:\/\/unfallforensik.com\/kfz\/unfallanalytiker-eberswalde\/","title":{"rendered":"Unfallanalytiker Eberswalde"},"content":{"rendered":"<p>[one_full last=&#8220;yes&#8220; spacing=&#8220;yes&#8220; center_content=&#8220;no&#8220; hide_on_mobile=&#8220;no&#8220; background_color=&#8220;&#8220; background_image=&#8220;&#8220; background_repeat=&#8220;no-repeat&#8220; background_position=&#8220;left top&#8220; hover_type=&#8220;none&#8220; link=&#8220;&#8220; border_position=&#8220;all&#8220; border_size=&#8220;0px&#8220; border_color=&#8220;&#8220; border_style=&#8220;&#8220; padding=&#8220;&#8220; margin_top=&#8220;&#8220; margin_bottom=&#8220;&#8220; animation_type=&#8220;&#8220; animation_direction=&#8220;&#8220; animation_speed=&#8220;0.1&#8243; animation_offset=&#8220;&#8220; class=&#8220;&#8220; id=&#8220;&#8220;][title size=&#8220;1&#8243; content_align=&#8220;left&#8220; style_type=&#8220;default&#8220; sep_color=&#8220;&#8220; margin_top=&#8220;&#8220; margin_bottom=&#8220;&#8220; class=&#8220;&#8220; id=&#8220;&#8220;]Unfallanalytiker\u00a0Eberswalde[\/title][fusion_text]<\/p>\n<div class=\"page-header\">\n<h4>Unfallanalytische Gutachten vom Unfallanalytiker Eberswalde<\/h4>\n<h2>\u2706\u00a003334- 37 999 70 &#8211; Ihr KFZ Gutachter Eberswalde<\/h2>\n<\/div>\n<div>\n<ul>\n<li>Kollisionsanalysen<\/li>\n<li>Fahrdynamische Simulationen<\/li>\n<li>Unfallursachen \/ Vermeidbarkeit<\/li>\n<li>Unfallflucht \/ Bemerkbarkeit<\/li>\n<\/ul>\n<\/div>\n<p>[\/fusion_text][fusion_text]<\/p>\n<hr \/>\n<div id=\"attachment_13191\" style=\"width: 610px\" class=\"wp-caption aligncenter\"><img fetchpriority=\"high\" decoding=\"async\" aria-describedby=\"caption-attachment-13191\" class=\"wp-image-13191 size-full\" src=\"https:\/\/unfallforensik.com\/kfz\/wp-content\/uploads\/2017\/01\/unfallanalyse.jpg\" alt=\"Unfallanalyse Kollisionsanalyse nach Verkehrsunfall\" width=\"600\" height=\"136\" srcset=\"https:\/\/unfallforensik.com\/kfz\/wp-content\/uploads\/2017\/01\/unfallanalyse.jpg 600w, https:\/\/unfallforensik.com\/kfz\/wp-content\/uploads\/2017\/01\/unfallanalyse-300x68.jpg 300w\" sizes=\"(max-width: 600px) 100vw, 600px\" \/><p id=\"caption-attachment-13191\" class=\"wp-caption-text\">Wir erstellen Kollisionsanalysen nach einen Verkehrsunfall als Unfallanalytiker Eberswalde<\/p><\/div>\n<hr \/>\n<p>[\/fusion_text][fusion_text]<\/p>\n<h5>Beweissicherung u. Unfallaufnahme durch den Unfallanalytiker in Eberswalde<\/h5>\n<p>Eine beweissichere Dokumentation und Vermessung aller relevanten <a href=\"https:\/\/kfz-gutachter-eberswalde.com\/\" target=\"_blank\">Unfallspuren<\/a> bildet die Grundlage f\u00fcr eine m\u00f6glichst genaue <a href=\"https:\/\/unfallforensik.com\/kfz\/unfallrekonstruktionsgutachten\/\">Rekonstruktion<\/a> eines Unfalls in Eberswalde. Bereits kurze Zeit nach einem Unfall in Eberswalde k\u00f6nnen beispielsweise durch Witterungseinfl\u00fcsse wichtige Spuren unwiederbringlich verloren gehen. Daher ist es besonders wichtig, bereits bei der Unfallaufnahme Eberswalde die vorhandene Spurenlage zu analysieren und so zu dokumentieren, dass f\u00fcr eine ggf. zu einem sp\u00e4teren Zeitpunkt erforderliche <a href=\"https:\/\/kfz-gutachter-eberswalde.com\/unfallgutachten-eberswalde.html\" target=\"_blank\">Unfallrekonstruktion Eberswalde<\/a> alle erforderlichen <a href=\"https:\/\/unfallforensik.com\/kfz\/unfallanalytiker\/\">Ankn\u00fcpfungsparameter<\/a> zur Verf\u00fcgung stehen. Bei Bedarf unterst\u00fctzen wir die Polizei bei dieser wichtigen Aufgabe.[\/fusion_text][fusion_text]<\/p>\n<h5>Durchf\u00fchrung von Kollisionsversuchen durch den Unfallanalytiker in Eberswalde<\/h5>\n<p>Trotz der fortschreitenden Entwicklung im Bereich der rechnerischen Simulation gibt es immer wieder F\u00e4lle, die letztlich nur mit Hilfe von <a href=\"https:\/\/unfallforensik.com\/kfz\/unfallanalyse-verkehrsunfall\/\">Kollisionsversuchen<\/a> aufgekl\u00e4rt werden k\u00f6nnen. Von verschiedenen Organisationen und Arbeitsgruppen werden daher regelm\u00e4\u00dfig Versuche durchgef\u00fchrt und ver\u00f6ffentlicht.\u00a0Allein oder in Zusammenarbeit mit anderen B\u00fcros f\u00fchren wir auch immer wieder entsprechende Kollisionsversuche durch. Nur so k\u00f6nnen im Einzelfall Besonderheiten\u00a0bestimmter Fahrzeuge ber\u00fccksichtigt oder aus Spuren gewonnene <a href=\"https:\/\/unfallforensik.com\/kfz\/\">Erkenntnisse<\/a> verifiziert werden.<\/p>\n<p>Ihr KFZ Gutachter f\u00fcr Unfallanalyse Eberswalde<\/p>\n<h2>\u2706 \u00a003334- 37 999 70<\/h2>\n<p>[\/fusion_text][fusion_text]<\/p>\n<div class=\"page-header\">\n<h5>Kompatibilit\u00e4ts- und Plausibilit\u00e4tsanalysen durch den Unfallanalytiker Eberswalde<\/h5>\n<\/div>\n<div>\n<p>H\u00e4ufig stellt sich die Frage, welche Sch\u00e4den durch ein bestimmtes Unfallereignis in Eberswalde tats\u00e4chlich verursacht wurden. Dazu k\u00f6nnen Schadensbilder auf ihre Entstehungsart \u00fcberpr\u00fcft werden. So l\u00e4sst sich aus Detailspuren die Anstreifrichtung ableiten. H\u00f6henvergleiche geben Aufschluss dar\u00fcber, ob ein Ansto\u00df gebremst oder ungebremst erfolgte. Unter Umst\u00e4nden lasen sich auch anhand von Reifenkontaktspuren R\u00fcckschl\u00fcsse auf das Bewegungsverhalten der Fahrzeuge ziehen.\u00a0 In Verbindung mit den Aussagen der Beteiligten oder typischer Verhaltensmuster kann weiterhin die Plausibilit\u00e4t der behaupteten Abl\u00e4ufe in Bezug zu den tats\u00e4chlichen\u00a0objektiven Gegebenheiten analysiert werden.<\/p>\n<\/div>\n<p>[\/fusion_text][fusion_text]<\/p>\n<div class=\"page-header\">\n<h5>Biomechanische Gutachten durch einen Unfallanalytiker Eberswalde<\/h5>\n<\/div>\n<div>\n<ul>\n<li>HWS-Verletzungen (Schleudertrauma)<\/li>\n<li>Kausalit\u00e4t von Verletzungen<\/li>\n<\/ul>\n<p>Biomechanische Untersuchungen besch\u00e4ftigen sich mit der Frage, welche Verletzungen im Zusammenhang mit einem bestimmten Unfallereignis entstanden sein k\u00f6nnen. Ein bekanntes Beispiel dazu sind Verletzungen der Halswirbels\u00e4ule, wie sie h\u00e4ufig nach einem Auffahrunfall angegeben werden. Derartige Gutachten werden auch interdisziplin\u00e4r in Zusammenarbeit mit Sachverst\u00e4ndigen aus der Rechtsmedizin erstellt.<\/p>\n<p>Auf Grundlage von Fahrzeugsch\u00e4den und den Verletzungen von Fu\u00dfg\u00e4ngern sind weiterhin Aussagen zur Ansto\u00dfrichtung und zur Kollisiongeschwindigkeit m\u00f6glich. Bei entsprechender Sicherung und Dokumentation von Verletzungen und Spuren in einem Fahrzeug lassen sich auch Feststellungen dazu treffen, ob ein Fahrzeuginsasse angegurtet war und ob ggf. bei angelegtem Sicherheitsgurt geringere Verletzungen zu erwarten gewesen w\u00e4ren. Selbst Angaben zur Sitzposition einzelner Insassen sind unter Umst\u00e4nden m\u00f6glich. Die rechnerische Simulation stellt dazu ein wichtiges Hilfsmittel dar.<\/p>\n<\/div>\n<p>[\/fusion_text][fusion_text]<\/p>\n<hr \/>\n<div id=\"attachment_13205\" style=\"width: 679px\" class=\"wp-caption aligncenter\"><a href=\"https:\/\/unfallanalyse-berlin.com\/unfallrekonstruktion\/unfallanalytik\/\" target=\"_blank\"><img decoding=\"async\" aria-describedby=\"caption-attachment-13205\" class=\"wp-image-13205 size-large\" src=\"https:\/\/unfallforensik.com\/kfz\/wp-content\/uploads\/2017\/01\/bildspray2-1024x579.jpg\" alt=\"unfallanalyse unfallanalytiker eberswalde kfz gutachter\" width=\"669\" height=\"378\" srcset=\"https:\/\/unfallforensik.com\/kfz\/wp-content\/uploads\/2017\/01\/bildspray2-1024x579.jpg 1024w, https:\/\/unfallforensik.com\/kfz\/wp-content\/uploads\/2017\/01\/bildspray2-300x170.jpg 300w, https:\/\/unfallforensik.com\/kfz\/wp-content\/uploads\/2017\/01\/bildspray2-768x435.jpg 768w, https:\/\/unfallforensik.com\/kfz\/wp-content\/uploads\/2017\/01\/bildspray2.jpg 1200w\" sizes=\"(max-width: 669px) 100vw, 669px\" \/><\/a><p id=\"caption-attachment-13205\" class=\"wp-caption-text\">Unfallanalyse Unfallanalytiker Eberswalde KFZ Gutachter<\/p><\/div>\n<p>[\/fusion_text][fusion_text]<strong>Der unfallanalytische Sachverst\u00e4ndige &#8211; Unfallanalytiker Eberswalde<\/strong><\/p>\n<p>&nbsp;<\/p>\n<p>Dieser erstellt kein sog. Schadensgutachten, sondern ein unfallanalytisches Gutachten, somit ein Gutachten, welches den Unfallablauf rekonstruiert.<\/p>\n<p>&nbsp;<\/p>\n<p>Ein solches Gutachten ist n\u00f6tig, wenn z.B. Streit \u00fcber den Unfallhergang und somit \u00fcber das Verschulden besteht.<\/p>\n<p>Meist wird ein solches Gutachten erst erstellt, wenn die jeweilige Sache schon vor Gericht ist und das Gericht ein solches Gutachten beauftragt.<\/p>\n<p>&nbsp;<\/p>\n<p>Allerdings kann ein solches Gutachten auch schon im Vorfeld selbst beauftragt werden. Dies insbesondere jedoch in Verkehrsstrafsachen um einem Vorwurf der Staatsanwaltschaft z.B. einer fahrl\u00e4ssigen K\u00f6rperverletzung zu entgehen.<\/p>\n<p>Immer, wenn es bei Verunfallung zu schweren Verletzungen eines Dritten, oder sogar dessen Tot kommt, sollte ein Betroffener schon am Unfallort auf die Beiziehung eines Sachverst\u00e4ndigen dr\u00e4ngen, wenn ihm die Schuld zugeordnet wird und er den Unfall aber nicht verschuldet hat.[\/fusion_text][alert type=&#8220;notice&#8220; accent_color=&#8220;&#8220; background_color=&#8220;&#8220; border_size=&#8220;1px&#8220; icon=&#8220;fa-exclamation-circle&#8220; box_shadow=&#8220;yes&#8220; animation_type=&#8220;fade&#8220; animation_direction=&#8220;up&#8220; animation_speed=&#8220;1&#8243; animation_offset=&#8220;&#8220; class=&#8220;&#8220; id=&#8220;&#8220;]<\/p>\n<pre>Als Gesch\u00e4digter sollten Sie sich auch nicht auf einen Kostenvoranschlag einer Werkstatt verlassen,\r\ndenn damit kann es b\u00f6se \u00dcberraschungen geben. So hat der Kostenvoranschlag \u00a0keine Beweissichernde \r\nFunktion und es fehlt die fotografische Dokumentation. \r\nEin meist erst sp\u00e4ter erforderliches unfallanalytisches Gutachten zur Rekonstruktion des \r\nUnfallhergangs ist damit g\u00e4nzlich unm\u00f6glich. Zumeist fehlt auch eine Aussage zur Wertminderung. \r\nNur der Sachverst\u00e4ndige kann erkennen, ob es sich tats\u00e4chlich um einen so genannten \r\neinfachen Schaden handelte. H\u00e4ufig sind bei einem vermeintlich leichten Blechschaden \r\ntragende Teile besch\u00e4digt bzw. bei einem auf den ersten Blick sehr erheblichen Schaden \r\nk\u00f6nnen die Reparaturkosten minimal sein. In jedem Fall also f\u00e4hrt der Gesch\u00e4digte bei \r\nEinschaltung eines qualifizierten unabh\u00e4ngigen Sachverst\u00e4ndigen auf Nummer sicher.<\/pre>\n<p>[\/alert][\/one_full]<\/p>\n","protected":false},"excerpt":{"rendered":"<p>[one_full last=&#8220;yes&#8220; spacing=&#8220;yes&#8220; center_content=&#8220;no&#8220; hide_on_mobile=&#8220;no&#8220; background_color=&#8220;&#8220; background_image=&#8220;&#8220; background_repeat=&#8220;no-repeat&#8220; background_position=&#8220;left top&#8220; hover_type=&#8220;none&#8220; link=&#8220;&#8220; border_position=&#8220;all&#8220; border_size=&#8220;0px&#8220; border_color=&#8220;&#8220; border_style=&#8220;&#8220; padding=&#8220;&#8220; margin_top=&#8220;&#8220; margin_bottom=&#8220;&#8220; animation_type=&#8220;&#8220; animation_direction=&#8220;&#8220; animation_speed=&#8220;0.1&#8243; animation_offset=&#8220;&#8220; class=&#8220;&#8220; id=&#8220;&#8220;][title size=&#8220;1&#8243; content_align=&#8220;left&#8220; style_type=&#8220;default&#8220; sep_color=&#8220;&#8220; margin_top=&#8220;&#8220; margin_bottom=&#8220;&#8220; class=&#8220;&#8220; id=&#8220;&#8220;]Unfallanalytiker\u00a0Eberswalde[\/title][fusion_text] Unfallanalytische Gutachten vom Unfallanalytiker Eberswalde \u2706\u00a003334- 37 999 70 &#8211; Ihr KFZ Gutachter Eberswalde Kollisionsanalysen Fahrdynamische Simulationen Unfallursachen \/ Vermeidbarkeit Unfallflucht \/&hellip;<\/p>\n","protected":false},"author":1,"featured_media":0,"parent":0,"menu_order":0,"comment_status":"closed","ping_status":"closed","template":"","meta":{"footnotes":""},"class_list":["post-13261","page","type-page","status-publish","hentry","description-off"],"yoast_head":"<!-- This site is optimized with the Yoast SEO Premium plugin v24.9 (Yoast SEO v24.9) - https:\/\/yoast.com\/wordpress\/plugins\/seo\/ -->\n<title>Unfallanalytiker Eberswalde erstellt unfallanalytische Gutachten<\/title>\n<meta name=\"description\" content=\"Unfallanalytiker Eberswalde erstellt unfallanalytische Gutachten nach einen Verkehrsunfall, Unfallrekonstruktion,Kollisionsanalyse,Unfallanalyse\" \/>\n<meta name=\"robots\" content=\"index, follow, max-snippet:-1, max-image-preview:large, max-video-preview:-1\" \/>\n<link rel=\"canonical\" href=\"https:\/\/unfallforensik.com\/kfz\/unfallanalytiker-eberswalde\/\" \/>\n<meta property=\"og:locale\" content=\"de_DE\" \/>\n<meta property=\"og:type\" content=\"article\" \/>\n<meta property=\"og:title\" content=\"Unfallanalytiker Eberswalde\" \/>\n<meta property=\"og:description\" content=\"Unfallanalytiker Eberswalde erstellt unfallanalytische Gutachten nach einen Verkehrsunfall, Unfallrekonstruktion,Kollisionsanalyse,Unfallanalyse\" \/>\n<meta property=\"og:url\" content=\"https:\/\/unfallforensik.com\/kfz\/unfallanalytiker-eberswalde\/\" \/>\n<meta property=\"og:site_name\" content=\"KFZ Gutachter Unfallforensik, unfallanalytisches Gutachten, Unfallanalyse, Sachverst\u00e4ndiger, Unfallrekonstruktion\" \/>\n<meta property=\"article:modified_time\" content=\"2017-01-31T12:40:58+00:00\" \/>\n<meta property=\"og:image\" content=\"https:\/\/unfallforensik.com\/kfz\/wp-content\/uploads\/2017\/01\/unfallanalyse.jpg\" \/>\n<meta name=\"twitter:card\" content=\"summary_large_image\" \/>\n<meta name=\"twitter:label1\" content=\"Gesch\u00e4tzte Lesezeit\" \/>\n\t<meta name=\"twitter:data1\" content=\"4\u00a0Minuten\" \/>\n<script type=\"application\/ld+json\" class=\"yoast-schema-graph\">{\"@context\":\"https:\/\/schema.org\",\"@graph\":[{\"@type\":\"WebPage\",\"@id\":\"https:\/\/unfallforensik.com\/kfz\/unfallanalytiker-eberswalde\/\",\"url\":\"https:\/\/unfallforensik.com\/kfz\/unfallanalytiker-eberswalde\/\",\"name\":\"Unfallanalytiker Eberswalde erstellt unfallanalytische Gutachten\",\"isPartOf\":{\"@id\":\"https:\/\/unfallforensik.com\/kfz\/#website\"},\"primaryImageOfPage\":{\"@id\":\"https:\/\/unfallforensik.com\/kfz\/unfallanalytiker-eberswalde\/#primaryimage\"},\"image\":{\"@id\":\"https:\/\/unfallforensik.com\/kfz\/unfallanalytiker-eberswalde\/#primaryimage\"},\"thumbnailUrl\":\"https:\/\/unfallforensik.com\/kfz\/wp-content\/uploads\/2017\/01\/unfallanalyse.jpg\",\"datePublished\":\"2017-01-31T12:27:03+00:00\",\"dateModified\":\"2017-01-31T12:40:58+00:00\",\"description\":\"Unfallanalytiker Eberswalde erstellt unfallanalytische Gutachten nach einen Verkehrsunfall, Unfallrekonstruktion,Kollisionsanalyse,Unfallanalyse\",\"breadcrumb\":{\"@id\":\"https:\/\/unfallforensik.com\/kfz\/unfallanalytiker-eberswalde\/#breadcrumb\"},\"inLanguage\":\"de\",\"potentialAction\":[{\"@type\":\"ReadAction\",\"target\":[\"https:\/\/unfallforensik.com\/kfz\/unfallanalytiker-eberswalde\/\"]}]},{\"@type\":\"ImageObject\",\"inLanguage\":\"de\",\"@id\":\"https:\/\/unfallforensik.com\/kfz\/unfallanalytiker-eberswalde\/#primaryimage\",\"url\":\"https:\/\/unfallforensik.com\/kfz\/wp-content\/uploads\/2017\/01\/unfallanalyse.jpg\",\"contentUrl\":\"https:\/\/unfallforensik.com\/kfz\/wp-content\/uploads\/2017\/01\/unfallanalyse.jpg\",\"width\":600,\"height\":136,\"caption\":\"Wir erstellen Kollisionsanalysen nach einen Verkehrsunfall als Unfallanalytiker\"},{\"@type\":\"BreadcrumbList\",\"@id\":\"https:\/\/unfallforensik.com\/kfz\/unfallanalytiker-eberswalde\/#breadcrumb\",\"itemListElement\":[{\"@type\":\"ListItem\",\"position\":1,\"name\":\"Home\",\"item\":\"https:\/\/unfallforensik.com\/kfz\/\"},{\"@type\":\"ListItem\",\"position\":2,\"name\":\"Unfallanalytiker Eberswalde\"}]},{\"@type\":\"WebSite\",\"@id\":\"https:\/\/unfallforensik.com\/kfz\/#website\",\"url\":\"https:\/\/unfallforensik.com\/kfz\/\",\"name\":\"KFZ Gutachter Unfallforensik, unfallanalytisches Gutachten, Unfallanalyse, Sachverst\u00e4ndiger, Unfallrekonstruktion\",\"description\":\"KFZ Gutachter,Unfallschaden,Unfallrekonstruktion,unfallanalytisches Verfahren\",\"publisher\":{\"@id\":\"https:\/\/unfallforensik.com\/kfz\/#organization\"},\"potentialAction\":[{\"@type\":\"SearchAction\",\"target\":{\"@type\":\"EntryPoint\",\"urlTemplate\":\"https:\/\/unfallforensik.com\/kfz\/?s={search_term_string}\"},\"query-input\":{\"@type\":\"PropertyValueSpecification\",\"valueRequired\":true,\"valueName\":\"search_term_string\"}}],\"inLanguage\":\"de\"},{\"@type\":\"Organization\",\"@id\":\"https:\/\/unfallforensik.com\/kfz\/#organization\",\"name\":\"KFZ Gutachter Unfallforensik, unfallanalytisches Gutachten, Unfallanalyse, Sachverst\u00e4ndiger, Unfallrekonstruktion\",\"url\":\"https:\/\/unfallforensik.com\/kfz\/\",\"logo\":{\"@type\":\"ImageObject\",\"inLanguage\":\"de\",\"@id\":\"https:\/\/unfallforensik.com\/kfz\/#\/schema\/logo\/image\/\",\"url\":\"https:\/\/unfallforensik.com\/kfz\/wp-content\/uploads\/2022\/05\/logo57.png\",\"contentUrl\":\"https:\/\/unfallforensik.com\/kfz\/wp-content\/uploads\/2022\/05\/logo57.png\",\"width\":57,\"height\":57,\"caption\":\"KFZ Gutachter Unfallforensik, unfallanalytisches Gutachten, Unfallanalyse, Sachverst\u00e4ndiger, Unfallrekonstruktion\"},\"image\":{\"@id\":\"https:\/\/unfallforensik.com\/kfz\/#\/schema\/logo\/image\/\"}}]}<\/script>\n<!-- \/ Yoast SEO Premium plugin. -->","yoast_head_json":{"title":"Unfallanalytiker Eberswalde erstellt unfallanalytische Gutachten","description":"Unfallanalytiker Eberswalde erstellt unfallanalytische Gutachten nach einen Verkehrsunfall, Unfallrekonstruktion,Kollisionsanalyse,Unfallanalyse","robots":{"index":"index","follow":"follow","max-snippet":"max-snippet:-1","max-image-preview":"max-image-preview:large","max-video-preview":"max-video-preview:-1"},"canonical":"https:\/\/unfallforensik.com\/kfz\/unfallanalytiker-eberswalde\/","og_locale":"de_DE","og_type":"article","og_title":"Unfallanalytiker Eberswalde","og_description":"Unfallanalytiker Eberswalde erstellt unfallanalytische Gutachten nach einen Verkehrsunfall, Unfallrekonstruktion,Kollisionsanalyse,Unfallanalyse","og_url":"https:\/\/unfallforensik.com\/kfz\/unfallanalytiker-eberswalde\/","og_site_name":"KFZ Gutachter Unfallforensik, unfallanalytisches Gutachten, Unfallanalyse, Sachverst\u00e4ndiger, Unfallrekonstruktion","article_modified_time":"2017-01-31T12:40:58+00:00","og_image":[{"url":"https:\/\/unfallforensik.com\/kfz\/wp-content\/uploads\/2017\/01\/unfallanalyse.jpg","type":"","width":"","height":""}],"twitter_card":"summary_large_image","twitter_misc":{"Gesch\u00e4tzte Lesezeit":"4\u00a0Minuten"},"schema":{"@context":"https:\/\/schema.org","@graph":[{"@type":"WebPage","@id":"https:\/\/unfallforensik.com\/kfz\/unfallanalytiker-eberswalde\/","url":"https:\/\/unfallforensik.com\/kfz\/unfallanalytiker-eberswalde\/","name":"Unfallanalytiker Eberswalde erstellt unfallanalytische Gutachten","isPartOf":{"@id":"https:\/\/unfallforensik.com\/kfz\/#website"},"primaryImageOfPage":{"@id":"https:\/\/unfallforensik.com\/kfz\/unfallanalytiker-eberswalde\/#primaryimage"},"image":{"@id":"https:\/\/unfallforensik.com\/kfz\/unfallanalytiker-eberswalde\/#primaryimage"},"thumbnailUrl":"https:\/\/unfallforensik.com\/kfz\/wp-content\/uploads\/2017\/01\/unfallanalyse.jpg","datePublished":"2017-01-31T12:27:03+00:00","dateModified":"2017-01-31T12:40:58+00:00","description":"Unfallanalytiker Eberswalde erstellt unfallanalytische Gutachten nach einen Verkehrsunfall, Unfallrekonstruktion,Kollisionsanalyse,Unfallanalyse","breadcrumb":{"@id":"https:\/\/unfallforensik.com\/kfz\/unfallanalytiker-eberswalde\/#breadcrumb"},"inLanguage":"de","potentialAction":[{"@type":"ReadAction","target":["https:\/\/unfallforensik.com\/kfz\/unfallanalytiker-eberswalde\/"]}]},{"@type":"ImageObject","inLanguage":"de","@id":"https:\/\/unfallforensik.com\/kfz\/unfallanalytiker-eberswalde\/#primaryimage","url":"https:\/\/unfallforensik.com\/kfz\/wp-content\/uploads\/2017\/01\/unfallanalyse.jpg","contentUrl":"https:\/\/unfallforensik.com\/kfz\/wp-content\/uploads\/2017\/01\/unfallanalyse.jpg","width":600,"height":136,"caption":"Wir erstellen Kollisionsanalysen nach einen Verkehrsunfall als Unfallanalytiker"},{"@type":"BreadcrumbList","@id":"https:\/\/unfallforensik.com\/kfz\/unfallanalytiker-eberswalde\/#breadcrumb","itemListElement":[{"@type":"ListItem","position":1,"name":"Home","item":"https:\/\/unfallforensik.com\/kfz\/"},{"@type":"ListItem","position":2,"name":"Unfallanalytiker Eberswalde"}]},{"@type":"WebSite","@id":"https:\/\/unfallforensik.com\/kfz\/#website","url":"https:\/\/unfallforensik.com\/kfz\/","name":"KFZ Gutachter Unfallforensik, unfallanalytisches Gutachten, Unfallanalyse, Sachverst\u00e4ndiger, Unfallrekonstruktion","description":"KFZ Gutachter,Unfallschaden,Unfallrekonstruktion,unfallanalytisches Verfahren","publisher":{"@id":"https:\/\/unfallforensik.com\/kfz\/#organization"},"potentialAction":[{"@type":"SearchAction","target":{"@type":"EntryPoint","urlTemplate":"https:\/\/unfallforensik.com\/kfz\/?s={search_term_string}"},"query-input":{"@type":"PropertyValueSpecification","valueRequired":true,"valueName":"search_term_string"}}],"inLanguage":"de"},{"@type":"Organization","@id":"https:\/\/unfallforensik.com\/kfz\/#organization","name":"KFZ Gutachter Unfallforensik, unfallanalytisches Gutachten, Unfallanalyse, Sachverst\u00e4ndiger, Unfallrekonstruktion","url":"https:\/\/unfallforensik.com\/kfz\/","logo":{"@type":"ImageObject","inLanguage":"de","@id":"https:\/\/unfallforensik.com\/kfz\/#\/schema\/logo\/image\/","url":"https:\/\/unfallforensik.com\/kfz\/wp-content\/uploads\/2022\/05\/logo57.png","contentUrl":"https:\/\/unfallforensik.com\/kfz\/wp-content\/uploads\/2022\/05\/logo57.png","width":57,"height":57,"caption":"KFZ Gutachter Unfallforensik, unfallanalytisches Gutachten, Unfallanalyse, Sachverst\u00e4ndiger, Unfallrekonstruktion"},"image":{"@id":"https:\/\/unfallforensik.com\/kfz\/#\/schema\/logo\/image\/"}}]}},"_links":{"self":[{"href":"https:\/\/unfallforensik.com\/kfz\/wp-json\/wp\/v2\/pages\/13261","targetHints":{"allow":["GET"]}}],"collection":[{"href":"https:\/\/unfallforensik.com\/kfz\/wp-json\/wp\/v2\/pages"}],"about":[{"href":"https:\/\/unfallforensik.com\/kfz\/wp-json\/wp\/v2\/types\/page"}],"author":[{"embeddable":true,"href":"https:\/\/unfallforensik.com\/kfz\/wp-json\/wp\/v2\/users\/1"}],"replies":[{"embeddable":true,"href":"https:\/\/unfallforensik.com\/kfz\/wp-json\/wp\/v2\/comments?post=13261"}],"version-history":[{"count":0,"href":"https:\/\/unfallforensik.com\/kfz\/wp-json\/wp\/v2\/pages\/13261\/revisions"}],"wp:attachment":[{"href":"https:\/\/unfallforensik.com\/kfz\/wp-json\/wp\/v2\/media?parent=13261"}],"curies":[{"name":"wp","href":"https:\/\/api.w.org\/{rel}","templated":true}]}}