{"id":13195,"date":"2017-01-24T17:00:48","date_gmt":"2017-01-24T16:00:48","guid":{"rendered":"http:\/\/unfallforensik.com\/kfz\/?page_id=13195"},"modified":"2020-02-11T08:38:19","modified_gmt":"2020-02-11T07:38:19","slug":"unfallrekonstruktionsgutachten","status":"publish","type":"page","link":"https:\/\/unfallforensik.com\/kfz\/unfallrekonstruktionsgutachten\/","title":{"rendered":"Unfallrekonstruktionsgutachten"},"content":{"rendered":"<p>[vc_row][vc_column][big_title bigtitle_content=&#8220;Unfallrekonstruktionsgutachten&#8220;][subtitle subtitle_content=&#8220;Unfallrekonstruktionsgutachten und Pr\u00fcfung fehlerhafter Unfallrekonstruktionsgutachten&#8220;][vc_column_text]Ein Verkehrsunfall, sei es mit dem Zweirad, dem Personenkraftwagen, Lastkraftwagen oder sonstige im Verkehrsraum befindlichen Fahrzeugen, f\u00fchrt oftmals zu einer strittigen Auseinandersetzung \u00fcber die <a href=\"https:\/\/unfallforensik.com\/kfz\/gegengutachten-strafverfahren\/\">Schuldfrage<\/a> der Verursachung. In diesen F\u00e4llen ist es zur rechtlichen Beurteilung und zur Schadenregulierung f\u00fcr Polizei und Staatsanwaltschaft, Gerichte und Versicherungen oftmals notwendig, einen <a href=\"https:\/\/unfallforensik.com\/kfz\/porsche-unfall-gutachter-andreas-wendt\/\">Sachverst\u00e4ndigen<\/a> mit der Rekonstruktion des Unfallherganges zu beauftragen. Als Grundlage werden hierbei Ermittlungs-, Prozess- oder Schadenakten herangezogen. Die Auswertungen der Unterlagen durch den Unfallrekonstrukteur lassen unter weiterer Einbeziehung von Berechnungen und Simulationen Aussagen \u00fcber den tats\u00e4chlichen Hergang des Verkehrsunfalles zu.<\/p>\n<p><strong>Insbesondere sind Fragen nach \u2026<\/strong><\/p>\n<p>\u2026 dem Kollisionsort in der \u00d6rtlichkeit<br \/>\n\u2026 den Kollisions- und Ausgangsgeschwindigkeiten<br \/>\n\u2026 der Vermeidbarkeit des Unfalles f\u00fcr die Beteiligten<br \/>\n\u2026 Zuordnung der Besch\u00e4digungen an den Fahrzeugen<\/p>\n<p>f\u00fcr die Beurteilung wichtig. Aufgrund der Komplexit\u00e4t eines Verkehrsunfalles ist die Qualit\u00e4t des Ergebnisses der Unfallrekonstruktion auch abh\u00e4ngig von der Qualit\u00e4t und Quantit\u00e4t der zur Verf\u00fcgung stehenden Unterlagen, wie Lichtbilder der unfallbesch\u00e4digten Fahrzeug und des Unfallortes und Dokumentationen der Unfallspuren auf der Fahrbahn sowie Angaben zu den Umgebungsbedingungen und Zeugenaussagen. Insbesondere bei kleineren Verkehrsunf\u00e4llen ohne Personenschaden, die von der <a href=\"https:\/\/unfallforensik.com\/kfz\/dekra-gutachten-anfechten\/\">Polizei<\/a> nicht mehr aufgenommen werden, ist eine Dokumentation durch Fertigung eigener Bilder von erheblichem Vorteil f\u00fcr die sp\u00e4tere Unfallanalysenalyse.<\/p>\n<p>[\/vc_column_text][vc_video link=&#8220;httpss:\/\/www.youtube.com\/watch?v=86TDFdI6Frs&#8220; align=&#8220;center&#8220; title=&#8220;Beispiel einer automatischen Kollisionsanalyse&#8220;][vc_column_text]F\u00fcr die Rekonstruktion eines Verkehrsunfalles werden von unserem B\u00fcro zur Berechnung und Simulation unter anderem die Analyseprogramme &#8222;Analyzer Pro&#8220; und &#8222;Carat&#8220; herangezogen. Derartige Programme sowie Berechnungen der Kollisionsphase und die Weg-Zeit-Analysen sind eine hilfreiche Erg\u00e4nzung bei der Unfallrekonstruktion und lassen hervorragende Visualisierungen des Verkehrsunfallablaufes zu. Insbesondere der technische Laie kann somit die Ergebnisse der Unfallrekonstruktion besser verstehen und nachvollziehen.<\/p>\n<p><strong>Wie sieht nun ein solches Unfallrekonstruktionsgutachten aus?<\/strong><\/p>\n<p>Aufgrund der Vielzahl von m\u00f6glichen Unfallarten ist eine Standardisierung eines Unfallrekonstruktionsgutachtens nicht m\u00f6glich. Dennoch sind einige immer wieder kehrende Punkte vorhanden. Die ich Ihnen wie folgt vorstellen m\u00f6chte:<\/p>\n<p>&nbsp;<\/p>\n<ul>\n<li>1. Gutachtenauftrag<\/li>\n<li>2. Sachverhaltsdarstellung<\/li>\n<li>3. Unfall\u00f6rtlichkeit<\/li>\n<li>4. Fahrzeugbesch\u00e4digungen<\/li>\n<li>5. Relative Kollisionsstellung<\/li>\n<li>6. Wahrscheinlicher oder tats\u00e4chlicher Kollisionsort<\/li>\n<li>7. Kollisionsanalyse mit Errechnung der Kollisionsgeschwindigkeiten<\/li>\n<li>8. Weg-Zeit-Analyse mit Angabe der Ausgangsgeschwindigkeiten<\/li>\n<li>9. Vermeidbarkeitsbetrachtungen unter Ber\u00fccksichtigung der zul\u00e4ssigen H\u00f6chstgeschwindigkeiten\u00a0an \u00a0 \u00a0 \u00a0 der Unfall\u00f6rtlichkeit<\/li>\n<\/ul>\n<p>[\/vc_column_text][vc_video link=&#8220;httpss:\/\/www.youtube.com\/watch?v=NWnKaxVytHk&#8220; align=&#8220;center&#8220; title=&#8220;Unfallrekonstruktionssoftware \u00dcberblick&#8220;][vc_column_text css_animation=&#8220;bounceIn&#8220;]<\/p>\n<h3><span style=\"color: #0000ff;\">Unfallrekonstruktionssoftware<\/span><\/h3>\n<p><span style=\"color: #0000ff;\">Bisher mussten Unfallrekonstruktionen mittels vieler komplizierter Rechenformel h\u00e4ndisch erstellt und berechnet werden. Moderne Simulationscomputerprogramme f\u00fcr Unfallanalytiker l\u00f6sen umst\u00e4ndliche Berechnungsformeln ab. F\u00fcr den Unfallanalytiker verbleibt mehr Zeit, um verschiedene Unfallkonstellationen im Versuch zu testen. Die Computersimulationsprogramme sind bereits in der zweiten und dritten Generation und die Zuverl\u00e4ssigkeit zum realen Unfallhergang ist gegeben.\u00a0 Mit unseren kleinen Videos k\u00f6nnen sie sich einen \u00dcberblick verschaffen.<\/span><\/p>\n<p>[\/vc_column_text][vc_video link=&#8220;httpss:\/\/www.youtube.com\/watch?v=vbusY2k3YCo&#8220; title=&#8220;Einzelbeispiel Umsetzung mittels Rekonstruktionssoftware&#8220;][vc_column_text][\/fusion_text][fusion_text]<\/p>\n<hr \/>\n<p>&nbsp;<\/p>\n<div id=\"attachment_13196\" style=\"width: 679px\" class=\"wp-caption aligncenter\"><img fetchpriority=\"high\" decoding=\"async\" aria-describedby=\"caption-attachment-13196\" class=\"wp-image-13196 size-large\" src=\"https:\/\/unfallforensik.com\/kfz\/wp-content\/uploads\/2017\/01\/bild1-1024x613.jpg\" alt=\"Unfallrekonstruktionsgutachten, unfallanalytisches Gutachten\" width=\"669\" height=\"400\" srcset=\"https:\/\/unfallforensik.com\/kfz\/wp-content\/uploads\/2017\/01\/bild1-1024x613.jpg 1024w, https:\/\/unfallforensik.com\/kfz\/wp-content\/uploads\/2017\/01\/bild1-300x180.jpg 300w, https:\/\/unfallforensik.com\/kfz\/wp-content\/uploads\/2017\/01\/bild1-768x460.jpg 768w, https:\/\/unfallforensik.com\/kfz\/wp-content\/uploads\/2017\/01\/bild1.jpg 1200w\" sizes=\"(max-width: 669px) 100vw, 669px\" \/><p id=\"caption-attachment-13196\" class=\"wp-caption-text\">Mit einem Unfallrekonstruktionsgutachten erstellen wir eine Unfallanalyse<\/p><\/div>\n<p>&nbsp;<\/p>\n<hr \/>\n<p>[\/fusion_text][fusion_text]<\/p>\n<div class=\"box4\"><strong>Deutschlandweit erhalten Sie UNFALLREKONSTRUKTIONSGUTACHTEN bzw. Unfallrekonstruktionen von den unfallforensik.com\u00a0Kfz-Sachverst\u00e4ndigen.<\/strong><\/div>\n<div class=\"box4\"><\/div>\n<div class=\"box4\">Die Kfz Gutachter von unfallforensik\u00a0sind entweder <u><b>ZERTIFIZIERT gem. DIN EN ISO\/IEC 17024<\/b><\/u> (Bereich 2 Beweissicherung und Unfallrekonstruktion, Bereich 4 Sch\u00e4den und Bewertung) oder <u><b>\u00f6ffentlich bestellt und vereidigt<\/b><\/u>.<\/div>\n<div class=\"box4\"><\/div>\n<div class=\"box4\">\n<p>Somit sind die Unfallrekonstruktionsgutachten von unfallforensik.com\u00a0bei Gerichten in Deutschland als Unfallrekonstruktionsgutachten anerkannt.<\/p>\n<p>Der Trend geht eindeutig zu zertifizierten Kfz-Sachverst\u00e4ndigen und weg von \u00f6ffentlich bestellten und vereidigten Kfz Sachverst\u00e4ndigen bei Unfallrekonstruktionsgutachten. Die Gr\u00fcnde liegen in der Qualifikation der Kfz-Sachverst\u00e4ndigen. Streng genommen ist \u201e\u00f6ffentlich bestellt und vereidigt\u201c (das erfolgt auf Lebenszeit!!) keine Qualifikation im Sinne von Qualit\u00e4t. Gerade im Automobilbereich mit dem rasanten Fortschritt und den st\u00e4ndig neuen Fertigungsmethoden ist die Qualifikation des Kfz-Sachverst\u00e4ndigen f\u00fcr die Qualit\u00e4t des Produktes Unfallrekonstruktion entscheidend. Aus diesem Grund finden Sie bei unfallforensik.com vorwiegend zertifizierte Kfz-Sachverst\u00e4ndige, welche Unfallrekonstruktionsgutachten erstellen.<\/p>\n<\/div>\n<div class=\"box4\"><\/div>\n<div class=\"box4alt\">Die Spuren zum Unfallrekonstruktionsgutachten werden im Normalfall von den unfallaufnehmenden Polizeibeamten vermessen und fotografiert. Damit wird schon deutlich, dass mit der Qualit\u00e4t dieser Polizei-Vorarbeit eine wichtige Grundlage geschaffen wird.<br \/>\nWas passiert, wenn sich die Zeugenaussagen widersprechen oder die von der Polizei vorgelegten Daten (in der Polizeiakte) nicht die n\u00f6tige Klarheit bringen bzw. nicht dem entsprechen, was Sie gesehen und geh\u00f6rt haben?<br \/>\nEin Sachverst\u00e4ndigengutachten in Form einer Unfallrekonstruktion \/ Unfallanalyse kann hier weiterhelfen, sei es im Strafverfahren, in der zivilrechtlichen Auseinandersetzung oder vorab zur Beweissicherung.<\/div>\n<div class=\"box4alt\">Bei der Erstellung unserer Gutachten zur Unfallrekonstruktion, die sog. Unfallrekonstruktionsgutachten, nutzen wir die langj\u00e4hrige Erfahrung unserer Kfz-Sachverst\u00e4ndigen auf dem Gebiet der Kfz Unfallanalyse.<\/div>\n<div class=\"box4alt\"><\/div>\n<div class=\"box4alt\">Wir erstellen Unfallrekonstruktionsgutachten im Auftrag von Privatpersonen, im Auftrag der Staatsanwaltschaften und im Auftrag der Gerichte.<\/div>\n<p><br class=\"clear\" \/><strong><u>unfallforensik.com erstellt keine Unfallrekonstruktionsgutachten im Auftrag der Versicherungen! Diese Auftr\u00e4ge lehnen wir ab.<\/u><\/strong><br \/>\nDie Gr\u00fcnde hierf\u00fcr sind die Tatsache, dass sich unfallforensik.com beim Rekonstruieren von Verkehrsunf\u00e4llen ausschlie\u00dflich auf vorliegende Zahlen, Daten, Fakten konzentrieren und somit stets zu einem objektiven, neutralen und unabh\u00e4ngigen Ergebnis im Unfallrekonstruktionsgutachten kommt, garantiert. Seit der Gr\u00fcndung von unfallforensik.com waren wir zu keinem Zeitpunkt bereit, die W\u00fcnsche der Versicherer im Unfallrekonstruktionsgutachten oder im Schadengutachten abzubilden.<br \/>\nUnsere\u00a0Kfz-Sachverst\u00e4ndigen sind auch weiterhin nicht bereit, die Fakten einer Unfallrekonstruktion gegen den Wunsch der Versicherer zu tauschen. Das \u00fcberlassen wir den zahlreichen Kooperations-Kfz Sachverst\u00e4ndigen der Versicherungen.<br \/>\n<b><u>F\u00fcr die unfallforensik.com Kfz-Sachverst\u00e4ndigen entscheiden die Fakten \u00fcber das Ergebnis einer Unfallrekonstruktion! Das macht uns deutschlandweit einzigartig bzw. unterscheidet uns von Kooperations-Kfz-Sachverst\u00e4ndigen der Versicherungen.<\/u><\/b><br \/>\nwww.unfallforensik.com, Ihre Kfz Unfall Sachverst\u00e4ndigen f\u00fcr 100% Kfz Gutachten und 100% Unfallrekonstruktionen, garantiert und deutschlandweit!<\/p>\n<p>Eine Erstberatung ist bei uns unverbindlich und kostenfrei !![\/fusion_text][\/one_full]<\/p>\n<p>[\/vc_column_text][\/vc_column][\/vc_row][vc_row][vc_column][\/vc_column][\/vc_row]<\/p>\n","protected":false},"excerpt":{"rendered":"<p>[vc_row][vc_column][big_title bigtitle_content=&#8220;Unfallrekonstruktionsgutachten&#8220;][subtitle subtitle_content=&#8220;Unfallrekonstruktionsgutachten und Pr\u00fcfung fehlerhafter Unfallrekonstruktionsgutachten&#8220;][vc_column_text]Ein Verkehrsunfall, sei es mit dem Zweirad, dem Personenkraftwagen, Lastkraftwagen oder sonstige im Verkehrsraum befindlichen Fahrzeugen, f\u00fchrt oftmals zu einer strittigen Auseinandersetzung \u00fcber die Schuldfrage der Verursachung. In diesen F\u00e4llen ist es zur rechtlichen Beurteilung und zur Schadenregulierung f\u00fcr Polizei und Staatsanwaltschaft, Gerichte und Versicherungen oftmals notwendig, einen Sachverst\u00e4ndigen&hellip;<\/p>\n","protected":false},"author":1,"featured_media":0,"parent":0,"menu_order":0,"comment_status":"closed","ping_status":"closed","template":"","meta":{"footnotes":""},"class_list":["post-13195","page","type-page","status-publish","hentry","description-off"],"yoast_head":"<!-- This site is optimized with the Yoast SEO Premium plugin v24.9 (Yoast SEO v24.9) - https:\/\/yoast.com\/wordpress\/plugins\/seo\/ -->\n<title>Unfallrekonstruktionsgutachten - KFZ Gutachter Unfallforensik, unfallanalytisches Gutachten, Unfallanalyse, Sachverst\u00e4ndiger, Unfallrekonstruktion<\/title>\n<meta name=\"description\" content=\"Wir erstellen Unfallrekonstruktionsgutachten. Damit kann nach einem Verkehrsunfall eine Unfallrekonstruktion erstellen. Unfallanalytisches Gutachten Unfall\" \/>\n<meta name=\"robots\" content=\"index, follow, max-snippet:-1, max-image-preview:large, max-video-preview:-1\" \/>\n<link rel=\"canonical\" href=\"https:\/\/unfallforensik.com\/kfz\/unfallrekonstruktionsgutachten\/\" \/>\n<meta property=\"og:locale\" content=\"de_DE\" \/>\n<meta property=\"og:type\" content=\"article\" \/>\n<meta property=\"og:title\" content=\"Unfallrekonstruktionsgutachten\" \/>\n<meta property=\"og:description\" content=\"Wir erstellen Unfallrekonstruktionsgutachten. Damit kann nach einem Verkehrsunfall eine Unfallrekonstruktion erstellen. Unfallanalytisches Gutachten Unfall\" \/>\n<meta property=\"og:url\" content=\"https:\/\/unfallforensik.com\/kfz\/unfallrekonstruktionsgutachten\/\" \/>\n<meta property=\"og:site_name\" content=\"KFZ Gutachter Unfallforensik, unfallanalytisches Gutachten, Unfallanalyse, Sachverst\u00e4ndiger, Unfallrekonstruktion\" \/>\n<meta property=\"article:modified_time\" content=\"2020-02-11T07:38:19+00:00\" \/>\n<meta property=\"og:image\" content=\"https:\/\/unfallforensik.com\/kfz\/wp-content\/uploads\/2017\/01\/bild1-1024x613.jpg\" \/>\n<meta name=\"twitter:card\" content=\"summary_large_image\" \/>\n<meta name=\"twitter:label1\" content=\"Gesch\u00e4tzte Lesezeit\" \/>\n\t<meta name=\"twitter:data1\" content=\"5\u00a0Minuten\" \/>\n<script type=\"application\/ld+json\" class=\"yoast-schema-graph\">{\"@context\":\"https:\/\/schema.org\",\"@graph\":[{\"@type\":\"WebPage\",\"@id\":\"https:\/\/unfallforensik.com\/kfz\/unfallrekonstruktionsgutachten\/\",\"url\":\"https:\/\/unfallforensik.com\/kfz\/unfallrekonstruktionsgutachten\/\",\"name\":\"Unfallrekonstruktionsgutachten - KFZ Gutachter Unfallforensik, unfallanalytisches Gutachten, Unfallanalyse, Sachverst\u00e4ndiger, Unfallrekonstruktion\",\"isPartOf\":{\"@id\":\"https:\/\/unfallforensik.com\/kfz\/#website\"},\"primaryImageOfPage\":{\"@id\":\"https:\/\/unfallforensik.com\/kfz\/unfallrekonstruktionsgutachten\/#primaryimage\"},\"image\":{\"@id\":\"https:\/\/unfallforensik.com\/kfz\/unfallrekonstruktionsgutachten\/#primaryimage\"},\"thumbnailUrl\":\"https:\/\/unfallforensik.com\/kfz\/wp-content\/uploads\/2017\/01\/bild1-1024x613.jpg\",\"datePublished\":\"2017-01-24T16:00:48+00:00\",\"dateModified\":\"2020-02-11T07:38:19+00:00\",\"description\":\"Wir erstellen Unfallrekonstruktionsgutachten. Damit kann nach einem Verkehrsunfall eine Unfallrekonstruktion erstellen. Unfallanalytisches Gutachten Unfall\",\"breadcrumb\":{\"@id\":\"https:\/\/unfallforensik.com\/kfz\/unfallrekonstruktionsgutachten\/#breadcrumb\"},\"inLanguage\":\"de\",\"potentialAction\":[{\"@type\":\"ReadAction\",\"target\":[\"https:\/\/unfallforensik.com\/kfz\/unfallrekonstruktionsgutachten\/\"]}]},{\"@type\":\"ImageObject\",\"inLanguage\":\"de\",\"@id\":\"https:\/\/unfallforensik.com\/kfz\/unfallrekonstruktionsgutachten\/#primaryimage\",\"url\":\"https:\/\/unfallforensik.com\/kfz\/wp-content\/uploads\/2017\/01\/bild1.jpg\",\"contentUrl\":\"https:\/\/unfallforensik.com\/kfz\/wp-content\/uploads\/2017\/01\/bild1.jpg\",\"width\":1200,\"height\":718,\"caption\":\"Mit einem Unfallrekonstruktionsgutachten erstellen wir eine Unfallanalyse\"},{\"@type\":\"BreadcrumbList\",\"@id\":\"https:\/\/unfallforensik.com\/kfz\/unfallrekonstruktionsgutachten\/#breadcrumb\",\"itemListElement\":[{\"@type\":\"ListItem\",\"position\":1,\"name\":\"Home\",\"item\":\"https:\/\/unfallforensik.com\/kfz\/\"},{\"@type\":\"ListItem\",\"position\":2,\"name\":\"Unfallrekonstruktionsgutachten\"}]},{\"@type\":\"WebSite\",\"@id\":\"https:\/\/unfallforensik.com\/kfz\/#website\",\"url\":\"https:\/\/unfallforensik.com\/kfz\/\",\"name\":\"KFZ Gutachter Unfallforensik, unfallanalytisches Gutachten, Unfallanalyse, Sachverst\u00e4ndiger, Unfallrekonstruktion\",\"description\":\"KFZ Gutachter,Unfallschaden,Unfallrekonstruktion,unfallanalytisches Verfahren\",\"publisher\":{\"@id\":\"https:\/\/unfallforensik.com\/kfz\/#organization\"},\"potentialAction\":[{\"@type\":\"SearchAction\",\"target\":{\"@type\":\"EntryPoint\",\"urlTemplate\":\"https:\/\/unfallforensik.com\/kfz\/?s={search_term_string}\"},\"query-input\":{\"@type\":\"PropertyValueSpecification\",\"valueRequired\":true,\"valueName\":\"search_term_string\"}}],\"inLanguage\":\"de\"},{\"@type\":\"Organization\",\"@id\":\"https:\/\/unfallforensik.com\/kfz\/#organization\",\"name\":\"KFZ Gutachter Unfallforensik, unfallanalytisches Gutachten, Unfallanalyse, Sachverst\u00e4ndiger, Unfallrekonstruktion\",\"url\":\"https:\/\/unfallforensik.com\/kfz\/\",\"logo\":{\"@type\":\"ImageObject\",\"inLanguage\":\"de\",\"@id\":\"https:\/\/unfallforensik.com\/kfz\/#\/schema\/logo\/image\/\",\"url\":\"https:\/\/unfallforensik.com\/kfz\/wp-content\/uploads\/2022\/05\/logo57.png\",\"contentUrl\":\"https:\/\/unfallforensik.com\/kfz\/wp-content\/uploads\/2022\/05\/logo57.png\",\"width\":57,\"height\":57,\"caption\":\"KFZ Gutachter Unfallforensik, unfallanalytisches Gutachten, Unfallanalyse, Sachverst\u00e4ndiger, Unfallrekonstruktion\"},\"image\":{\"@id\":\"https:\/\/unfallforensik.com\/kfz\/#\/schema\/logo\/image\/\"}}]}<\/script>\n<!-- \/ Yoast SEO Premium plugin. -->","yoast_head_json":{"title":"Unfallrekonstruktionsgutachten - KFZ Gutachter Unfallforensik, unfallanalytisches Gutachten, Unfallanalyse, Sachverst\u00e4ndiger, Unfallrekonstruktion","description":"Wir erstellen Unfallrekonstruktionsgutachten. Damit kann nach einem Verkehrsunfall eine Unfallrekonstruktion erstellen. Unfallanalytisches Gutachten Unfall","robots":{"index":"index","follow":"follow","max-snippet":"max-snippet:-1","max-image-preview":"max-image-preview:large","max-video-preview":"max-video-preview:-1"},"canonical":"https:\/\/unfallforensik.com\/kfz\/unfallrekonstruktionsgutachten\/","og_locale":"de_DE","og_type":"article","og_title":"Unfallrekonstruktionsgutachten","og_description":"Wir erstellen Unfallrekonstruktionsgutachten. Damit kann nach einem Verkehrsunfall eine Unfallrekonstruktion erstellen. Unfallanalytisches Gutachten Unfall","og_url":"https:\/\/unfallforensik.com\/kfz\/unfallrekonstruktionsgutachten\/","og_site_name":"KFZ Gutachter Unfallforensik, unfallanalytisches Gutachten, Unfallanalyse, Sachverst\u00e4ndiger, Unfallrekonstruktion","article_modified_time":"2020-02-11T07:38:19+00:00","og_image":[{"url":"https:\/\/unfallforensik.com\/kfz\/wp-content\/uploads\/2017\/01\/bild1-1024x613.jpg","type":"","width":"","height":""}],"twitter_card":"summary_large_image","twitter_misc":{"Gesch\u00e4tzte Lesezeit":"5\u00a0Minuten"},"schema":{"@context":"https:\/\/schema.org","@graph":[{"@type":"WebPage","@id":"https:\/\/unfallforensik.com\/kfz\/unfallrekonstruktionsgutachten\/","url":"https:\/\/unfallforensik.com\/kfz\/unfallrekonstruktionsgutachten\/","name":"Unfallrekonstruktionsgutachten - KFZ Gutachter Unfallforensik, unfallanalytisches Gutachten, Unfallanalyse, Sachverst\u00e4ndiger, Unfallrekonstruktion","isPartOf":{"@id":"https:\/\/unfallforensik.com\/kfz\/#website"},"primaryImageOfPage":{"@id":"https:\/\/unfallforensik.com\/kfz\/unfallrekonstruktionsgutachten\/#primaryimage"},"image":{"@id":"https:\/\/unfallforensik.com\/kfz\/unfallrekonstruktionsgutachten\/#primaryimage"},"thumbnailUrl":"https:\/\/unfallforensik.com\/kfz\/wp-content\/uploads\/2017\/01\/bild1-1024x613.jpg","datePublished":"2017-01-24T16:00:48+00:00","dateModified":"2020-02-11T07:38:19+00:00","description":"Wir erstellen Unfallrekonstruktionsgutachten. Damit kann nach einem Verkehrsunfall eine Unfallrekonstruktion erstellen. Unfallanalytisches Gutachten Unfall","breadcrumb":{"@id":"https:\/\/unfallforensik.com\/kfz\/unfallrekonstruktionsgutachten\/#breadcrumb"},"inLanguage":"de","potentialAction":[{"@type":"ReadAction","target":["https:\/\/unfallforensik.com\/kfz\/unfallrekonstruktionsgutachten\/"]}]},{"@type":"ImageObject","inLanguage":"de","@id":"https:\/\/unfallforensik.com\/kfz\/unfallrekonstruktionsgutachten\/#primaryimage","url":"https:\/\/unfallforensik.com\/kfz\/wp-content\/uploads\/2017\/01\/bild1.jpg","contentUrl":"https:\/\/unfallforensik.com\/kfz\/wp-content\/uploads\/2017\/01\/bild1.jpg","width":1200,"height":718,"caption":"Mit einem Unfallrekonstruktionsgutachten erstellen wir eine Unfallanalyse"},{"@type":"BreadcrumbList","@id":"https:\/\/unfallforensik.com\/kfz\/unfallrekonstruktionsgutachten\/#breadcrumb","itemListElement":[{"@type":"ListItem","position":1,"name":"Home","item":"https:\/\/unfallforensik.com\/kfz\/"},{"@type":"ListItem","position":2,"name":"Unfallrekonstruktionsgutachten"}]},{"@type":"WebSite","@id":"https:\/\/unfallforensik.com\/kfz\/#website","url":"https:\/\/unfallforensik.com\/kfz\/","name":"KFZ Gutachter Unfallforensik, unfallanalytisches Gutachten, Unfallanalyse, Sachverst\u00e4ndiger, Unfallrekonstruktion","description":"KFZ Gutachter,Unfallschaden,Unfallrekonstruktion,unfallanalytisches Verfahren","publisher":{"@id":"https:\/\/unfallforensik.com\/kfz\/#organization"},"potentialAction":[{"@type":"SearchAction","target":{"@type":"EntryPoint","urlTemplate":"https:\/\/unfallforensik.com\/kfz\/?s={search_term_string}"},"query-input":{"@type":"PropertyValueSpecification","valueRequired":true,"valueName":"search_term_string"}}],"inLanguage":"de"},{"@type":"Organization","@id":"https:\/\/unfallforensik.com\/kfz\/#organization","name":"KFZ Gutachter Unfallforensik, unfallanalytisches Gutachten, Unfallanalyse, Sachverst\u00e4ndiger, Unfallrekonstruktion","url":"https:\/\/unfallforensik.com\/kfz\/","logo":{"@type":"ImageObject","inLanguage":"de","@id":"https:\/\/unfallforensik.com\/kfz\/#\/schema\/logo\/image\/","url":"https:\/\/unfallforensik.com\/kfz\/wp-content\/uploads\/2022\/05\/logo57.png","contentUrl":"https:\/\/unfallforensik.com\/kfz\/wp-content\/uploads\/2022\/05\/logo57.png","width":57,"height":57,"caption":"KFZ Gutachter Unfallforensik, unfallanalytisches Gutachten, Unfallanalyse, Sachverst\u00e4ndiger, Unfallrekonstruktion"},"image":{"@id":"https:\/\/unfallforensik.com\/kfz\/#\/schema\/logo\/image\/"}}]}},"_links":{"self":[{"href":"https:\/\/unfallforensik.com\/kfz\/wp-json\/wp\/v2\/pages\/13195","targetHints":{"allow":["GET"]}}],"collection":[{"href":"https:\/\/unfallforensik.com\/kfz\/wp-json\/wp\/v2\/pages"}],"about":[{"href":"https:\/\/unfallforensik.com\/kfz\/wp-json\/wp\/v2\/types\/page"}],"author":[{"embeddable":true,"href":"https:\/\/unfallforensik.com\/kfz\/wp-json\/wp\/v2\/users\/1"}],"replies":[{"embeddable":true,"href":"https:\/\/unfallforensik.com\/kfz\/wp-json\/wp\/v2\/comments?post=13195"}],"version-history":[{"count":0,"href":"https:\/\/unfallforensik.com\/kfz\/wp-json\/wp\/v2\/pages\/13195\/revisions"}],"wp:attachment":[{"href":"https:\/\/unfallforensik.com\/kfz\/wp-json\/wp\/v2\/media?parent=13195"}],"curies":[{"name":"wp","href":"https:\/\/api.w.org\/{rel}","templated":true}]}}