{"id":13038,"date":"2016-02-21T11:13:49","date_gmt":"2016-02-21T10:13:49","guid":{"rendered":"http:\/\/unfallforensik.com\/kfz\/?page_id=13038"},"modified":"2023-11-20T10:32:19","modified_gmt":"2023-11-20T09:32:19","slug":"unfallanalytisches-gutachten","status":"publish","type":"page","link":"https:\/\/unfallforensik.com\/kfz\/leistungen\/unfallanalytisches-gutachten\/","title":{"rendered":"Unfallanalytisches Gutachten"},"content":{"rendered":"\t\t<div data-elementor-type=\"wp-page\" data-elementor-id=\"13038\" class=\"elementor elementor-13038\" data-elementor-settings=\"{&quot;ha_cmc_init_switcher&quot;:&quot;no&quot;}\" data-elementor-post-type=\"page\">\n\t\t\t\t\t\t<section class=\"elementor-section elementor-top-section elementor-element elementor-element-7824e2f elementor-section-boxed elementor-section-height-default elementor-section-height-default\" data-id=\"7824e2f\" data-element_type=\"section\" data-settings=\"{&quot;_ha_eqh_enable&quot;:false}\">\n\t\t\t\t\t\t<div class=\"elementor-container elementor-column-gap-default\">\n\t\t\t\t\t<div class=\"elementor-column elementor-col-100 elementor-top-column elementor-element elementor-element-4a09b87\" data-id=\"4a09b87\" data-element_type=\"column\">\n\t\t\t<div class=\"elementor-widget-wrap elementor-element-populated\">\n\t\t\t\t\t\t<div class=\"elementor-element elementor-element-7b0e4bab elementor-widget elementor-widget-text-editor\" data-id=\"7b0e4bab\" data-element_type=\"widget\" data-widget_type=\"text-editor.default\">\n\t\t\t\t<div class=\"elementor-widget-container\">\n\t\t\t\t\t\t\t\t\t[vc_row][vc_column][vc_column_text]\r\n<h4>Unfallanalytisches Gutachten<\/h4>\r\nSynonymische Bezeichnungen: Verkehrsunfall Rekonstruktion, Rekonstruktion Verkehrsunfall, unfallanalytisches Gutachten\r\n<h4>Eine <strong>Unfallrekonstruktion<\/strong> ist ein unfallanalytisches Gutachten, das simulieren und rekonstruieren soll wie sich ein Verkehrsunfalls zugetragen hat.<\/h4>\r\nBei einer <strong>Unfallrekonstruktion<\/strong> st\u00fctzen sich Gutachter auf sogenannte Ankn\u00fcpfungstatsachen.\r\n\r\nHierzu k\u00f6nnen z\u00e4hlen\r\n<ul>\r\n \t<li>die Beschaffenheit der Unfallfahrzeuge vor dem Unfall,<\/li>\r\n \t<li>das Schadensbild an den Unfallfahrzeugen,<\/li>\r\n \t<li>die Endstellung der Unfallfahrzeuge,<\/li>\r\n \t<li>die Unfallspuren am Unfallort oder z. B.<\/li>\r\n \t<li>die Unfallschilderung von Zeugen.<\/li>\r\n<\/ul>\r\nIm Rahmen der <strong>Unfallrekonstruktion<\/strong> werden die Ankn\u00fcpfungstatsachen in ein Verh\u00e4ltnis zueinander gesetzt, sodass der Unfallverlauf gegebenenfalls mit einem Computerprogramm ganz oder teilweise simuliert werden kann.\r\n\r\nIn meinen verkehrsunfallanalytischen Gutachten <a href=\"https:\/\/unfallforensik.com\/kfz\/unfallanalytiker-referenzen\/\">rekonstruiere ich<\/a> den Ablauf von <a href=\"https:\/\/unfallforensik.com\/kfz\/unfallrekonstruktion-berlin-brandenburg\/\">Unfallereignissen<\/a> und schaffen damit eine verl\u00e4ssliche Grundlage f\u00fcr <a href=\"https:\/\/unfallforensik.com\/kfz\/rechtssprechung-unfallanalytik\/\">juristische Entscheidungen<\/a> \u2013 au\u00dfergerichtlich oder im Rahmen von Straf- oder Zivilprozessen.\r\n\r\n[\/vc_column_text][\/vc_column][\/vc_row][vc_row][vc_column width=&#8220;2\/3&#8243;][vc_column_text]\r\n<h5>Haben Sie Fragen zu einem unfallanalytischen Gutachten? Dann kontaktieren Sie uns. Wir beraten Sie gerne.<\/h5>\r\n<ul>\r\n \t<li class=\"toggle-content\">Gutachten zu Unf\u00e4llen, Schaden- &amp; Verkehrsabl\u00e4ufen<\/li>\r\n \t<li class=\"toggle-content\">Fahrzeugtechnische Gutachten nach Unfall oder Verkehrskontrolle<\/li>\r\n \t<li class=\"toggle-content\">Gutachten zur Bemerkbarkeit von Kleinkollisionen<\/li>\r\n \t<li class=\"toggle-content\">Plausibilit\u00e4tsgutachten bei Versicherungsf\u00e4llen<\/li>\r\n \t<li class=\"toggle-content\">Gutachten und Pr\u00e4vention f\u00fcr Ladungssicherung<\/li>\r\n \t<li class=\"toggle-content\">Gutachten zu Verletzungsursachen<\/li>\r\n \t<li class=\"toggle-content\">Gutachten zu fahrzeugtechnischen M\u00e4ngeln<\/li>\r\n \t<li class=\"toggle-content\">sowie weitere spezielle Gutachten<\/li>\r\n<\/ul>\r\n[\/vc_column_text][\/vc_column][vc_column width=&#8220;1\/3&#8243;][vc_single_image image=&#8220;13093&#8243; img_size=&#8220;full&#8220;][\/vc_column][\/vc_row][vc_row][vc_column][vc_column_text]\r\n<h3>Moderne Verfahren\u00a0in Verbindung mit neuer Analysetechnik<\/h3>\r\nAuf der Grundlage moderner Technik und den grundlegenden physikalischen Gesetzen k\u00f6nnen wir nahezu jeden Verkehrsunfall rekonstruieren. Ich setze auf HighTech-Anwendungen, um sowohl die Unfallthese im analytischen als auch synthetischen Verfahren zu rekonstruieren.\r\n\r\nDetailgetreu und \u00fcber unsere Wahrnehmungen hinaus lassen sich mit modernen forensischen Softwareanwendungen Kollisionen zusammenf\u00fcgen und r\u00fcckw\u00e4rts darstellen. Aus dem Schadenshergang heraus kann der Unfallhergang rekonstruiert werden. Wir arbeiten mit verschiedenen PC Programmen die \u00fcber einen Schnittstelle kompatibel sind. So lassen sich von einfachen 2D Versionen bis hin zu 3D animierten Darstellungen der Unfall genau darstellen.\r\n\r\nBeispiele f\u00fcr Hard- und Softwareanwendungen in der Unfallforensik\r\n\r\n<a href=\"https:\/\/www.weiss-ag.de\/car_crash_mockup\/\" target=\"_blank\" rel=\"noopener\">Firma Weiss AG<\/a>\r\n\r\n<a href=\"https:\/\/www.faro.com\/de-de\/messloesungen\/anwendungen\/unfallrekonstruktion\" target=\"_blank\" rel=\"noopener\">FARO Europe GmbH &amp; Co. KG<\/a>\r\n\r\nMehere Verfahren der Schadensrekonstruktion ergeben eine Wahrscheinlichkeit von 99,9%<img fetchpriority=\"high\" decoding=\"async\" class=\"size-full wp-image-13055 aligncenter\" src=\"https:\/\/unfallforensik.com\/kfz\/wp-content\/uploads\/2016\/02\/crash_simu1.png\" alt=\"crash_simu1\" width=\"296\" height=\"272\" \/>\r\n\r\n&nbsp;\r\n\r\n&nbsp;\r\n\r\n[\/vc_column_text][\/vc_column][\/vc_row][vc_row][vc_column width=&#8220;1\/3&#8243;][vc_video link=&#8220;httpss:\/\/www.youtube.com\/watch?v=4dHo8blskI8&#8243;][\/vc_column][vc_column width=&#8220;2\/3&#8243;][vc_column_text]\r\n<h4><em>Dank ausreichender Forschung und unz\u00e4hligen Crash-Test wissen wir genau, was passiert und wie es passiert. Wir m\u00fcssen nur die einzelnen Puzzleteile genausten aneinanderf\u00fcgen, um den Unfall zu rekonstruieren.<\/em><\/h4>\r\n<h4><em>M\u00f6glichkeiten der eigenen Interpretation sind nicht gegeben.<\/em><\/h4>\r\n[\/vc_column_text][\/vc_column][\/vc_row][vc_row][vc_column width=&#8220;2\/3&#8243;][vc_column_text]Moderne Macrofotografie erspart mikroskopische Untersuchungen. Die so digital erstellen Bilder lassen sich millimetergenau in modernen PC Programmen als 2D und 3D verarbeiten. Insbesondere haarfeine Spuren lassen sich vergr\u00f6\u00dfert analysieren und auswerten. Durch die Schnittstelle zu moderner PC-Rechentechnik lassen sich Unfallthesen genau beweisen.\r\n\r\n[\/vc_column_text][\/vc_column][vc_column width=&#8220;1\/3&#8243;][vc_single_image image=&#8220;13052&#8243; img_size=&#8220;full&#8220;][\/vc_column][\/vc_row][vc_row][vc_column width=&#8220;1\/3&#8243;][vc_single_image image=&#8220;13053&#8243; img_size=&#8220;full&#8220;][\/vc_column][vc_column width=&#8220;2\/3&#8243;][vc_column_text]<strong>Deformationanalyse mittels\u00a0ESI PAM-STAMP 2g<\/strong>\r\n\r\nMittels 3D Laser Scanner eingelesene Daten k\u00f6nnen im Programm simuliert und bez\u00fcglich ihres elasto-plastischen Verhaltens untersucht werden. So kann im Plausibilit\u00e4tsverfahren die Stimmigkeit der Verformung auch in Hinblick auf die ausf\u00fchrende Kraft der Deformation realistisch dargestellt werden, als auch die technische Krafteinwirkung hinsichtlich ihrer elasto-plastischen Wirkung. Bisherige Verfahren werden dadurch erheblich erleichtert, da durch\u00a0ESI PAM-STAMP 2g in kurzer Zeit schnelle und zuverl\u00e4ssige Ergebnisse erzielt werden.\r\n\r\nDamit k\u00f6nnen wir die Stimmigkeit des Deformationsk\u00f6rpers, die Auswirkung der Deformation und auch die Deformationsrichtung zweifelsfrei bestimmen. Zudem werden Schwachstellen simuliert, die durch die Deformation mit blo\u00dfem Auge nicht erkennbar w\u00e4ren.\r\n\r\n[\/vc_column_text][\/vc_column][\/vc_row][vc_row][vc_column width=&#8220;2\/3&#8243;][vc_column_text]Innerhalb einer Plausibilit\u00e4tspr\u00fcfung arbeiten wir mit ma\u00dfstabgetreuen Skizzierung, welches auf durchsichtigen Schablonen auf ein ma\u00dfstabgetreues Abbild von oben die Stra\u00dfengegebenheiten simuliert.\r\n\r\nSofern durch GoogleMaps keine Satellitenansichten vorhanden sind, k\u00f6nnen wir diese mittels Teleskopstativen fotografieren bzw. k\u00f6nnen Quadrocopter f\u00fcr Luftaufnahmen einsetzen.\r\n\r\n[\/vc_column_text][\/vc_column][vc_column width=&#8220;1\/3&#8243;][vc_single_image image=&#8220;13060&#8243; img_size=&#8220;full&#8220;][\/vc_column][\/vc_row]\t\t\t\t\t\t\t\t<\/div>\n\t\t\t\t<\/div>\n\t\t\t\t\t<\/div>\n\t\t<\/div>\n\t\t\t\t\t<\/div>\n\t\t<\/section>\n\t\t\t\t<section class=\"elementor-section elementor-top-section elementor-element elementor-element-f3ae1b5 elementor-section-boxed elementor-section-height-default elementor-section-height-default\" data-id=\"f3ae1b5\" data-element_type=\"section\" data-settings=\"{&quot;_ha_eqh_enable&quot;:false}\">\n\t\t\t\t\t\t<div class=\"elementor-container elementor-column-gap-default\">\n\t\t\t\t\t<div class=\"elementor-column elementor-col-100 elementor-top-column elementor-element elementor-element-e85d612\" data-id=\"e85d612\" data-element_type=\"column\">\n\t\t\t<div class=\"elementor-widget-wrap elementor-element-populated\">\n\t\t\t\t\t\t<div class=\"elementor-element elementor-element-625bf74 elementor-widget elementor-widget-text-editor\" data-id=\"625bf74\" data-element_type=\"widget\" data-widget_type=\"text-editor.default\">\n\t\t\t\t<div class=\"elementor-widget-container\">\n\t\t\t\t\t\t\t\t\t<p><a href=\"https:\/\/kfzsachverstand.de\/unfallanalyse-schafft-klarheit-nach-einem-unfall\/\" target=\"_blank\" rel=\"noopener\">Unfallanalyse schafft Klarheit nach einem Verkehrsunfall<\/a><\/p>\t\t\t\t\t\t\t\t<\/div>\n\t\t\t\t<\/div>\n\t\t\t\t\t<\/div>\n\t\t<\/div>\n\t\t\t\t\t<\/div>\n\t\t<\/section>\n\t\t\t\t<\/div>\n\t\t","protected":false},"excerpt":{"rendered":"<p>[vc_row][vc_column][vc_column_text] Unfallanalytisches Gutachten Synonymische Bezeichnungen: Verkehrsunfall Rekonstruktion, Rekonstruktion Verkehrsunfall, unfallanalytisches Gutachten Eine Unfallrekonstruktion ist ein unfallanalytisches Gutachten, das simulieren und rekonstruieren soll wie sich ein Verkehrsunfalls zugetragen hat. Bei einer Unfallrekonstruktion st\u00fctzen sich Gutachter auf sogenannte Ankn\u00fcpfungstatsachen. Hierzu k\u00f6nnen z\u00e4hlen die Beschaffenheit der Unfallfahrzeuge vor dem Unfall, das Schadensbild an den Unfallfahrzeugen, die Endstellung der&hellip;<\/p>\n","protected":false},"author":1,"featured_media":0,"parent":13030,"menu_order":2,"comment_status":"closed","ping_status":"closed","template":"","meta":{"footnotes":""},"class_list":["post-13038","page","type-page","status-publish","hentry"],"yoast_head":"<!-- This site is optimized with the Yoast SEO Premium plugin v24.9 (Yoast SEO v24.9) - https:\/\/yoast.com\/wordpress\/plugins\/seo\/ -->\n<title>Unfallanalytisches Gutachten - KFZ Gutachter Unfallforensik, unfallanalytisches Gutachten, Unfallanalyse, Sachverst\u00e4ndiger, Unfallrekonstruktion<\/title>\n<meta name=\"description\" content=\"unfallanalytisches gutachten kosten, unfallanalytisches gutachten tipps, gutachten unfallhergang,biomechanisches gutachten,unfallanalytisches gutachten verkehrsunfall, unfallanalytisches sachverst\u00e4ndigengutachten, unfallrekonstruktion\" \/>\n<meta name=\"robots\" content=\"index, follow, max-snippet:-1, max-image-preview:large, max-video-preview:-1\" \/>\n<link rel=\"canonical\" href=\"https:\/\/unfallforensik.com\/kfz\/leistungen\/unfallanalytisches-gutachten\/\" \/>\n<meta property=\"og:locale\" content=\"de_DE\" \/>\n<meta property=\"og:type\" content=\"article\" \/>\n<meta property=\"og:title\" content=\"Unfallanalytisches Gutachten\" \/>\n<meta property=\"og:description\" content=\"unfallanalytisches gutachten kosten, unfallanalytisches gutachten tipps, gutachten unfallhergang,biomechanisches gutachten,unfallanalytisches gutachten verkehrsunfall, unfallanalytisches sachverst\u00e4ndigengutachten, unfallrekonstruktion\" \/>\n<meta property=\"og:url\" content=\"https:\/\/unfallforensik.com\/kfz\/leistungen\/unfallanalytisches-gutachten\/\" \/>\n<meta property=\"og:site_name\" content=\"KFZ Gutachter Unfallforensik, unfallanalytisches Gutachten, Unfallanalyse, Sachverst\u00e4ndiger, Unfallrekonstruktion\" \/>\n<meta property=\"article:modified_time\" content=\"2023-11-20T09:32:19+00:00\" \/>\n<meta property=\"og:image\" content=\"https:\/\/unfallforensik.com\/kfz\/wp-content\/uploads\/2016\/02\/crash_simu1.png\" \/>\n<meta name=\"twitter:card\" content=\"summary_large_image\" \/>\n<meta name=\"twitter:label1\" content=\"Gesch\u00e4tzte Lesezeit\" \/>\n\t<meta name=\"twitter:data1\" content=\"4\u00a0Minuten\" \/>\n<script type=\"application\/ld+json\" class=\"yoast-schema-graph\">{\"@context\":\"https:\/\/schema.org\",\"@graph\":[{\"@type\":\"WebPage\",\"@id\":\"https:\/\/unfallforensik.com\/kfz\/leistungen\/unfallanalytisches-gutachten\/\",\"url\":\"https:\/\/unfallforensik.com\/kfz\/leistungen\/unfallanalytisches-gutachten\/\",\"name\":\"Unfallanalytisches Gutachten - KFZ Gutachter Unfallforensik, unfallanalytisches Gutachten, Unfallanalyse, Sachverst\u00e4ndiger, Unfallrekonstruktion\",\"isPartOf\":{\"@id\":\"https:\/\/unfallforensik.com\/kfz\/#website\"},\"primaryImageOfPage\":{\"@id\":\"https:\/\/unfallforensik.com\/kfz\/leistungen\/unfallanalytisches-gutachten\/#primaryimage\"},\"image\":{\"@id\":\"https:\/\/unfallforensik.com\/kfz\/leistungen\/unfallanalytisches-gutachten\/#primaryimage\"},\"thumbnailUrl\":\"https:\/\/unfallforensik.com\/kfz\/wp-content\/uploads\/2016\/02\/crash_simu1.png\",\"datePublished\":\"2016-02-21T10:13:49+00:00\",\"dateModified\":\"2023-11-20T09:32:19+00:00\",\"description\":\"unfallanalytisches gutachten kosten, unfallanalytisches gutachten tipps, gutachten unfallhergang,biomechanisches gutachten,unfallanalytisches gutachten verkehrsunfall, unfallanalytisches sachverst\u00e4ndigengutachten, unfallrekonstruktion\",\"breadcrumb\":{\"@id\":\"https:\/\/unfallforensik.com\/kfz\/leistungen\/unfallanalytisches-gutachten\/#breadcrumb\"},\"inLanguage\":\"de\",\"potentialAction\":[{\"@type\":\"ReadAction\",\"target\":[\"https:\/\/unfallforensik.com\/kfz\/leistungen\/unfallanalytisches-gutachten\/\"]}]},{\"@type\":\"ImageObject\",\"inLanguage\":\"de\",\"@id\":\"https:\/\/unfallforensik.com\/kfz\/leistungen\/unfallanalytisches-gutachten\/#primaryimage\",\"url\":\"https:\/\/unfallforensik.com\/kfz\/wp-content\/uploads\/2016\/02\/crash_simu1.png\",\"contentUrl\":\"https:\/\/unfallforensik.com\/kfz\/wp-content\/uploads\/2016\/02\/crash_simu1.png\",\"width\":296,\"height\":272,\"caption\":\"unfallforensik.com mehr: KFZ Gutachter Sachverst\u00e4ndige unfallanalytsches Gutachten nach Verkehrsunfall KFZ Unfallschaden Autounfall\"},{\"@type\":\"BreadcrumbList\",\"@id\":\"https:\/\/unfallforensik.com\/kfz\/leistungen\/unfallanalytisches-gutachten\/#breadcrumb\",\"itemListElement\":[{\"@type\":\"ListItem\",\"position\":1,\"name\":\"Home\",\"item\":\"https:\/\/unfallforensik.com\/kfz\/\"},{\"@type\":\"ListItem\",\"position\":2,\"name\":\"Leistungen\",\"item\":\"https:\/\/unfallforensik.com\/kfz\/leistungen\/\"},{\"@type\":\"ListItem\",\"position\":3,\"name\":\"Unfallanalytisches Gutachten\"}]},{\"@type\":\"WebSite\",\"@id\":\"https:\/\/unfallforensik.com\/kfz\/#website\",\"url\":\"https:\/\/unfallforensik.com\/kfz\/\",\"name\":\"KFZ Gutachter Unfallforensik, unfallanalytisches Gutachten, Unfallanalyse, Sachverst\u00e4ndiger, Unfallrekonstruktion\",\"description\":\"KFZ Gutachter,Unfallschaden,Unfallrekonstruktion,unfallanalytisches Verfahren\",\"publisher\":{\"@id\":\"https:\/\/unfallforensik.com\/kfz\/#organization\"},\"potentialAction\":[{\"@type\":\"SearchAction\",\"target\":{\"@type\":\"EntryPoint\",\"urlTemplate\":\"https:\/\/unfallforensik.com\/kfz\/?s={search_term_string}\"},\"query-input\":{\"@type\":\"PropertyValueSpecification\",\"valueRequired\":true,\"valueName\":\"search_term_string\"}}],\"inLanguage\":\"de\"},{\"@type\":\"Organization\",\"@id\":\"https:\/\/unfallforensik.com\/kfz\/#organization\",\"name\":\"KFZ Gutachter Unfallforensik, unfallanalytisches Gutachten, Unfallanalyse, Sachverst\u00e4ndiger, Unfallrekonstruktion\",\"url\":\"https:\/\/unfallforensik.com\/kfz\/\",\"logo\":{\"@type\":\"ImageObject\",\"inLanguage\":\"de\",\"@id\":\"https:\/\/unfallforensik.com\/kfz\/#\/schema\/logo\/image\/\",\"url\":\"https:\/\/unfallforensik.com\/kfz\/wp-content\/uploads\/2022\/05\/logo57.png\",\"contentUrl\":\"https:\/\/unfallforensik.com\/kfz\/wp-content\/uploads\/2022\/05\/logo57.png\",\"width\":57,\"height\":57,\"caption\":\"KFZ Gutachter Unfallforensik, unfallanalytisches Gutachten, Unfallanalyse, Sachverst\u00e4ndiger, Unfallrekonstruktion\"},\"image\":{\"@id\":\"https:\/\/unfallforensik.com\/kfz\/#\/schema\/logo\/image\/\"}}]}<\/script>\n<!-- \/ Yoast SEO Premium plugin. -->","yoast_head_json":{"title":"Unfallanalytisches Gutachten - KFZ Gutachter Unfallforensik, unfallanalytisches Gutachten, Unfallanalyse, Sachverst\u00e4ndiger, Unfallrekonstruktion","description":"unfallanalytisches gutachten kosten, unfallanalytisches gutachten tipps, gutachten unfallhergang,biomechanisches gutachten,unfallanalytisches gutachten verkehrsunfall, unfallanalytisches sachverst\u00e4ndigengutachten, unfallrekonstruktion","robots":{"index":"index","follow":"follow","max-snippet":"max-snippet:-1","max-image-preview":"max-image-preview:large","max-video-preview":"max-video-preview:-1"},"canonical":"https:\/\/unfallforensik.com\/kfz\/leistungen\/unfallanalytisches-gutachten\/","og_locale":"de_DE","og_type":"article","og_title":"Unfallanalytisches Gutachten","og_description":"unfallanalytisches gutachten kosten, unfallanalytisches gutachten tipps, gutachten unfallhergang,biomechanisches gutachten,unfallanalytisches gutachten verkehrsunfall, unfallanalytisches sachverst\u00e4ndigengutachten, unfallrekonstruktion","og_url":"https:\/\/unfallforensik.com\/kfz\/leistungen\/unfallanalytisches-gutachten\/","og_site_name":"KFZ Gutachter Unfallforensik, unfallanalytisches Gutachten, Unfallanalyse, Sachverst\u00e4ndiger, Unfallrekonstruktion","article_modified_time":"2023-11-20T09:32:19+00:00","og_image":[{"url":"https:\/\/unfallforensik.com\/kfz\/wp-content\/uploads\/2016\/02\/crash_simu1.png","type":"","width":"","height":""}],"twitter_card":"summary_large_image","twitter_misc":{"Gesch\u00e4tzte Lesezeit":"4\u00a0Minuten"},"schema":{"@context":"https:\/\/schema.org","@graph":[{"@type":"WebPage","@id":"https:\/\/unfallforensik.com\/kfz\/leistungen\/unfallanalytisches-gutachten\/","url":"https:\/\/unfallforensik.com\/kfz\/leistungen\/unfallanalytisches-gutachten\/","name":"Unfallanalytisches Gutachten - KFZ Gutachter Unfallforensik, unfallanalytisches Gutachten, Unfallanalyse, Sachverst\u00e4ndiger, Unfallrekonstruktion","isPartOf":{"@id":"https:\/\/unfallforensik.com\/kfz\/#website"},"primaryImageOfPage":{"@id":"https:\/\/unfallforensik.com\/kfz\/leistungen\/unfallanalytisches-gutachten\/#primaryimage"},"image":{"@id":"https:\/\/unfallforensik.com\/kfz\/leistungen\/unfallanalytisches-gutachten\/#primaryimage"},"thumbnailUrl":"https:\/\/unfallforensik.com\/kfz\/wp-content\/uploads\/2016\/02\/crash_simu1.png","datePublished":"2016-02-21T10:13:49+00:00","dateModified":"2023-11-20T09:32:19+00:00","description":"unfallanalytisches gutachten kosten, unfallanalytisches gutachten tipps, gutachten unfallhergang,biomechanisches gutachten,unfallanalytisches gutachten verkehrsunfall, unfallanalytisches sachverst\u00e4ndigengutachten, unfallrekonstruktion","breadcrumb":{"@id":"https:\/\/unfallforensik.com\/kfz\/leistungen\/unfallanalytisches-gutachten\/#breadcrumb"},"inLanguage":"de","potentialAction":[{"@type":"ReadAction","target":["https:\/\/unfallforensik.com\/kfz\/leistungen\/unfallanalytisches-gutachten\/"]}]},{"@type":"ImageObject","inLanguage":"de","@id":"https:\/\/unfallforensik.com\/kfz\/leistungen\/unfallanalytisches-gutachten\/#primaryimage","url":"https:\/\/unfallforensik.com\/kfz\/wp-content\/uploads\/2016\/02\/crash_simu1.png","contentUrl":"https:\/\/unfallforensik.com\/kfz\/wp-content\/uploads\/2016\/02\/crash_simu1.png","width":296,"height":272,"caption":"unfallforensik.com mehr: KFZ Gutachter Sachverst\u00e4ndige unfallanalytsches Gutachten nach Verkehrsunfall KFZ Unfallschaden Autounfall"},{"@type":"BreadcrumbList","@id":"https:\/\/unfallforensik.com\/kfz\/leistungen\/unfallanalytisches-gutachten\/#breadcrumb","itemListElement":[{"@type":"ListItem","position":1,"name":"Home","item":"https:\/\/unfallforensik.com\/kfz\/"},{"@type":"ListItem","position":2,"name":"Leistungen","item":"https:\/\/unfallforensik.com\/kfz\/leistungen\/"},{"@type":"ListItem","position":3,"name":"Unfallanalytisches Gutachten"}]},{"@type":"WebSite","@id":"https:\/\/unfallforensik.com\/kfz\/#website","url":"https:\/\/unfallforensik.com\/kfz\/","name":"KFZ Gutachter Unfallforensik, unfallanalytisches Gutachten, Unfallanalyse, Sachverst\u00e4ndiger, Unfallrekonstruktion","description":"KFZ Gutachter,Unfallschaden,Unfallrekonstruktion,unfallanalytisches Verfahren","publisher":{"@id":"https:\/\/unfallforensik.com\/kfz\/#organization"},"potentialAction":[{"@type":"SearchAction","target":{"@type":"EntryPoint","urlTemplate":"https:\/\/unfallforensik.com\/kfz\/?s={search_term_string}"},"query-input":{"@type":"PropertyValueSpecification","valueRequired":true,"valueName":"search_term_string"}}],"inLanguage":"de"},{"@type":"Organization","@id":"https:\/\/unfallforensik.com\/kfz\/#organization","name":"KFZ Gutachter Unfallforensik, unfallanalytisches Gutachten, Unfallanalyse, Sachverst\u00e4ndiger, Unfallrekonstruktion","url":"https:\/\/unfallforensik.com\/kfz\/","logo":{"@type":"ImageObject","inLanguage":"de","@id":"https:\/\/unfallforensik.com\/kfz\/#\/schema\/logo\/image\/","url":"https:\/\/unfallforensik.com\/kfz\/wp-content\/uploads\/2022\/05\/logo57.png","contentUrl":"https:\/\/unfallforensik.com\/kfz\/wp-content\/uploads\/2022\/05\/logo57.png","width":57,"height":57,"caption":"KFZ Gutachter Unfallforensik, unfallanalytisches Gutachten, Unfallanalyse, Sachverst\u00e4ndiger, Unfallrekonstruktion"},"image":{"@id":"https:\/\/unfallforensik.com\/kfz\/#\/schema\/logo\/image\/"}}]}},"_links":{"self":[{"href":"https:\/\/unfallforensik.com\/kfz\/wp-json\/wp\/v2\/pages\/13038","targetHints":{"allow":["GET"]}}],"collection":[{"href":"https:\/\/unfallforensik.com\/kfz\/wp-json\/wp\/v2\/pages"}],"about":[{"href":"https:\/\/unfallforensik.com\/kfz\/wp-json\/wp\/v2\/types\/page"}],"author":[{"embeddable":true,"href":"https:\/\/unfallforensik.com\/kfz\/wp-json\/wp\/v2\/users\/1"}],"replies":[{"embeddable":true,"href":"https:\/\/unfallforensik.com\/kfz\/wp-json\/wp\/v2\/comments?post=13038"}],"version-history":[{"count":4,"href":"https:\/\/unfallforensik.com\/kfz\/wp-json\/wp\/v2\/pages\/13038\/revisions"}],"predecessor-version":[{"id":17097,"href":"https:\/\/unfallforensik.com\/kfz\/wp-json\/wp\/v2\/pages\/13038\/revisions\/17097"}],"up":[{"embeddable":true,"href":"https:\/\/unfallforensik.com\/kfz\/wp-json\/wp\/v2\/pages\/13030"}],"wp:attachment":[{"href":"https:\/\/unfallforensik.com\/kfz\/wp-json\/wp\/v2\/media?parent=13038"}],"curies":[{"name":"wp","href":"https:\/\/api.w.org\/{rel}","templated":true}]}}