{"id":13030,"date":"2016-02-21T09:06:40","date_gmt":"2016-02-21T08:06:40","guid":{"rendered":"http:\/\/unfallforensik.com\/kfz\/?page_id=13030"},"modified":"2018-09-02T17:03:56","modified_gmt":"2018-09-02T15:03:56","slug":"leistungen","status":"publish","type":"page","link":"https:\/\/unfallforensik.com\/kfz\/leistungen\/","title":{"rendered":"Leistungen"},"content":{"rendered":"<h4>Unfallanalytisches Gutachten &#8211; Synonyme<\/h4>\n<p>Verkehrsunfall Rekonstruktion, Rekonstruktion Verkehrsunfall, unfallanalytisches Gutachten<\/p>\n<h4>Erkl\u00e4rung<\/h4>\n<p>Eine <strong>Unfallrekonstruktion<\/strong> ist ein unfallanalytisches Gutachten, das simulieren und rekonstruieren soll wie sich ein Verkehrsunfalls zugetragen hat.<\/p>\n<p>Bei einer <strong>Unfallrekonstruktion<\/strong> st\u00fctzen sich Gutachter auf sogenannte Ankn\u00fcpfungstatsachen. Hierzu k\u00f6nnen z\u00e4hlen<\/p>\n<ul>\n<li>die Beschaffenheit der Unfallfahrzeuge vor dem Unfall,<\/li>\n<li>das Schadensbild an den Unfallfahrzeugen,<\/li>\n<li>die Endstellung der Unfallfahrzeuge,<\/li>\n<li>die Unfallspuren am Unfallort oder z. B.<\/li>\n<li>die Unfallschilderung von Zeugen.<\/li>\n<\/ul>\n<p>Im Rahmen der <strong>Unfallrekonstruktion<\/strong> werden die Ankn\u00fcpfungstatsachen in ein Verh\u00e4ltnis zueinander gesetzt, sodass der Unfallverlauf gegebenenfalls mit einem Computerprogramm ganz oder teilweise simuliert werden kann.<\/p>\n<p>In unseren analytischen Gutachten rekonstruieren wir den Ablauf von Unfallereignissen und schaffen damit eine verl\u00e4ssliche Grundlage f\u00fcr juristische Entscheidungen \u2013 au\u00dfergerichtlich oder im Rahmen von Straf- oder Zivilprozessen. Haben Sie Fragen zu einem unfallanalytischen Gutachten? Dann kontaktieren Sie uns. Wir beraten Sie gerne.<\/p>\n<p class=\"toggle-content\">Gutachten zu Unf\u00e4llen, Schaden- &amp; Verkehrsabl\u00e4ufen<\/p>\n<p class=\"toggle-content\">Fahrzeugtechnische Gutachten nach Unfall oder Verkehrskontrolle<\/p>\n<p class=\"toggle-content\">Gutachten zur Bemerkbarkeit von Kleinkollisionen<\/p>\n<p class=\"toggle-content\">Plausibilit\u00e4tsgutachten bei Versicherungsf\u00e4llen<\/p>\n<p class=\"toggle-content\">Gutachten und Pr\u00e4vention f\u00fcr Ladungssicherung<\/p>\n<p class=\"toggle-content\">Gutachten zu Verletzungsursachen<\/p>\n<p class=\"toggle-content\">Gutachten zu fahrzeugtechnischen M\u00e4ngeln<\/p>\n<p class=\"toggle-content\">sowie weitere spezielle Gutachten<\/p>\n<p>&nbsp;<\/p>\n","protected":false},"excerpt":{"rendered":"<p>Unfallanalytisches Gutachten &#8211; Synonyme Verkehrsunfall Rekonstruktion, Rekonstruktion Verkehrsunfall, unfallanalytisches Gutachten Erkl\u00e4rung Eine Unfallrekonstruktion ist ein unfallanalytisches Gutachten, das simulieren und rekonstruieren soll wie sich ein Verkehrsunfalls zugetragen hat. Bei einer Unfallrekonstruktion st\u00fctzen sich Gutachter auf sogenannte Ankn\u00fcpfungstatsachen. Hierzu k\u00f6nnen z\u00e4hlen die Beschaffenheit der Unfallfahrzeuge vor dem Unfall, das Schadensbild an den Unfallfahrzeugen, die Endstellung der&hellip;<\/p>\n","protected":false},"author":1,"featured_media":0,"parent":0,"menu_order":0,"comment_status":"closed","ping_status":"closed","template":"","meta":{"footnotes":""},"class_list":["post-13030","page","type-page","status-publish","hentry","description-off"],"yoast_head":"<!-- This site is optimized with the Yoast SEO Premium plugin v24.9 (Yoast SEO v24.9) - https:\/\/yoast.com\/wordpress\/plugins\/seo\/ -->\n<title>Leistungen - KFZ Gutachter Unfallforensik, unfallanalytisches Gutachten, Unfallanalyse, Sachverst\u00e4ndiger, Unfallrekonstruktion<\/title>\n<meta name=\"robots\" content=\"index, follow, max-snippet:-1, max-image-preview:large, max-video-preview:-1\" \/>\n<link rel=\"canonical\" href=\"https:\/\/unfallforensik.com\/kfz\/leistungen\/\" \/>\n<meta property=\"og:locale\" content=\"de_DE\" \/>\n<meta property=\"og:type\" content=\"article\" \/>\n<meta property=\"og:title\" content=\"Leistungen\" \/>\n<meta property=\"og:description\" content=\"Unfallanalytisches Gutachten &#8211; Synonyme Verkehrsunfall Rekonstruktion, Rekonstruktion Verkehrsunfall, unfallanalytisches Gutachten Erkl\u00e4rung Eine Unfallrekonstruktion ist ein unfallanalytisches Gutachten, das simulieren und rekonstruieren soll wie sich ein Verkehrsunfalls zugetragen hat. Bei einer Unfallrekonstruktion st\u00fctzen sich Gutachter auf sogenannte Ankn\u00fcpfungstatsachen. Hierzu k\u00f6nnen z\u00e4hlen die Beschaffenheit der Unfallfahrzeuge vor dem Unfall, das Schadensbild an den Unfallfahrzeugen, die Endstellung der&hellip;\" \/>\n<meta property=\"og:url\" content=\"https:\/\/unfallforensik.com\/kfz\/leistungen\/\" \/>\n<meta property=\"og:site_name\" content=\"KFZ Gutachter Unfallforensik, unfallanalytisches Gutachten, Unfallanalyse, Sachverst\u00e4ndiger, Unfallrekonstruktion\" \/>\n<meta property=\"article:modified_time\" content=\"2018-09-02T15:03:56+00:00\" \/>\n<meta name=\"twitter:card\" content=\"summary_large_image\" \/>\n<meta name=\"twitter:label1\" content=\"Gesch\u00e4tzte Lesezeit\" \/>\n\t<meta name=\"twitter:data1\" content=\"1\u00a0Minute\" \/>\n<script type=\"application\/ld+json\" class=\"yoast-schema-graph\">{\"@context\":\"https:\/\/schema.org\",\"@graph\":[{\"@type\":\"WebPage\",\"@id\":\"https:\/\/unfallforensik.com\/kfz\/leistungen\/\",\"url\":\"https:\/\/unfallforensik.com\/kfz\/leistungen\/\",\"name\":\"Leistungen - KFZ Gutachter Unfallforensik, unfallanalytisches Gutachten, Unfallanalyse, Sachverst\u00e4ndiger, Unfallrekonstruktion\",\"isPartOf\":{\"@id\":\"https:\/\/unfallforensik.com\/kfz\/#website\"},\"datePublished\":\"2016-02-21T08:06:40+00:00\",\"dateModified\":\"2018-09-02T15:03:56+00:00\",\"breadcrumb\":{\"@id\":\"https:\/\/unfallforensik.com\/kfz\/leistungen\/#breadcrumb\"},\"inLanguage\":\"de\",\"potentialAction\":[{\"@type\":\"ReadAction\",\"target\":[\"https:\/\/unfallforensik.com\/kfz\/leistungen\/\"]}]},{\"@type\":\"BreadcrumbList\",\"@id\":\"https:\/\/unfallforensik.com\/kfz\/leistungen\/#breadcrumb\",\"itemListElement\":[{\"@type\":\"ListItem\",\"position\":1,\"name\":\"Home\",\"item\":\"https:\/\/unfallforensik.com\/kfz\/\"},{\"@type\":\"ListItem\",\"position\":2,\"name\":\"Leistungen\"}]},{\"@type\":\"WebSite\",\"@id\":\"https:\/\/unfallforensik.com\/kfz\/#website\",\"url\":\"https:\/\/unfallforensik.com\/kfz\/\",\"name\":\"KFZ Gutachter Unfallforensik, unfallanalytisches Gutachten, Unfallanalyse, Sachverst\u00e4ndiger, Unfallrekonstruktion\",\"description\":\"KFZ Gutachter,Unfallschaden,Unfallrekonstruktion,unfallanalytisches Verfahren\",\"publisher\":{\"@id\":\"https:\/\/unfallforensik.com\/kfz\/#organization\"},\"potentialAction\":[{\"@type\":\"SearchAction\",\"target\":{\"@type\":\"EntryPoint\",\"urlTemplate\":\"https:\/\/unfallforensik.com\/kfz\/?s={search_term_string}\"},\"query-input\":{\"@type\":\"PropertyValueSpecification\",\"valueRequired\":true,\"valueName\":\"search_term_string\"}}],\"inLanguage\":\"de\"},{\"@type\":\"Organization\",\"@id\":\"https:\/\/unfallforensik.com\/kfz\/#organization\",\"name\":\"KFZ Gutachter Unfallforensik, unfallanalytisches Gutachten, Unfallanalyse, Sachverst\u00e4ndiger, Unfallrekonstruktion\",\"url\":\"https:\/\/unfallforensik.com\/kfz\/\",\"logo\":{\"@type\":\"ImageObject\",\"inLanguage\":\"de\",\"@id\":\"https:\/\/unfallforensik.com\/kfz\/#\/schema\/logo\/image\/\",\"url\":\"https:\/\/unfallforensik.com\/kfz\/wp-content\/uploads\/2022\/05\/logo57.png\",\"contentUrl\":\"https:\/\/unfallforensik.com\/kfz\/wp-content\/uploads\/2022\/05\/logo57.png\",\"width\":57,\"height\":57,\"caption\":\"KFZ Gutachter Unfallforensik, unfallanalytisches Gutachten, Unfallanalyse, Sachverst\u00e4ndiger, Unfallrekonstruktion\"},\"image\":{\"@id\":\"https:\/\/unfallforensik.com\/kfz\/#\/schema\/logo\/image\/\"}}]}<\/script>\n<!-- \/ Yoast SEO Premium plugin. -->","yoast_head_json":{"title":"Leistungen - KFZ Gutachter Unfallforensik, unfallanalytisches Gutachten, Unfallanalyse, Sachverst\u00e4ndiger, Unfallrekonstruktion","robots":{"index":"index","follow":"follow","max-snippet":"max-snippet:-1","max-image-preview":"max-image-preview:large","max-video-preview":"max-video-preview:-1"},"canonical":"https:\/\/unfallforensik.com\/kfz\/leistungen\/","og_locale":"de_DE","og_type":"article","og_title":"Leistungen","og_description":"Unfallanalytisches Gutachten &#8211; Synonyme Verkehrsunfall Rekonstruktion, Rekonstruktion Verkehrsunfall, unfallanalytisches Gutachten Erkl\u00e4rung Eine Unfallrekonstruktion ist ein unfallanalytisches Gutachten, das simulieren und rekonstruieren soll wie sich ein Verkehrsunfalls zugetragen hat. Bei einer Unfallrekonstruktion st\u00fctzen sich Gutachter auf sogenannte Ankn\u00fcpfungstatsachen. Hierzu k\u00f6nnen z\u00e4hlen die Beschaffenheit der Unfallfahrzeuge vor dem Unfall, das Schadensbild an den Unfallfahrzeugen, die Endstellung der&hellip;","og_url":"https:\/\/unfallforensik.com\/kfz\/leistungen\/","og_site_name":"KFZ Gutachter Unfallforensik, unfallanalytisches Gutachten, Unfallanalyse, Sachverst\u00e4ndiger, Unfallrekonstruktion","article_modified_time":"2018-09-02T15:03:56+00:00","twitter_card":"summary_large_image","twitter_misc":{"Gesch\u00e4tzte Lesezeit":"1\u00a0Minute"},"schema":{"@context":"https:\/\/schema.org","@graph":[{"@type":"WebPage","@id":"https:\/\/unfallforensik.com\/kfz\/leistungen\/","url":"https:\/\/unfallforensik.com\/kfz\/leistungen\/","name":"Leistungen - KFZ Gutachter Unfallforensik, unfallanalytisches Gutachten, Unfallanalyse, Sachverst\u00e4ndiger, Unfallrekonstruktion","isPartOf":{"@id":"https:\/\/unfallforensik.com\/kfz\/#website"},"datePublished":"2016-02-21T08:06:40+00:00","dateModified":"2018-09-02T15:03:56+00:00","breadcrumb":{"@id":"https:\/\/unfallforensik.com\/kfz\/leistungen\/#breadcrumb"},"inLanguage":"de","potentialAction":[{"@type":"ReadAction","target":["https:\/\/unfallforensik.com\/kfz\/leistungen\/"]}]},{"@type":"BreadcrumbList","@id":"https:\/\/unfallforensik.com\/kfz\/leistungen\/#breadcrumb","itemListElement":[{"@type":"ListItem","position":1,"name":"Home","item":"https:\/\/unfallforensik.com\/kfz\/"},{"@type":"ListItem","position":2,"name":"Leistungen"}]},{"@type":"WebSite","@id":"https:\/\/unfallforensik.com\/kfz\/#website","url":"https:\/\/unfallforensik.com\/kfz\/","name":"KFZ Gutachter Unfallforensik, unfallanalytisches Gutachten, Unfallanalyse, Sachverst\u00e4ndiger, Unfallrekonstruktion","description":"KFZ Gutachter,Unfallschaden,Unfallrekonstruktion,unfallanalytisches Verfahren","publisher":{"@id":"https:\/\/unfallforensik.com\/kfz\/#organization"},"potentialAction":[{"@type":"SearchAction","target":{"@type":"EntryPoint","urlTemplate":"https:\/\/unfallforensik.com\/kfz\/?s={search_term_string}"},"query-input":{"@type":"PropertyValueSpecification","valueRequired":true,"valueName":"search_term_string"}}],"inLanguage":"de"},{"@type":"Organization","@id":"https:\/\/unfallforensik.com\/kfz\/#organization","name":"KFZ Gutachter Unfallforensik, unfallanalytisches Gutachten, Unfallanalyse, Sachverst\u00e4ndiger, Unfallrekonstruktion","url":"https:\/\/unfallforensik.com\/kfz\/","logo":{"@type":"ImageObject","inLanguage":"de","@id":"https:\/\/unfallforensik.com\/kfz\/#\/schema\/logo\/image\/","url":"https:\/\/unfallforensik.com\/kfz\/wp-content\/uploads\/2022\/05\/logo57.png","contentUrl":"https:\/\/unfallforensik.com\/kfz\/wp-content\/uploads\/2022\/05\/logo57.png","width":57,"height":57,"caption":"KFZ Gutachter Unfallforensik, unfallanalytisches Gutachten, Unfallanalyse, Sachverst\u00e4ndiger, Unfallrekonstruktion"},"image":{"@id":"https:\/\/unfallforensik.com\/kfz\/#\/schema\/logo\/image\/"}}]}},"_links":{"self":[{"href":"https:\/\/unfallforensik.com\/kfz\/wp-json\/wp\/v2\/pages\/13030","targetHints":{"allow":["GET"]}}],"collection":[{"href":"https:\/\/unfallforensik.com\/kfz\/wp-json\/wp\/v2\/pages"}],"about":[{"href":"https:\/\/unfallforensik.com\/kfz\/wp-json\/wp\/v2\/types\/page"}],"author":[{"embeddable":true,"href":"https:\/\/unfallforensik.com\/kfz\/wp-json\/wp\/v2\/users\/1"}],"replies":[{"embeddable":true,"href":"https:\/\/unfallforensik.com\/kfz\/wp-json\/wp\/v2\/comments?post=13030"}],"version-history":[{"count":0,"href":"https:\/\/unfallforensik.com\/kfz\/wp-json\/wp\/v2\/pages\/13030\/revisions"}],"wp:attachment":[{"href":"https:\/\/unfallforensik.com\/kfz\/wp-json\/wp\/v2\/media?parent=13030"}],"curies":[{"name":"wp","href":"https:\/\/api.w.org\/{rel}","templated":true}]}}