{"id":13024,"date":"2016-02-21T08:18:26","date_gmt":"2016-02-21T07:18:26","guid":{"rendered":"http:\/\/unfallforensik.com\/kfz\/?page_id=13024"},"modified":"2023-11-02T11:19:58","modified_gmt":"2023-11-02T10:19:58","slug":"unfallanalytik","status":"publish","type":"page","link":"https:\/\/unfallforensik.com\/kfz\/unfallanalytik\/","title":{"rendered":"Unfallanalytik"},"content":{"rendered":"\t\t<div data-elementor-type=\"wp-page\" data-elementor-id=\"13024\" class=\"elementor elementor-13024\" data-elementor-settings=\"{&quot;ha_cmc_init_switcher&quot;:&quot;no&quot;}\" data-elementor-post-type=\"page\">\n\t\t\t\t\t\t<section class=\"elementor-section elementor-top-section elementor-element elementor-element-3c0e443 elementor-section-boxed elementor-section-height-default elementor-section-height-default\" data-id=\"3c0e443\" data-element_type=\"section\" data-settings=\"{&quot;_ha_eqh_enable&quot;:false}\">\n\t\t\t\t\t\t<div class=\"elementor-container elementor-column-gap-default\">\n\t\t\t\t\t<div class=\"elementor-column elementor-col-100 elementor-top-column elementor-element elementor-element-3ae0700\" data-id=\"3ae0700\" data-element_type=\"column\">\n\t\t\t<div class=\"elementor-widget-wrap elementor-element-populated\">\n\t\t\t\t\t\t<div class=\"elementor-element elementor-element-b9341b4 elementor-widget elementor-widget-text-editor\" data-id=\"b9341b4\" data-element_type=\"widget\" data-widget_type=\"text-editor.default\">\n\t\t\t\t<div class=\"elementor-widget-container\">\n\t\t\t\t\t\t\t\t\t<h4>Einf\u00fchrung in die Unfallrekonstruktion<\/h4><p>Die Unfallrekonstruktion ist ein wissenschaftlicher Prozess, bei dem Beweise analysiert und interpretiert werden, um die Ursache und den Ablauf der Ereignisse zu bestimmen, die zu einem Unfall gef\u00fchrt haben. Bei diesem Prozess werden in der Regel physische Beweise wie Reifenspuren, Fahrzeugsch\u00e4den und Zeugenaussagen gesammelt und anhand dieser Informationen eine detaillierte Rekonstruktion des Unfallorts erstellt. Das Ziel der Unfallrekonstruktion besteht darin, ein klares Verst\u00e4ndnis \u00fcber den Unfallhergang zu liefern, das als Grundlage f\u00fcr Gerichtsverfahren und Versicherungsanspr\u00fcche dienen kann.<\/p><p>Die Unfallrekonstruktion ist ein wesentlicher Bestandteil vieler Gerichtsverfahren, insbesondere wenn es um Personen- oder Sachsch\u00e4den geht. Im Strafverfahren k\u00f6nnen auf der Unfallrekonstruktion basierende Gutachten zur Verschuldens- und Haftungsfeststellung herangezogen werden. Die Anforderungen an ein Sachverst\u00e4ndigengutachten k\u00f6nnen jedoch zwischen Zivil- und Strafverfahren unterschiedlich sein, weshalb es f\u00fcr Anw\u00e4lte von entscheidender Bedeutung ist, die Nuancen beider Verfahren zu verstehen. Die Beweisentscheidung ist in diesen F\u00e4llen ebenfalls von gr\u00f6\u00dfter Bedeutung, da sie die Richtung der Analyse des Sachverst\u00e4ndigen und die zu behandelnden Beweisfragen bestimmt.<\/p><p>Der Prozess der Unfallrekonstruktion umfasst mehrere wichtige Schritte, darunter das Sammeln von Beweisen, die Analyse der Daten und die Erstellung eines detaillierten Berichts. Dieser Bericht kann als Grundlage f\u00fcr weitere rechtliche Schritte, Versicherungsanspr\u00fcche oder Sicherheitsverbesserungen verwendet werden. Mithilfe der technischen Unfallanalyse wird der m\u00f6gliche Ablauf eines Ereignisses auf der Grundlage objektiver Daten und verl\u00e4sslicher Informationen rekonstruiert. W\u00e4hrend die Unfallrekonstruktion in der Regel von erfahrenen Unfallgutachtern durchgef\u00fchrt wird, ist es f\u00fcr Anw\u00e4lte und Versicherungsfachleute wichtig, den Prozess und seine m\u00f6glichen Auswirkungen auf Gerichtsverfahren zu verstehen. Letztendlich besteht das Ziel der Unfallrekonstruktion darin, ein klares und genaues Verst\u00e4ndnis des Unfallhergangs zu liefern, das zur Vermeidung zuk\u00fcnftiger Unf\u00e4lle und zur Gew\u00e4hrleistung der Gerechtigkeit genutzt werden kann.<\/p><h4>Techniken und Werkzeuge zur Unfallrekonstruktion<\/h4><p>Forensische Kartierungs- und Vermessungstechniken werden h\u00e4ufig bei der Unfallrekonstruktion eingesetzt, um genaue 2D- und 3D-Modelle der Unfallstelle zu erstellen Diese Techniken erfordern den Einsatz spezieller Ger\u00e4te wie Totalstationen und Laserscanner, um pr\u00e4zise Messungen und Daten zu erfassen. Die gesammelten Daten werden dann verwendet, um detaillierte Diagramme und Modelle des Unfallorts zu erstellen, die den Ermittlern helfen k\u00f6nnen, den Ablauf der Ereignisse im Vorfeld des Unfalls besser zu verstehen. Die Incident Mapping Suite von Leica Geosystems, zu der Software wie Leica Map360 geh\u00f6rt, ist ein h\u00e4ufig verwendetes Tool f\u00fcr die forensische Kartierung und Vermessung. Mit diesen Tools k\u00f6nnen Ermittler genaue und vollst\u00e4ndige 3D-Modelle oder 2D-Diagramme von Unf\u00e4llen erstellen, die zur Identifizierung m\u00f6glicher Ursachen und beitragender Faktoren verwendet werden k\u00f6nnen.<\/p><p>Computersimulation und Modellierung sind ebenfalls wichtige Werkzeuge bei der Unfallrekonstruktion. Durch den Einsatz spezieller Software k\u00f6nnen Ermittler virtuelle Simulationen des Unfalls erstellen, die ihnen helfen k\u00f6nnen, die beteiligten Physiker und Mechaniken besser zu verstehen. Mithilfe von Computermodellen k\u00f6nnen auch verschiedene Szenarien und Variablen getestet werden, sodass Ermittler die wahrscheinlichste Unfallursache ermitteln k\u00f6nnen. Die Simulationsergebnisse k\u00f6nnen mit den Unfallrekonstruktionsdaten verglichen werden, um die Genauigkeit des Modells zu validieren. Das Simulationsprogramm PC-Crash ist ein vielseitiges Werkzeug zur Unfallrekonstruktion. Dieses Tool kann verschiedene Szenarien simulieren, darunter Fahrzeugkollisionen, \u00dcberschl\u00e4ge und Fu\u00dfg\u00e4ngeraufprall.<\/p><p>Die Analyse physischer Beweise und die Datenerfassung sind ein entscheidender Bestandteil der Unfallrekonstruktion. Physische Beweise wie Bremsspuren, Fahrzeugsch\u00e4den, Tr\u00fcmmer und Stra\u00dfenverh\u00e4ltnisse k\u00f6nnen wertvolle Informationen \u00fcber den Unfall liefern. Anhand dieser Erkenntnisse k\u00f6nnen Ermittler die Geschwindigkeit und Richtung der am Unfall beteiligten Fahrzeuge sowie den Aufprallort ermitteln. Die Datenerfassung kann auch den Einsatz fortschrittlicher Technologien wie Drohnen umfassen, um Luftaufnahmen und Bilder des Unfallorts zu erfassen. Dar\u00fcber hinaus k\u00f6nnen mithilfe der IT-Forensik digitale Daten, beispielsweise Daten von Flugschreibern oder GPS-Systemen, analysiert werden, um Erkenntnisse \u00fcber die Ereignisse zu gewinnen, die zum Unfall gef\u00fchrt haben. Durch die Analyse physischer Beweise und Daten k\u00f6nnen Ermittler die Ereignisse, die zum Unfall gef\u00fchrt haben, rekonstruieren und die Ursache ermitteln.<\/p><h4>Anwendungen der Unfallrekonstruktion<\/h4><p>Die Unfallrekonstruktion ist ein entscheidender Prozess, der dabei hilft, die Ursache und Haftung bei Fahrzeugunf\u00e4llen zu ermitteln. Durch die Analyse physischer Beweise, Zeugenaussagen und anderer relevanter Daten k\u00f6nnen Experten f\u00fcr Unfallrekonstruktion die Ereignisse zusammenfassen, die zu einem Unfall gef\u00fchrt haben, und die Faktoren identifizieren, die dazu beigetragen haben. Diese Informationen k\u00f6nnen zur Feststellung von Verschulden und Haftung verwendet werden, was bei Gerichtsverfahren und Versicherungsanspr\u00fcchen von wesentlicher Bedeutung ist. Die Unfallrekonstruktion kann auch dazu beitragen, \u00e4hnliche Unf\u00e4lle in Zukunft zu verhindern, indem sie Bereiche identifiziert, in denen Verbesserungen bei der Stra\u00dfengestaltung, der Verkehrskontrolle und den Fahrzeugsicherheitsma\u00dfnahmen m\u00f6glich sind.<\/p><p>Die Identifizierung von Sicherheitsrisiken und die Verbesserung von Sicherheitsma\u00dfnahmen ist eine weitere wichtige Anwendung der Unfallrekonstruktion. Durch die Analyse der Umst\u00e4nde eines Unfalls k\u00f6nnen Experten f\u00fcr Unfallrekonstruktion wiederkehrende Faktoren identifizieren, die zu Unf\u00e4llen beitragen, wie beispielsweise schlechte Stra\u00dfenverh\u00e4ltnisse, unzureichende Beschilderung oder fehlerhafte Fahrzeugkomponenten. Diese Informationen k\u00f6nnen genutzt werden, um gezielte Sicherheitsma\u00dfnahmen zu entwickeln, die diese Gefahren angehen und die allgemeine Sicherheit auf den Stra\u00dfen verbessern. Mithilfe der Unfallrekonstruktion k\u00f6nnen auch menschliche Faktoren identifiziert werden, die zu Unf\u00e4llen beitragen, beispielsweise Ablenkung oder Fahrst\u00f6rungen, und Strategien zur Bew\u00e4ltigung dieser Probleme entwickelt werden.<\/p><p>Die Unfallrekonstruktion liefert wertvolle Beweise und Expertenaussagen in Gerichtsverfahren. Im Falle einer Klage oder eines Versicherungsanspruchs im Zusammenhang mit einem Fahrzeugunfall k\u00f6nnen Unfallrekonstruktionsexperten detaillierte Berichte und Zeugenaussagen vorlegen, die den Ablauf der zum Unfall f\u00fchrenden Ereignisse erl\u00e4utern, beitragende Faktoren identifizieren und Schuld und Haftung bestimmen. Diese Informationen k\u00f6nnen zur Untermauerung rechtlicher Argumente genutzt werden und dazu beitragen, dass die verantwortlichen Parteien f\u00fcr ihre Handlungen zur Rechenschaft gezogen werden. Experten f\u00fcr Unfallrekonstruktion k\u00f6nnen auch hinzugezogen werden, um vor Gericht Sachverst\u00e4ndigengutachten abzugeben, die Richtern und Geschworenen dabei helfen, komplexe technische Informationen zu verstehen und fundierte Entscheidungen zu treffen. Durch die Bereitstellung einer klaren und unvoreingenommenen Darstellung des Unfalls kann die Unfallrekonstruktion dazu beitragen, dass der Gerechtigkeit Gen\u00fcge getan wird und die Opfer die Entsch\u00e4digung erhalten, die ihnen zusteht.<\/p>\t\t\t\t\t\t\t\t<\/div>\n\t\t\t\t<\/div>\n\t\t\t\t\t<\/div>\n\t\t<\/div>\n\t\t\t\t\t<\/div>\n\t\t<\/section>\n\t\t\t\t<section class=\"elementor-section elementor-top-section elementor-element elementor-element-27dce742 elementor-section-boxed elementor-section-height-default elementor-section-height-default\" data-id=\"27dce742\" data-element_type=\"section\" data-settings=\"{&quot;_ha_eqh_enable&quot;:false}\">\n\t\t\t\t\t\t<div class=\"elementor-container elementor-column-gap-default\">\n\t\t\t\t\t<div class=\"elementor-column elementor-col-100 elementor-top-column elementor-element elementor-element-5a2f3038\" data-id=\"5a2f3038\" data-element_type=\"column\">\n\t\t\t<div class=\"elementor-widget-wrap elementor-element-populated\">\n\t\t\t\t\t\t<div class=\"elementor-element elementor-element-2ed6276a elementor-widget elementor-widget-text-editor\" data-id=\"2ed6276a\" data-element_type=\"widget\" data-widget_type=\"text-editor.default\">\n\t\t\t\t<div class=\"elementor-widget-container\">\n\t\t\t\t\t\t\t\t\t[vc_row][vc_column][vc_video link=&#8220;https:\/\/www.youtube.com\/watch?v=vf9D2wokWm4&#8243;][vc_column_text]\r\n<div class=\"brs_col\">\r\n<p class=\"_e4b\"><span style=\"color: #999999;\"><a href=\"https:\/\/unfallforensik.com\/kfz\/kosten-unfallanalytisches-gutachten\/\">unfallanalytisches gutachten kosten<\/a>,\u00a0<a href=\"https:\/\/unfallforensik.com\/kfz\/unfallrekonstruktionsgutachten\/\">unfallanalytisches gutachten tipps<\/a>,\u00a0<a href=\"https:\/\/unfallforensik.com\/kfz\/kollisionsanalyse\/\">gutachten unfallhergang<\/a>,biomechanisches gutachten,<a href=\"https:\/\/unfallforensik.com\/kfz\/unfallanalyse-verkehrsunfall\/\">unfallanalytisches gutachten verkehrsunfall<\/a>,\u00a0<a href=\"https:\/\/unfallforensik.com\/kfz\/unfallanalytisches-gutachten-falsch\/\">unfallanalytisches sachverst\u00e4ndigengutachten<\/a>,\u00a0<a href=\"https:\/\/unfallforensik.com\/kfz\/unfallrekonstruktion\/\">unfallrekonstruktion<\/a><\/span><\/p>\r\n\r\n<\/div>\r\n<h4>Unfallanalytisches Gutachten &#8211; Synonyme<\/h4>\r\nVerkehrsunfall Rekonstruktion, Rekonstruktion Verkehrsunfall, unfallanalytisches Gutachten, verkehrsanalytisches Gutachten\r\n<h4>Erkl\u00e4rung<\/h4>\r\nEine <strong>Unfallrekonstruktion<\/strong> ist ein unfallanalytisches Gutachten, das simulieren und rekonstruieren soll wie sich ein Verkehrsunfalls zugetragen hat.\r\n\r\nBei einer <strong>Unfallrekonstruktion<\/strong> st\u00fctzen sich Gutachter auf sogenannte Ankn\u00fcpfungstatsachen. Hierzu k\u00f6nnen z\u00e4hlen\r\n<ul>\r\n \t<li>die Beschaffenheit der Unfallfahrzeuge vor dem Unfall,<\/li>\r\n \t<li>das Schadensbild an den Unfallfahrzeugen,<\/li>\r\n \t<li>die Endstellung der Unfallfahrzeuge,<\/li>\r\n \t<li>die Unfallspuren am Unfallort oder z. B.<\/li>\r\n \t<li>die Unfallschilderung von Zeugen.<\/li>\r\n<\/ul>\r\nIm Rahmen der <strong>Unfallrekonstruktion<\/strong> werden die Ankn\u00fcpfungstatsachen in ein Verh\u00e4ltnis zueinander gesetzt, sodass der Unfallverlauf gegebenenfalls mit einem Computerprogramm ganz oder teilweise simuliert werden kann.\r\n\r\nIn unseren analytischen Gutachten rekonstruieren wir den Ablauf von Unfallereignissen und schaffen damit eine verl\u00e4ssliche Grundlage f\u00fcr juristische Entscheidungen \u2013 au\u00dfergerichtlich oder im Rahmen von Straf- oder Zivilprozessen. Haben Sie Fragen zu einem unfallanalytischen Gutachten? Dann kontaktieren Sie uns. Wir beraten Sie gerne.\r\n<p class=\"toggle-content\">Gutachten zu Unf\u00e4llen, Schaden- &amp; Verkehrsabl\u00e4ufen<\/p>\r\n<p class=\"toggle-content\">Fahrzeugtechnische Gutachten nach Unfall oder Verkehrskontrolle<\/p>\r\n<p class=\"toggle-content\">Gutachten zur Bemerkbarkeit von Kleinkollisionen<\/p>\r\n<p class=\"toggle-content\">Plausibilit\u00e4tsgutachten bei Versicherungsf\u00e4llen<\/p>\r\n<p class=\"toggle-content\">Gutachten und Pr\u00e4vention f\u00fcr Ladungssicherung<\/p>\r\n<p class=\"toggle-content\">Gutachten zu Verletzungsursachen<\/p>\r\n<p class=\"toggle-content\">Gutachten zu fahrzeugtechnischen M\u00e4ngeln<\/p>\r\n<p class=\"toggle-content\">sowie weitere spezielle Gutachten<\/p>\r\n&nbsp;\r\n\r\n<header id=\"page-heading\">\r\n<h1>Technische Unfallanalyse<\/h1>\r\n<\/header><article class=\"post clearfix\">\r\n<div class=\"entry clearfix\">\r\n\r\nOftmals k\u00f6nnen die Geschehnisse kurz vor und w\u00e4hrend einer Kollision von Beteiligten und\/ oder Zeugen im Nachhinein nur l\u00fcckenhaft wiedergegeben werden. Teilweise widersprechen sich die Aussagen der Beteiligten und Zeugen sogar oder es liegen keine verwendbaren Aussagen vor. Mit Hilfe einer technischen Unfallanalyse rekonstruieren wir den Unfallablauf anhand der objektiven Ankn\u00fcpfungspunkte. Wurden Beteiligte verletzt, so dient die technische Unfallanalyse mit den Ermittlungen der Insassenbelastungen oft als Grundlage f\u00fcr die biomechanische Beurteilung.\r\n\r\nJe nach juristischer Fragestellung k\u00f6nnen folgende technische Informationen rekonstruiert werden:\r\n<ul>\r\n \t<li>Geschwindigkeiten<\/li>\r\n \t<li>kollisionsbedingte Fahrzeugbelastungen<\/li>\r\n \t<li>Fahrverl\u00e4ufe (Anfahr-, Abbiege- und \u00dcberholman\u00f6ver)<\/li>\r\n \t<li>Weg-Zeit-Abl\u00e4ufe<\/li>\r\n \t<li>Vermeidbarkeitsbetrachtungen<\/li>\r\n \t<li>Fahrdynamik von Fahrzeugen<\/li>\r\n \t<li>Analyse von Unf\u00e4llen mit Fussg\u00e4ngern und mit Zweiradfahrern<\/li>\r\n \t<li>Erstellung eines massst\u00e4blichen Unfallplans mittels Polizeifotos<\/li>\r\n \t<li>Spezialgutachten (z.B. Fragen zu Sicherheitsgurten, \u00dcberpr\u00fcfung der Schadenkompatibilit\u00e4t, Durchf\u00fchrung von Nachfahrversuchen)<\/li>\r\n<\/ul>\r\n<h3>Ben\u00f6tigte Unterlagen<\/h3>\r\nDie Rekonstruktion des Unfallablaufes erfolgt anhand der amtlichen Akten (Polizeirapport, Fotodossier, Unfallplan usw.). Zus\u00e4tzlich ben\u00f6tigen wir die Schadenunterlagen der beteiligten Fahrzeuge (Expertisen, Fotos, Schadenkalkulationen). Die Vollst\u00e4ndigkeit und die Qualit\u00e4t der verf\u00fcgbaren Beurteilungsunterlagen entscheiden im Einzelfall \u00fcber die M\u00f6glichkeiten und Grenzen einer Rekonstruktion des Unfallablaufes.\r\n\r\n<\/div>\r\n<\/article>[\/vc_column_text][vc_column_text]\r\n<h3>Meine Fachgebiete:<\/h3>\r\n<strong>Hauptfachgebiet<\/strong>\r\n\r\nHeck-, Seiten- und Frontkollisionen\r\n\r\n<strong>Nebenfachgebiete<\/strong>\r\n\r\nZweiradkollisionen, wie z.B. Fahrrad und Motorr\u00e4der\r\n\r\nUnfallverletzungen, wie z.B. HWS-Verletzungen\r\n\r\n<strong>Interessenfachgebiet<\/strong>\r\n\r\nReifensch\u00e4den, u.a. auch Radandrehspuren\r\n\r\n&nbsp;\r\n\r\nMein B\u00fcro ist mit verschiedenen technischen Hilfsmittel ausgestattet. Softwaretechnisch werden alle g\u00e4ngigen Softwareanwendungen der Unfallrekonstruktion unterst\u00fctzt.[\/vc_column_text][\/vc_column][\/vc_row]\t\t\t\t\t\t\t\t<\/div>\n\t\t\t\t<\/div>\n\t\t\t\t\t<\/div>\n\t\t<\/div>\n\t\t\t\t\t<\/div>\n\t\t<\/section>\n\t\t\t\t<\/div>\n\t\t","protected":false},"excerpt":{"rendered":"<p>Einf\u00fchrung in die Unfallrekonstruktion Die Unfallrekonstruktion ist ein wissenschaftlicher Prozess, bei dem Beweise analysiert und interpretiert werden, um die Ursache und den Ablauf der Ereignisse zu bestimmen, die zu einem Unfall gef\u00fchrt haben. Bei diesem Prozess werden in der Regel physische Beweise wie Reifenspuren, Fahrzeugsch\u00e4den und Zeugenaussagen gesammelt und anhand dieser Informationen eine detaillierte Rekonstruktion&hellip;<\/p>\n","protected":false},"author":1,"featured_media":0,"parent":0,"menu_order":0,"comment_status":"closed","ping_status":"closed","template":"","meta":{"footnotes":""},"class_list":["post-13024","page","type-page","status-publish","hentry"],"yoast_head":"<!-- This site is optimized with the Yoast SEO Premium plugin v24.9 (Yoast SEO v24.9) - https:\/\/yoast.com\/wordpress\/plugins\/seo\/ -->\n<title>unfallanalytisches gutachten kosten, unfallanalytisches gutachten tipps, gutachten unfallhergang,biomechanisches gutachten,unfallanalytisches gutachten verkehrsunfall, unfallanalytisches sachverst\u00e4ndigengutachten, unfallrekonstruktion<\/title>\n<meta name=\"description\" content=\"unfallanalytisches gutachten kosten, unfallanalytisches gutachten tipps, gutachten unfallhergang,biomechanisches gutachten,unfallanalytisches gutachten verkehrsunfall, unfallanalytisches sachverst\u00e4ndigengutachten, unfallrekonstruktion\" \/>\n<meta name=\"robots\" content=\"index, follow, max-snippet:-1, max-image-preview:large, max-video-preview:-1\" \/>\n<link rel=\"canonical\" href=\"https:\/\/unfallforensik.com\/kfz\/unfallanalytik\/\" \/>\n<meta property=\"og:locale\" content=\"de_DE\" \/>\n<meta property=\"og:type\" content=\"article\" \/>\n<meta property=\"og:title\" content=\"Unfallanalytik\" \/>\n<meta property=\"og:description\" content=\"unfallanalytisches gutachten kosten, unfallanalytisches gutachten tipps, gutachten unfallhergang,biomechanisches gutachten,unfallanalytisches gutachten verkehrsunfall, unfallanalytisches sachverst\u00e4ndigengutachten, unfallrekonstruktion\" \/>\n<meta property=\"og:url\" content=\"https:\/\/unfallforensik.com\/kfz\/unfallanalytik\/\" \/>\n<meta property=\"og:site_name\" content=\"KFZ Gutachter Unfallforensik, unfallanalytisches Gutachten, Unfallanalyse, Sachverst\u00e4ndiger, Unfallrekonstruktion\" \/>\n<meta property=\"article:modified_time\" content=\"2023-11-02T10:19:58+00:00\" \/>\n<meta name=\"twitter:card\" content=\"summary_large_image\" \/>\n<meta name=\"twitter:label1\" content=\"Gesch\u00e4tzte Lesezeit\" \/>\n\t<meta name=\"twitter:data1\" content=\"7\u00a0Minuten\" \/>\n<script type=\"application\/ld+json\" class=\"yoast-schema-graph\">{\"@context\":\"https:\/\/schema.org\",\"@graph\":[{\"@type\":\"WebPage\",\"@id\":\"https:\/\/unfallforensik.com\/kfz\/unfallanalytik\/\",\"url\":\"https:\/\/unfallforensik.com\/kfz\/unfallanalytik\/\",\"name\":\"unfallanalytisches gutachten kosten, unfallanalytisches gutachten tipps, gutachten unfallhergang,biomechanisches gutachten,unfallanalytisches gutachten verkehrsunfall, unfallanalytisches sachverst\u00e4ndigengutachten, unfallrekonstruktion\",\"isPartOf\":{\"@id\":\"https:\/\/unfallforensik.com\/kfz\/#website\"},\"datePublished\":\"2016-02-21T07:18:26+00:00\",\"dateModified\":\"2023-11-02T10:19:58+00:00\",\"description\":\"unfallanalytisches gutachten kosten, unfallanalytisches gutachten tipps, gutachten unfallhergang,biomechanisches gutachten,unfallanalytisches gutachten verkehrsunfall, unfallanalytisches sachverst\u00e4ndigengutachten, unfallrekonstruktion\",\"breadcrumb\":{\"@id\":\"https:\/\/unfallforensik.com\/kfz\/unfallanalytik\/#breadcrumb\"},\"inLanguage\":\"de\",\"potentialAction\":[{\"@type\":\"ReadAction\",\"target\":[\"https:\/\/unfallforensik.com\/kfz\/unfallanalytik\/\"]}]},{\"@type\":\"BreadcrumbList\",\"@id\":\"https:\/\/unfallforensik.com\/kfz\/unfallanalytik\/#breadcrumb\",\"itemListElement\":[{\"@type\":\"ListItem\",\"position\":1,\"name\":\"Home\",\"item\":\"https:\/\/unfallforensik.com\/kfz\/\"},{\"@type\":\"ListItem\",\"position\":2,\"name\":\"Unfallanalytik\"}]},{\"@type\":\"WebSite\",\"@id\":\"https:\/\/unfallforensik.com\/kfz\/#website\",\"url\":\"https:\/\/unfallforensik.com\/kfz\/\",\"name\":\"KFZ Gutachter Unfallforensik, unfallanalytisches Gutachten, Unfallanalyse, Sachverst\u00e4ndiger, Unfallrekonstruktion\",\"description\":\"KFZ Gutachter,Unfallschaden,Unfallrekonstruktion,unfallanalytisches Verfahren\",\"publisher\":{\"@id\":\"https:\/\/unfallforensik.com\/kfz\/#organization\"},\"potentialAction\":[{\"@type\":\"SearchAction\",\"target\":{\"@type\":\"EntryPoint\",\"urlTemplate\":\"https:\/\/unfallforensik.com\/kfz\/?s={search_term_string}\"},\"query-input\":{\"@type\":\"PropertyValueSpecification\",\"valueRequired\":true,\"valueName\":\"search_term_string\"}}],\"inLanguage\":\"de\"},{\"@type\":\"Organization\",\"@id\":\"https:\/\/unfallforensik.com\/kfz\/#organization\",\"name\":\"KFZ Gutachter Unfallforensik, unfallanalytisches Gutachten, Unfallanalyse, Sachverst\u00e4ndiger, Unfallrekonstruktion\",\"url\":\"https:\/\/unfallforensik.com\/kfz\/\",\"logo\":{\"@type\":\"ImageObject\",\"inLanguage\":\"de\",\"@id\":\"https:\/\/unfallforensik.com\/kfz\/#\/schema\/logo\/image\/\",\"url\":\"https:\/\/unfallforensik.com\/kfz\/wp-content\/uploads\/2022\/05\/logo57.png\",\"contentUrl\":\"https:\/\/unfallforensik.com\/kfz\/wp-content\/uploads\/2022\/05\/logo57.png\",\"width\":57,\"height\":57,\"caption\":\"KFZ Gutachter Unfallforensik, unfallanalytisches Gutachten, Unfallanalyse, Sachverst\u00e4ndiger, Unfallrekonstruktion\"},\"image\":{\"@id\":\"https:\/\/unfallforensik.com\/kfz\/#\/schema\/logo\/image\/\"}}]}<\/script>\n<!-- \/ Yoast SEO Premium plugin. -->","yoast_head_json":{"title":"unfallanalytisches gutachten kosten, unfallanalytisches gutachten tipps, gutachten unfallhergang,biomechanisches gutachten,unfallanalytisches gutachten verkehrsunfall, unfallanalytisches sachverst\u00e4ndigengutachten, unfallrekonstruktion","description":"unfallanalytisches gutachten kosten, unfallanalytisches gutachten tipps, gutachten unfallhergang,biomechanisches gutachten,unfallanalytisches gutachten verkehrsunfall, unfallanalytisches sachverst\u00e4ndigengutachten, unfallrekonstruktion","robots":{"index":"index","follow":"follow","max-snippet":"max-snippet:-1","max-image-preview":"max-image-preview:large","max-video-preview":"max-video-preview:-1"},"canonical":"https:\/\/unfallforensik.com\/kfz\/unfallanalytik\/","og_locale":"de_DE","og_type":"article","og_title":"Unfallanalytik","og_description":"unfallanalytisches gutachten kosten, unfallanalytisches gutachten tipps, gutachten unfallhergang,biomechanisches gutachten,unfallanalytisches gutachten verkehrsunfall, unfallanalytisches sachverst\u00e4ndigengutachten, unfallrekonstruktion","og_url":"https:\/\/unfallforensik.com\/kfz\/unfallanalytik\/","og_site_name":"KFZ Gutachter Unfallforensik, unfallanalytisches Gutachten, Unfallanalyse, Sachverst\u00e4ndiger, Unfallrekonstruktion","article_modified_time":"2023-11-02T10:19:58+00:00","twitter_card":"summary_large_image","twitter_misc":{"Gesch\u00e4tzte Lesezeit":"7\u00a0Minuten"},"schema":{"@context":"https:\/\/schema.org","@graph":[{"@type":"WebPage","@id":"https:\/\/unfallforensik.com\/kfz\/unfallanalytik\/","url":"https:\/\/unfallforensik.com\/kfz\/unfallanalytik\/","name":"unfallanalytisches gutachten kosten, unfallanalytisches gutachten tipps, gutachten unfallhergang,biomechanisches gutachten,unfallanalytisches gutachten verkehrsunfall, unfallanalytisches sachverst\u00e4ndigengutachten, unfallrekonstruktion","isPartOf":{"@id":"https:\/\/unfallforensik.com\/kfz\/#website"},"datePublished":"2016-02-21T07:18:26+00:00","dateModified":"2023-11-02T10:19:58+00:00","description":"unfallanalytisches gutachten kosten, unfallanalytisches gutachten tipps, gutachten unfallhergang,biomechanisches gutachten,unfallanalytisches gutachten verkehrsunfall, unfallanalytisches sachverst\u00e4ndigengutachten, unfallrekonstruktion","breadcrumb":{"@id":"https:\/\/unfallforensik.com\/kfz\/unfallanalytik\/#breadcrumb"},"inLanguage":"de","potentialAction":[{"@type":"ReadAction","target":["https:\/\/unfallforensik.com\/kfz\/unfallanalytik\/"]}]},{"@type":"BreadcrumbList","@id":"https:\/\/unfallforensik.com\/kfz\/unfallanalytik\/#breadcrumb","itemListElement":[{"@type":"ListItem","position":1,"name":"Home","item":"https:\/\/unfallforensik.com\/kfz\/"},{"@type":"ListItem","position":2,"name":"Unfallanalytik"}]},{"@type":"WebSite","@id":"https:\/\/unfallforensik.com\/kfz\/#website","url":"https:\/\/unfallforensik.com\/kfz\/","name":"KFZ Gutachter Unfallforensik, unfallanalytisches Gutachten, Unfallanalyse, Sachverst\u00e4ndiger, Unfallrekonstruktion","description":"KFZ Gutachter,Unfallschaden,Unfallrekonstruktion,unfallanalytisches Verfahren","publisher":{"@id":"https:\/\/unfallforensik.com\/kfz\/#organization"},"potentialAction":[{"@type":"SearchAction","target":{"@type":"EntryPoint","urlTemplate":"https:\/\/unfallforensik.com\/kfz\/?s={search_term_string}"},"query-input":{"@type":"PropertyValueSpecification","valueRequired":true,"valueName":"search_term_string"}}],"inLanguage":"de"},{"@type":"Organization","@id":"https:\/\/unfallforensik.com\/kfz\/#organization","name":"KFZ Gutachter Unfallforensik, unfallanalytisches Gutachten, Unfallanalyse, Sachverst\u00e4ndiger, Unfallrekonstruktion","url":"https:\/\/unfallforensik.com\/kfz\/","logo":{"@type":"ImageObject","inLanguage":"de","@id":"https:\/\/unfallforensik.com\/kfz\/#\/schema\/logo\/image\/","url":"https:\/\/unfallforensik.com\/kfz\/wp-content\/uploads\/2022\/05\/logo57.png","contentUrl":"https:\/\/unfallforensik.com\/kfz\/wp-content\/uploads\/2022\/05\/logo57.png","width":57,"height":57,"caption":"KFZ Gutachter Unfallforensik, unfallanalytisches Gutachten, Unfallanalyse, Sachverst\u00e4ndiger, Unfallrekonstruktion"},"image":{"@id":"https:\/\/unfallforensik.com\/kfz\/#\/schema\/logo\/image\/"}}]}},"_links":{"self":[{"href":"https:\/\/unfallforensik.com\/kfz\/wp-json\/wp\/v2\/pages\/13024","targetHints":{"allow":["GET"]}}],"collection":[{"href":"https:\/\/unfallforensik.com\/kfz\/wp-json\/wp\/v2\/pages"}],"about":[{"href":"https:\/\/unfallforensik.com\/kfz\/wp-json\/wp\/v2\/types\/page"}],"author":[{"embeddable":true,"href":"https:\/\/unfallforensik.com\/kfz\/wp-json\/wp\/v2\/users\/1"}],"replies":[{"embeddable":true,"href":"https:\/\/unfallforensik.com\/kfz\/wp-json\/wp\/v2\/comments?post=13024"}],"version-history":[{"count":3,"href":"https:\/\/unfallforensik.com\/kfz\/wp-json\/wp\/v2\/pages\/13024\/revisions"}],"predecessor-version":[{"id":15619,"href":"https:\/\/unfallforensik.com\/kfz\/wp-json\/wp\/v2\/pages\/13024\/revisions\/15619"}],"wp:attachment":[{"href":"https:\/\/unfallforensik.com\/kfz\/wp-json\/wp\/v2\/media?parent=13024"}],"curies":[{"name":"wp","href":"https:\/\/api.w.org\/{rel}","templated":true}]}}